{"id":986,"date":"2020-07-28T09:32:38","date_gmt":"2020-07-28T09:32:38","guid":{"rendered":"https:\/\/capvert.com.tn\/?post_type=product&#038;p=986"},"modified":"2021-08-28T08:11:08","modified_gmt":"2021-08-28T08:11:08","slug":"jacaranda-mimosifolia","status":"publish","type":"product","link":"https:\/\/capvert.com.tn\/index.php\/produit\/jacaranda-mimosifolia\/","title":{"rendered":"Flamboyant Bleu"},"content":{"rendered":"<p><strong><span style=\"color: #000000;\">\u00a0 \u00a0 <span style=\"color: #993366;\">Le jacaranda est un arbre subtropical fr\u00e9quent en M\u00e9diterran\u00e9e, dot\u00e9 d\u2019une superbe floraison mauve de mai \u00e0 juillet et de fruits ligneux s\u2019ouvrant comme une hu\u00eetre. Ses feuilles de foug\u00e8re et sa couronne a\u00e9r\u00e9e lui donnent une allure l\u00e9g\u00e8re \u00e9l\u00e9gante.<\/span><\/span><\/strong><\/p>\n<p><span style=\"color: #000000;\"><strong>Nom Scientifique<\/strong>: Jacaranda mimosifolia<\/span><br \/>\n<span style=\"color: #000000;\"><strong>Origine<\/strong> : Br\u00e9sil, Paraguay, Uruguay, Bolivie, Argentine<\/span><br \/>\n<span style=\"color: #000000;\"><strong>Type de plante<\/strong> : Arbre \u25b6 Arbre \u00e0 fleurs<\/span><\/p>\n<h4><span style=\"color: #ff00b3;\"><strong>Caract\u00e9ristiques essentielles :<\/strong><\/span><\/h4>\n<p><strong><span style=\"color: #99cc00;\">Esth\u00e9tique<\/span><\/strong><br \/>\n<span style=\"color: #000000;\"><strong>Hauteur \u00e0 maturit\u00e9<\/strong>: &gt; 10 m<\/span><br \/>\n<span style=\"color: #000000;\"><strong>Couleur des fleurs<\/strong>:<img decoding=\"async\" class=\"c-cs-product-facets__value-img\" src=\"https:\/\/www.willemsefrance.fr\/files\/126284\/_ico-couleurs\/bleu.png\" alt=\" Bleu\" \/> Bleu-mauve<\/span><br \/>\n<span style=\"color: #000000;\"><strong>Couleur des feuilles<\/strong>: vert<\/span><br \/>\n<span style=\"color: #000000;\"><strong>Feuillage<\/strong>:<img decoding=\"async\" class=\"c-cs-product-facets__value-img\" src=\"https:\/\/www.willemsefrance.fr\/files\/126284\/pictos-fiche-produit\/flagFeuillagePersist.png\" alt=\" Feuillage persistant\" \/>feuillage caduc<\/span><br \/>\n<strong><span style=\"color: #000000;\">Type d\u2019utilisation:<\/span><\/strong><\/p>\n<p><span style=\"color: #000000;\"> <img decoding=\"async\" class=\"c-cs-product-facets__value-img\" src=\"https:\/\/www.willemsefrance.fr\/files\/126284\/pictos-fiche-produit\/LIBUTI-deco-interieur.png\" alt=\" D\u00e9coration int\u00e9rieure\" \/>D\u00e9coration int\u00e9rieure, exterieur;<br \/>\n<img decoding=\"async\" class=\"c-cs-product-facets__value-img\" src=\"https:\/\/www.willemsefrance.fr\/files\/126284\/pictos-fiche-produit\/LIBUTI-Jardiniere.png\" alt=\" Jardini\u00e8re\" \/> Jardini\u00e8re<\/span><\/p>\n<p><strong><span style=\"color: #99cc00;\">Jardinage<\/span><\/strong><br \/>\n<span style=\"color: #000000;\"><strong>P\u00e9riode de plantation<\/strong>:Toute l&rsquo;ann\u00e9e\u00a0<\/span><br \/>\n<span style=\"color: #000000;\"><strong>P\u00e9riode de fluorisation:<\/strong> Mai,Juin, Julliet,sept.<\/span><br \/>\n<span style=\"color: #000000;\"><strong>P\u00e9riode de taillage:<\/strong> Hiver<\/span><br \/>\n<span style=\"color: #000000;\"><strong>Plante d\u00e9polluante<\/strong>:<img decoding=\"async\" class=\"c-cs-product-facets__value-img\" src=\"https:\/\/www.willemsefrance.fr\/files\/126284\/pictos-fiche-produit\/flagDepolluante.png\" alt=\" Plante d\u00e9polluante\" \/> Plante d\u00e9polluante<\/span><br \/>\n<span style=\"color: #000000;\"><strong>Niveau d\u2019arrosage<\/strong>:<img decoding=\"async\" class=\"c-cs-product-facets__value-img\" src=\"https:\/\/www.willemsefrance.fr\/files\/126284\/pictos-fiche-produit\/arrosage-3.png\" alt=\" moyen\" \/>mod\u00e9r\u00e9<\/span><br \/>\n<span style=\"color: #000000;\"><strong>Niveau de soin:<\/strong><img decoding=\"async\" class=\"c-cs-product-facets__value-img\" src=\"https:\/\/www.willemsefrance.fr\/files\/126284\/pictos-fiche-produit\/entretien-2.png\" alt=\" facile\" \/> facile<\/span><br \/>\n<span style=\"color: #000000;\"><strong>croissance:<\/strong> rapide<\/span><br \/>\n<strong><span style=\"color: #000000;\">Jardinage:<\/span><\/strong><br \/>\n<span class=\"c-cs-product-facets__value-text\" style=\"color: #000000;\">\u00a0 \u00a0 \u00a0 \u00a0<img decoding=\"async\" class=\"c-cs-product-facets__value-img\" src=\"https:\/\/www.willemsefrance.fr\/files\/126284\/pictos-fiche-produit\/culture-possible-en-pot-ou-en-bac.png\" alt=\" culture possible en pot, en bac\" \/>culture possible en plein terre\u00a0<\/span><\/p>\n<p><strong><span style=\"color: #99cc00;\">Emplacement<\/span><\/strong><br \/>\n<strong><span style=\"color: #000000;\">Ensoleillement:<\/span><\/strong><br \/>\n<span class=\"c-cs-product-facets__value-text\" style=\"color: #000000;\">\u00a0 \u00a0 \u00a0 \u00a0<img decoding=\"async\" class=\"c-cs-product-facets__value-img\" src=\"https:\/\/www.willemsefrance.fr\/files\/126284\/pictos-fiche-produit\/conseille-pour-le-plein-soleil.png\" alt=\" conseill\u00e9 pour le plein soleil\" \/>conseill\u00e9 pour le plein soleil<br \/>\n<strong>Type de sol:<\/strong><br \/>\n<span class=\"c-cs-product-facets__value-text\">\u00a0 \u00a0 \u00a0 \u00a0<img decoding=\"async\" class=\"c-cs-product-facets__value-img\" src=\"https:\/\/www.willemsefrance.fr\/files\/126284\/pictos-fiche-produit\/tout-sol.png\" alt=\" Tout type\" \/>Tout type<br \/>\n<span class=\"c-cs-product-facets__value-text\">\u00a0 \u00a0 \u00a0 \u00a0<img decoding=\"async\" class=\"c-cs-product-facets__value-img\" src=\"https:\/\/www.willemsefrance.fr\/files\/126284\/pictos-fiche-produit\/Sol-argileux.png\" alt=\" Argileux\" \/>Sol argileux<br \/>\n<span class=\"c-cs-product-facets__value-text\">\u00a0 \u00a0 \u00a0 \u00a0<img decoding=\"async\" class=\"c-cs-product-facets__value-img\" src=\"https:\/\/www.willemsefrance.fr\/files\/126284\/pictos-fiche-produit\/Sol-calcaire.png\" alt=\" Calcaire\" \/>Sol calcaire<br \/>\n<span class=\"c-cs-product-facets__value-text\">\u00a0 \u00a0 \u00a0 \u00a0<img decoding=\"async\" class=\"c-cs-product-facets__value-img\" src=\"https:\/\/www.willemsefrance.fr\/files\/126284\/pictos-fiche-produit\/sol-sableux.png\" alt=\" Sableux\" \/>Sol sableux<br \/>\n<span class=\"c-cs-product-facets__value-text\">\u00a0 \u00a0 \u00a0 \u00a0<img decoding=\"async\" class=\"c-cs-product-facets__value-img\" src=\"https:\/\/www.willemsefrance.fr\/files\/126284\/pictos-fiche-produit\/Sol-sec.png\" alt=\" sol sec\" \/>Sol caillouteux<br \/>\n<strong>Type de climat:<\/strong><br \/>\n<span class=\"c-cs-product-facets__value-text\">\u00a0 \u00a0 \u00a0 \u00a0<img decoding=\"async\" class=\"c-cs-product-facets__value-img\" src=\"https:\/\/www.willemsefrance.fr\/files\/126284\/pictos-fiche-produit\/LIBCLIMAT-mediterraneen.png\" alt=\" R\u00e9gion m\u00e9diterran\u00e9enne\" \/> climat\u00a0 m\u00e9diterran\u00e9en<\/p>\n<p><\/span><\/span><\/span><\/span><\/span><\/span><\/span><\/p>\n","protected":false},"excerpt":{"rendered":"<h4><span style=\"color: #000000;\"><strong>pot: <\/strong><\/span>\u00d8 40 cm<\/h4>\n<h4><span style=\"color: #000000;\"><strong>hauteur: 3 m\u00a0<\/strong><\/span><\/h4>\n","protected":false},"featured_media":1011,"comment_status":"open","ping_status":"closed","template":"","meta":[],"product_brand":[],"product_cat":[75,55,80,79],"product_tag":[],"class_list":{"0":"post-986","1":"product","2":"type-product","3":"status-publish","4":"has-post-thumbnail","6":"product_cat-arbres-dalignements","7":"product_cat-plantes-dexterieur","8":"product_cat-plantes-et-arbres-de-haies","9":"product_cat-plantes-vivaces","10":"","12":"first","13":"instock","14":"shipping-taxable","15":"purchasable","16":"product-type-simple"},"_links":{"self":[{"href":"https:\/\/capvert.com.tn\/index.php\/wp-json\/wp\/v2\/product\/986","targetHints":{"allow":["GET"]}}],"collection":[{"href":"https:\/\/capvert.com.tn\/index.php\/wp-json\/wp\/v2\/product"}],"about":[{"href":"https:\/\/capvert.com.tn\/index.php\/wp-json\/wp\/v2\/types\/product"}],"replies":[{"embeddable":true,"href":"https:\/\/capvert.com.tn\/index.php\/wp-json\/wp\/v2\/comments?post=986"}],"wp:featuredmedia":[{"embeddable":true,"href":"https:\/\/capvert.com.tn\/index.php\/wp-json\/wp\/v2\/media\/1011"}],"wp:attachment":[{"href":"https:\/\/capvert.com.tn\/index.php\/wp-json\/wp\/v2\/media?parent=986"}],"wp:term":[{"taxonomy":"product_brand","embeddable":true,"href":"https:\/\/capvert.com.tn\/index.php\/wp-json\/wp\/v2\/product_brand?post=986"},{"taxonomy":"product_cat","embeddable":true,"href":"https:\/\/capvert.com.tn\/index.php\/wp-json\/wp\/v2\/product_cat?post=986"},{"taxonomy":"product_tag","embeddable":true,"href":"https:\/\/capvert.com.tn\/index.php\/wp-json\/wp\/v2\/product_tag?post=986"}],"curies":[{"name":"wp","href":"https:\/\/api.w.org\/{rel}","templated":true}]}}