{"id":972,"date":"2023-05-26T09:48:58","date_gmt":"2023-05-26T09:48:58","guid":{"rendered":"https:\/\/capvert.com.tn\/?post_type=product&#038;p=972"},"modified":"2024-07-30T10:40:49","modified_gmt":"2024-07-30T10:40:49","slug":"vitex-purpurea","status":"publish","type":"product","link":"https:\/\/capvert.com.tn\/index.php\/produit\/vitex-purpurea\/","title":{"rendered":"Vitex trifolia &lsquo;Purpurea&rsquo;"},"content":{"rendered":"<p><span style=\"color: #000000;\"><strong>Nom Scientifique :<\/strong> Vitex trifolia &lsquo;Purpurea&rsquo;<\/span><br \/>\n<span style=\"color: #000000;\"><strong>Type de plante :\u00a0<\/strong> arbuste, petit arbre<\/span><br \/>\n<span style=\"color: #000000;\"><strong>V\u00e9g\u00e9tation :<\/strong> Vivace<\/span><br \/>\n<span style=\"color: #000000;\"><strong>Origine :<\/strong> Afrique de l\u2019est, Polyn\u00e9sie fran\u00e7aise<\/span><\/p>\n<h4><span style=\"color: #ff00ff;\"><strong>Caract\u00e9ristiques essentielles :<\/strong><\/span><\/h4>\n<p><strong><span style=\"color: #99cc00;\">Esth\u00e9tique<br \/>\n<\/span><\/strong><span style=\"color: #000000;\"><strong>Hauteur \u00e0 maturit\u00e9<\/strong>: 4m &#8211; 5m<\/span><br \/>\n<span style=\"color: #000000;\"><strong>Couleur des fleurs<\/strong>:<img decoding=\"async\" class=\"c-cs-product-facets__value-img\" src=\"https:\/\/www.willemsefrance.fr\/files\/126284\/_ico-couleurs\/violet.png\" alt=\" Violet\" \/> bleu-violet<\/span><br \/>\n<span style=\"color: #000000;\"><strong>Couleur des feuilles<\/strong>:<img decoding=\"async\" class=\"c-cs-product-facets__value-img\" src=\"https:\/\/www.willemsefrance.fr\/files\/126284\/_ico-couleurs\/violet.png\" alt=\" Violet\" \/> Violet<\/span><br \/>\n<span style=\"color: #000000;\"><strong>Feuillage:<\/strong><img decoding=\"async\" class=\"c-cs-product-facets__value-img\" src=\"https:\/\/www.willemsefrance.fr\/files\/126284\/pictos-fiche-produit\/flagFeuillagePersist.png\" alt=\" Feuillage persistant\" \/>Feuillage persistant<\/span><br \/>\n<strong><span style=\"color: #000000;\">Type d\u2019utilisation:<\/span><\/strong><br \/>\n<span class=\"c-cs-product-facets__value-text\" style=\"color: #000000;\">\u00a0 \u00a0 \u00a0 \u00a0 \u00a0 \u00a0 \u00a0 \u00a0 \u00a0 \u00a0 \u00a0 \u00a0 \u00a0 \u00a0<img decoding=\"async\" class=\"c-cs-product-facets__value-img\" src=\"https:\/\/www.willemsefrance.fr\/files\/126284\/pictos-fiche-produit\/LIBUTI-deco-interieur.png\" alt=\" D\u00e9coration int\u00e9rieure\" \/>D\u00e9coration ext\u00e9rieur\u00a0<\/span><br \/>\n<span class=\"c-cs-product-facets__value-text\" style=\"color: #000000;\">\u00a0 \u00a0 \u00a0 \u00a0 \u00a0 \u00a0 \u00a0 \u00a0 \u00a0 \u00a0 \u00a0 \u00a0 \u00a0 <img decoding=\"async\" class=\"c-cs-product-facets__value-img\" src=\"https:\/\/www.willemsefrance.fr\/files\/126284\/pictos-fiche-produit\/LIBUTI-Jardiniere.png\" alt=\" Jardini\u00e8re\" \/><span class=\"c-cs-product-facets__value-text\">Jardini\u00e8re<br \/>\n<span class=\"c-cs-product-facets__value-text\">\u00a0 \u00a0 \u00a0 \u00a0 \u00a0 \u00a0 \u00a0 \u00a0 \u00a0 \u00a0 \u00a0 \u00a0 \u00a0 <img decoding=\"async\" class=\"c-cs-product-facets__value-img\" src=\"https:\/\/www.willemsefrance.fr\/files\/126284\/pictos-fiche-produit\/LIBUTI-Grimpante.png\" alt=\" Grimpante\" \/>Grimpante<\/span><\/span><\/span><\/p>\n<p><strong><span style=\"color: #99cc00;\">Jardinage<\/span><\/strong><br \/>\n<span style=\"color: #000000;\"><strong>P\u00e9riode de plantation<\/strong>:Toute l&rsquo;ann\u00e9e\u00a0<\/span><br \/>\n<span style=\"color: #000000;\"><strong>P\u00e9riode de fluorisation<\/strong>: fin d\u2019\u00e9t\u00e9 (Juillet, Ao\u00fbt, Septembre, Octobre)<\/span><br \/>\n<span style=\"color: #000000;\"><strong>Plante d\u00e9polluante<\/strong>:<img decoding=\"async\" class=\"c-cs-product-facets__value-img\" src=\"https:\/\/www.willemsefrance.fr\/files\/126284\/pictos-fiche-produit\/flagDepolluante.png\" alt=\" Plante d\u00e9polluante\" \/><span class=\"c-cs-product-facets__value-text\">Plante d\u00e9polluante<br \/>\n<strong>Niveau d\u2019arrosage<\/strong>: <img decoding=\"async\" class=\"c-cs-product-facets__value-img\" src=\"https:\/\/www.willemsefrance.fr\/files\/126284\/pictos-fiche-produit\/arrosage-3.png\" alt=\" moyen\" \/><span class=\"c-cs-product-facets__value-text\">moyen<br \/>\n<strong>Niveau de soin:<\/strong>\u00a0<img decoding=\"async\" class=\"c-cs-product-facets__value-img\" src=\"https:\/\/www.willemsefrance.fr\/files\/126284\/pictos-fiche-produit\/entretien-2.png\" alt=\" facile\" \/><span class=\"c-cs-product-facets__value-text\">facile<br \/>\n<strong>Croissance<\/strong>:\u00a0<span class=\"bulle_info2\">Normale<br \/>\n<strong>Jardinage<\/strong>:<img decoding=\"async\" class=\"c-cs-product-facets__value-img\" src=\"https:\/\/www.willemsefrance.fr\/files\/126284\/pictos-fiche-produit\/culture-possible-en-pot-ou-en-bac.png\" alt=\" culture possible en pot, en bac\" \/><span class=\"c-cs-product-facets__value-text\">culture en plein terre ou en pot\u00a0<\/span><\/span><\/span><\/span><\/span><\/span><\/p>\n<p><strong><span style=\"color: #99cc00;\">Emplacement<\/span><\/strong><br \/>\n<strong><span style=\"color: #000000;\">Ensoleillement:<\/span><\/strong><br \/>\n<span class=\"c-cs-product-facets__value-text\" style=\"color: #000000;\">\u00a0 \u00a0 \u00a0 \u00a0 \u00a0 \u00a0 \u00a0 \u00a0 \u00a0 \u00a0 \u00a0 \u00a0 \u00a0 <img decoding=\"async\" class=\"c-cs-product-facets__value-img\" src=\"https:\/\/www.willemsefrance.fr\/files\/126284\/pictos-fiche-produit\/conseille-pour-le-plein-soleil.png\" alt=\" conseill\u00e9 pour le plein soleil\" \/>conseill\u00e9 pour le plein soleil<br \/>\n<span class=\"c-cs-product-facets__value-text\">\u00a0 \u00a0 \u00a0 \u00a0 \u00a0 \u00a0 \u00a0 \u00a0 \u00a0 \u00a0 \u00a0 \u00a0 \u00a0 <img decoding=\"async\" class=\"c-cs-product-facets__value-img\" src=\"https:\/\/www.willemsefrance.fr\/files\/126284\/pictos-fiche-produit\/conseille-pour-la-mi-ombre.png\" alt=\" conseill\u00e9 pour la mi-ombre\" \/><span class=\"c-cs-product-facets__value-text\">conseill\u00e9 pour la mi-ombre<br \/>\n<strong>Type de sol:<\/strong><br \/>\n<span class=\"c-cs-product-facets__value-text\">\u00a0 \u00a0 \u00a0 \u00a0 \u00a0 \u00a0 \u00a0 \u00a0 \u00a0 \u00a0 \u00a0 \u00a0 \u00a0 <img decoding=\"async\" class=\"c-cs-product-facets__value-img\" src=\"https:\/\/www.willemsefrance.fr\/files\/126284\/pictos-fiche-produit\/tout-sol.png\" alt=\" Tout type\" \/> Tout type<br \/>\n<span class=\"c-cs-product-facets__value-text\">\u00a0 \u00a0 \u00a0 \u00a0 \u00a0 \u00a0 \u00a0 \u00a0 \u00a0 \u00a0 \u00a0 \u00a0 \u00a0 <img decoding=\"async\" class=\"c-cs-product-facets__value-img\" src=\"https:\/\/www.willemsefrance.fr\/files\/126284\/pictos-fiche-produit\/sol-ordinaire.png\" alt=\" sol ordinaire de bonne qualit\u00e9\" \/>Sol ordinaire mais sec et bien drain\u00e9<\/span><\/span><\/span><\/span><\/span><\/p>\n<p>&nbsp;<\/p>\n","protected":false},"excerpt":{"rendered":"<h4><span style=\"color: #000000;\"><strong>pot: <\/strong><\/span>\u00d8 30 cm<\/h4>\n<h4><span style=\"color: #000000;\"><strong>hauteur: 80cm\u00a0<\/strong><\/span><\/h4>\n<p>&nbsp;<\/p>\n","protected":false},"featured_media":3488,"comment_status":"open","ping_status":"closed","template":"","meta":[],"product_brand":[],"product_cat":[78,55,80],"product_tag":[],"class_list":{"0":"post-972","1":"product","2":"type-product","3":"status-publish","4":"has-post-thumbnail","6":"product_cat-arbuste","7":"product_cat-plantes-dexterieur","8":"product_cat-plantes-et-arbres-de-haies","9":"","11":"first","12":"instock","13":"shipping-taxable","14":"purchasable","15":"product-type-simple"},"_links":{"self":[{"href":"https:\/\/capvert.com.tn\/index.php\/wp-json\/wp\/v2\/product\/972","targetHints":{"allow":["GET"]}}],"collection":[{"href":"https:\/\/capvert.com.tn\/index.php\/wp-json\/wp\/v2\/product"}],"about":[{"href":"https:\/\/capvert.com.tn\/index.php\/wp-json\/wp\/v2\/types\/product"}],"replies":[{"embeddable":true,"href":"https:\/\/capvert.com.tn\/index.php\/wp-json\/wp\/v2\/comments?post=972"}],"wp:featuredmedia":[{"embeddable":true,"href":"https:\/\/capvert.com.tn\/index.php\/wp-json\/wp\/v2\/media\/3488"}],"wp:attachment":[{"href":"https:\/\/capvert.com.tn\/index.php\/wp-json\/wp\/v2\/media?parent=972"}],"wp:term":[{"taxonomy":"product_brand","embeddable":true,"href":"https:\/\/capvert.com.tn\/index.php\/wp-json\/wp\/v2\/product_brand?post=972"},{"taxonomy":"product_cat","embeddable":true,"href":"https:\/\/capvert.com.tn\/index.php\/wp-json\/wp\/v2\/product_cat?post=972"},{"taxonomy":"product_tag","embeddable":true,"href":"https:\/\/capvert.com.tn\/index.php\/wp-json\/wp\/v2\/product_tag?post=972"}],"curies":[{"name":"wp","href":"https:\/\/api.w.org\/{rel}","templated":true}]}}