{"id":944,"date":"2020-06-08T09:44:38","date_gmt":"2020-06-08T09:44:38","guid":{"rendered":"https:\/\/capvert.com.tn\/?post_type=product&#038;p=944"},"modified":"2025-09-15T00:45:14","modified_gmt":"2025-09-15T00:45:14","slug":"chlorophytum","status":"publish","type":"product","link":"https:\/\/capvert.com.tn\/index.php\/produit\/chlorophytum\/","title":{"rendered":"Chlorophytum"},"content":{"rendered":"<p><strong><span style=\"color: #993366;\">\u00a0 \u00a0 \u00a0 \u00a0 \u00a0 \u00a0 \u00a0 \u00a0 \u00a0 \u00a0 \u00a0 Tr\u00e8s largement r\u00e9pandu, le chlorophytum est ornemental par son feuillage panach\u00e9 et par les petites rosettes de jeunes feuilles qui retombent tout autour. Cette plante est l&rsquo;une des plus cultiv\u00e9e en appartement. Tr\u00e8s facile \u00e0 cultiver, il s&rsquo;agira de bien doser les arrosages et de supprimer les feuilles fan\u00e9es. Concernant l&rsquo;arrosage, il doit \u00eatre abondant l&rsquo;\u00e9t\u00e9 (2 \u00e0 3 fois apr semaine) selon la temp\u00e9rature. Placez le chlorophytum de pr\u00e9f\u00e9rence devant une fen\u00eatre . D\u00e9couvrez l&rsquo;alliance parfaite entre style et protection avec notre gamme \u00ab\u00a0Handyh\u00fcllen kaufen | Individuelle Designs &#038; Premium-Schutz\u00a0\u00bb. Am\u00e9liorez votre exp\u00e9rience de vapotage gr\u00e2ce \u00e0 la gamme compl\u00e8te. \u00ab\u00a0<a href=\"https:\/\/www.vapesshop.uk\/product-category\/brands\/randm\/randm-tornado-series\/\">r and m tornado<\/a>,\u00a0\u00bb con\u00e7u pour ceux qui appr\u00e9cient la qualit\u00e9 et l&rsquo;individualit\u00e9.<\/span><\/strong><\/p>\n<p><span style=\"color: #000000;\"><strong>Nom Scientifique :<\/strong><\/span><span class=\"facetvalue\"><span class=\"Facetvaluename\"><span style=\"color: #000000;\">Chlorophytum comosum Atlantic<\/span><br \/>\n<\/span><\/span><span style=\"color: #000000;\"><strong>Type de plante :\u00a0<\/strong> arbuste<\/span><br \/>\n<span style=\"color: #000000;\"><strong>V\u00e9g\u00e9tation :<\/strong> Vivace<\/span><br \/>\n<span style=\"color: #000000;\"><strong>Origine :<\/strong> Afrique de l\u2019est, Polyn\u00e9sie fran\u00e7aise<\/span><\/p>\n<h4><span style=\"color: #ff00ff;\"><strong>Caract\u00e9ristiques essentielles :<\/strong><\/span><\/h4>\n<p><strong><span style=\"color: #99cc00;\">Esth\u00e9tique<br \/>\n<\/span><\/strong><span style=\"color: #000000;\"><strong>Hauteur \u00e0 maturit\u00e9<\/strong>: de 30 cm \u00e0 60 cm<\/span><br \/>\n<span style=\"color: #000000;\"><strong>Couleur des feuilles<\/strong>:<img decoding=\"async\" src=\"https:\/\/www.willemsefrance.fr\/files\/126284\/_ico-couleurs\/multicolor.png\" alt=\" Multicolore\" \/> vert panach\u00e9 en blanc<\/span><br \/>\n<span style=\"color: #000000;\"><strong>Feuillage:<\/strong><img decoding=\"async\" class=\"c-cs-product-facets__value-img\" src=\"https:\/\/www.willemsefrance.fr\/files\/126284\/pictos-fiche-produit\/flagFeuillagePersist.png\" alt=\" Feuillage persistant\" \/>Feuillage persistant<\/span><br \/>\n<strong><span style=\"color: #000000;\">Type d\u2019utilisation:<\/span><\/strong><br \/>\n<span class=\"c-cs-product-facets__value-text\" style=\"color: #000000;\">\u00a0 \u00a0 \u00a0 \u00a0 \u00a0 \u00a0 \u00a0 \u00a0 \u00a0 \u00a0 \u00a0 \u00a0 \u00a0 \u00a0<img decoding=\"async\" class=\"c-cs-product-facets__value-img\" src=\"https:\/\/www.willemsefrance.fr\/files\/126284\/pictos-fiche-produit\/LIBUTI-deco-interieur.png\" alt=\" D\u00e9coration int\u00e9rieure\" \/>D\u00e9coration int\u00e9rieur\u00a0 et jardin d&rsquo;hiver\u00a0<\/span><br \/>\n<span class=\"c-cs-product-facets__value-text\" style=\"color: #000000;\">\u00a0 \u00a0 \u00a0 \u00a0 \u00a0 \u00a0 \u00a0 \u00a0 \u00a0 \u00a0 \u00a0 \u00a0 \u00a0 <img decoding=\"async\" class=\"c-cs-product-facets__value-img\" src=\"https:\/\/www.willemsefrance.fr\/files\/126284\/pictos-fiche-produit\/LIBUTI-Jardiniere.png\" alt=\" Jardini\u00e8re\" \/><span class=\"c-cs-product-facets__value-text\">Jardini\u00e8re<\/span><\/span><\/p>\n<p>&nbsp;<\/p>\n<p><strong><span style=\"color: #99cc00;\">Jardinage<\/span><\/strong><br \/>\n<span style=\"color: #000000;\"><strong>P\u00e9riode de plantation<\/strong>:Toute l&rsquo;ann\u00e9e\u00a0<\/span><br \/>\n<span style=\"color: #000000;\"><strong>Plante d\u00e9polluante<\/strong>:<img decoding=\"async\" class=\"c-cs-product-facets__value-img\" src=\"https:\/\/www.willemsefrance.fr\/files\/126284\/pictos-fiche-produit\/flagDepolluante.png\" alt=\" Plante d\u00e9polluante\" \/><span class=\"c-cs-product-facets__value-text\">Plante d\u00e9polluante<br \/>\n<strong>Niveau d\u2019arrosage<\/strong>: <img decoding=\"async\" class=\"c-cs-product-facets__value-img\" src=\"https:\/\/www.willemsefrance.fr\/files\/126284\/pictos-fiche-produit\/arrosage-3.png\" alt=\" moyen\" \/>moyen<br \/>\n<strong>Niveau de soin:<\/strong>\u00a0<img decoding=\"async\" class=\"c-cs-product-facets__value-img\" src=\"https:\/\/www.willemsefrance.fr\/files\/126284\/pictos-fiche-produit\/entretien-2.png\" alt=\" facile\" \/>facile<br \/>\n<strong>Croissance<\/strong>:\u00a0<span class=\"bulle_info2\">Normale<br \/>\n<strong>Jardinage<\/strong>:<img decoding=\"async\" class=\"c-cs-product-facets__value-img\" src=\"https:\/\/www.willemsefrance.fr\/files\/126284\/pictos-fiche-produit\/culture-possible-en-pot-ou-en-bac.png\" alt=\" culture possible en pot, en bac\" \/>culture en plein terre ou en pot\u00a0<\/span><\/span><\/span><\/p>\n<p><strong><span style=\"color: #99cc00;\">Emplacement<\/span><\/strong><br \/>\n<strong><span style=\"color: #000000;\">Ensoleillement:<\/span><\/strong><span class=\"c-cs-product-facets__value-text\" style=\"color: #000000;\"><br \/>\n<span class=\"c-cs-product-facets__value-text\">\u00a0 \u00a0 \u00a0 \u00a0 \u00a0 \u00a0 \u00a0 \u00a0 \u00a0 \u00a0 \u00a0 \u00a0 \u00a0 <img decoding=\"async\" class=\"c-cs-product-facets__value-img\" src=\"https:\/\/www.willemsefrance.fr\/files\/126284\/pictos-fiche-produit\/conseille-pour-la-mi-ombre.png\" alt=\" conseill\u00e9 pour la mi-ombre\" \/>conseill\u00e9 pour la mi-ombre<br \/>\n<strong>Type de sol:<\/strong><br \/>\n<img decoding=\"async\" class=\"c-cs-product-facets__value-img\" src=\"https:\/\/www.willemsefrance.fr\/files\/126284\/pictos-fiche-produit\/tout-sol.png\" alt=\" Tout type\" \/> Tout type<br \/>\n<img decoding=\"async\" class=\"c-cs-product-facets__value-img\" src=\"https:\/\/www.willemsefrance.fr\/files\/126284\/pictos-fiche-produit\/sol-ordinaire.png\" alt=\" sol ordinaire de bonne qualit\u00e9\" \/>Sol ordinaire mais sec et bien drain\u00e9<\/span><\/span><\/p>\n","protected":false},"excerpt":{"rendered":"<h4><span style=\"color: #000000;\"><strong>pot: <\/strong><\/span>\u00d8 16 cm<\/h4>\n<h4><span style=\"color: #000000;\"><strong>hauteur: 20cm\u00a0<\/strong><\/span><\/h4>\n<p>\u00a0<\/p>\n<div id=\"gtx-trans\" style=\"position: absolute; left: -71px; top: 36.8646px;\">\n<div class=\"gtx-trans-icon\"><\/div>\n<\/div>\n","protected":false},"featured_media":945,"comment_status":"open","ping_status":"closed","template":"","meta":[],"product_brand":[],"product_cat":[15],"product_tag":[],"class_list":{"0":"post-944","1":"product","2":"type-product","3":"status-publish","4":"has-post-thumbnail","6":"product_cat-plantes-dinterieur","7":"","9":"first","10":"instock","11":"shipping-taxable","12":"purchasable","13":"product-type-simple"},"_links":{"self":[{"href":"https:\/\/capvert.com.tn\/index.php\/wp-json\/wp\/v2\/product\/944","targetHints":{"allow":["GET"]}}],"collection":[{"href":"https:\/\/capvert.com.tn\/index.php\/wp-json\/wp\/v2\/product"}],"about":[{"href":"https:\/\/capvert.com.tn\/index.php\/wp-json\/wp\/v2\/types\/product"}],"replies":[{"embeddable":true,"href":"https:\/\/capvert.com.tn\/index.php\/wp-json\/wp\/v2\/comments?post=944"}],"wp:featuredmedia":[{"embeddable":true,"href":"https:\/\/capvert.com.tn\/index.php\/wp-json\/wp\/v2\/media\/945"}],"wp:attachment":[{"href":"https:\/\/capvert.com.tn\/index.php\/wp-json\/wp\/v2\/media?parent=944"}],"wp:term":[{"taxonomy":"product_brand","embeddable":true,"href":"https:\/\/capvert.com.tn\/index.php\/wp-json\/wp\/v2\/product_brand?post=944"},{"taxonomy":"product_cat","embeddable":true,"href":"https:\/\/capvert.com.tn\/index.php\/wp-json\/wp\/v2\/product_cat?post=944"},{"taxonomy":"product_tag","embeddable":true,"href":"https:\/\/capvert.com.tn\/index.php\/wp-json\/wp\/v2\/product_tag?post=944"}],"curies":[{"name":"wp","href":"https:\/\/api.w.org\/{rel}","templated":true}]}}