{"id":3373,"date":"2021-01-25T08:31:15","date_gmt":"2021-01-25T08:31:15","guid":{"rendered":"https:\/\/capvert.com.tn\/?post_type=product&#038;p=3373"},"modified":"2023-04-17T08:50:33","modified_gmt":"2023-04-17T08:50:33","slug":"bac-a-fleurs-rectangulaire-2","status":"publish","type":"product","link":"https:\/\/capvert.com.tn\/index.php\/produit\/bac-a-fleurs-rectangulaire-2\/","title":{"rendered":"Bac \u00e0 fleurs rectangulaire"},"content":{"rendered":"<h4>R\u00e9f : 0024<\/h4>\n<h4>NB\u00a0:Pour les produits en b\u00e9ton, la commande dure de 6 \u00e0 15 jours et selon la quantit\u00e9.<\/h4>\n<h4>Un frais de transport est ajout\u00e9 lors du livraison du mobilier urbain<\/h4>\n","protected":false},"excerpt":{"rendered":"<p>R\u00e9f : 0024 NB\u00a0:Pour les produits en b\u00e9ton, la commande dure de 6 \u00e0 15 jours et selon la quantit\u00e9.&hellip;<\/p>\n","protected":false},"featured_media":0,"comment_status":"open","ping_status":"closed","template":"","meta":[],"product_brand":[],"product_cat":[102],"product_tag":[],"class_list":{"0":"post-3373","1":"product","2":"type-product","3":"status-publish","5":"product_cat-articles-de-decoration-du-jardin","6":"no-thumb","8":"first","9":"instock","10":"shipping-taxable","11":"purchasable","12":"product-type-simple"},"_links":{"self":[{"href":"https:\/\/capvert.com.tn\/index.php\/wp-json\/wp\/v2\/product\/3373","targetHints":{"allow":["GET"]}}],"collection":[{"href":"https:\/\/capvert.com.tn\/index.php\/wp-json\/wp\/v2\/product"}],"about":[{"href":"https:\/\/capvert.com.tn\/index.php\/wp-json\/wp\/v2\/types\/product"}],"replies":[{"embeddable":true,"href":"https:\/\/capvert.com.tn\/index.php\/wp-json\/wp\/v2\/comments?post=3373"}],"wp:attachment":[{"href":"https:\/\/capvert.com.tn\/index.php\/wp-json\/wp\/v2\/media?parent=3373"}],"wp:term":[{"taxonomy":"product_brand","embeddable":true,"href":"https:\/\/capvert.com.tn\/index.php\/wp-json\/wp\/v2\/product_brand?post=3373"},{"taxonomy":"product_cat","embeddable":true,"href":"https:\/\/capvert.com.tn\/index.php\/wp-json\/wp\/v2\/product_cat?post=3373"},{"taxonomy":"product_tag","embeddable":true,"href":"https:\/\/capvert.com.tn\/index.php\/wp-json\/wp\/v2\/product_tag?post=3373"}],"curies":[{"name":"wp","href":"https:\/\/api.w.org\/{rel}","templated":true}]}}