{"id":3372,"date":"2021-01-24T15:12:39","date_gmt":"2021-01-24T15:12:39","guid":{"rendered":"https:\/\/capvert.com.tn\/?post_type=product&#038;p=3372"},"modified":"2023-04-17T08:50:44","modified_gmt":"2023-04-17T08:50:44","slug":"bac-a-fleurs-rectangulaire","status":"publish","type":"product","link":"https:\/\/capvert.com.tn\/index.php\/produit\/bac-a-fleurs-rectangulaire\/","title":{"rendered":"Bac \u00e0 fleurs rectangulaire"},"content":{"rendered":"<h4>NB\u00a0:Pour les produits en b\u00e9ton, la commande dure de 6 \u00e0 15 jours et selon la quantit\u00e9.<\/h4>\n<h4>Un frais de transport est ajout\u00e9 lors du livraison du mobilier urbain<\/h4>\n<h4>la couleur est dans la masse .les couleurs disponibles sont : gris-noir-ros\u00e9-blanc-beige<\/h4>\n","protected":false},"excerpt":{"rendered":"<p>NB\u00a0:Pour les produits en b\u00e9ton, la commande dure de 6 \u00e0 15 jours et selon la quantit\u00e9. Un frais de&hellip;<\/p>\n","protected":false},"featured_media":0,"comment_status":"open","ping_status":"closed","template":"","meta":[],"product_brand":[],"product_cat":[102],"product_tag":[],"class_list":{"0":"post-3372","1":"product","2":"type-product","3":"status-publish","5":"product_cat-articles-de-decoration-du-jardin","6":"no-thumb","8":"first","9":"instock","10":"shipping-taxable","11":"purchasable","12":"product-type-simple"},"_links":{"self":[{"href":"https:\/\/capvert.com.tn\/index.php\/wp-json\/wp\/v2\/product\/3372","targetHints":{"allow":["GET"]}}],"collection":[{"href":"https:\/\/capvert.com.tn\/index.php\/wp-json\/wp\/v2\/product"}],"about":[{"href":"https:\/\/capvert.com.tn\/index.php\/wp-json\/wp\/v2\/types\/product"}],"replies":[{"embeddable":true,"href":"https:\/\/capvert.com.tn\/index.php\/wp-json\/wp\/v2\/comments?post=3372"}],"wp:attachment":[{"href":"https:\/\/capvert.com.tn\/index.php\/wp-json\/wp\/v2\/media?parent=3372"}],"wp:term":[{"taxonomy":"product_brand","embeddable":true,"href":"https:\/\/capvert.com.tn\/index.php\/wp-json\/wp\/v2\/product_brand?post=3372"},{"taxonomy":"product_cat","embeddable":true,"href":"https:\/\/capvert.com.tn\/index.php\/wp-json\/wp\/v2\/product_cat?post=3372"},{"taxonomy":"product_tag","embeddable":true,"href":"https:\/\/capvert.com.tn\/index.php\/wp-json\/wp\/v2\/product_tag?post=3372"}],"curies":[{"name":"wp","href":"https:\/\/api.w.org\/{rel}","templated":true}]}}