{"id":3131,"date":"2022-01-28T11:25:38","date_gmt":"2022-01-28T11:25:38","guid":{"rendered":"https:\/\/capvert.com.tn\/?post_type=product&#038;p=3131"},"modified":"2024-03-25T12:04:31","modified_gmt":"2024-03-25T12:04:31","slug":"pordure-de-jardin-cylindrique","status":"publish","type":"product","link":"https:\/\/capvert.com.tn\/index.php\/produit\/pordure-de-jardin-cylindrique\/","title":{"rendered":"Pordure de jardin cylindrique"},"content":{"rendered":"","protected":false},"excerpt":{"rendered":"<p><strong style=\"color: #99cc00; font-family: Poppins, sans-serif; font-size: 28px;\">R\u00e9f: 011<\/strong><\/p>\n<h4><span style=\"color: #808080;\"><span style=\"color: #ff0000;\">NB<\/span> :Pour les produits en b\u00e9ton, la commande dure de 6 \u00e0 15 jours et selon la quantit\u00e9.<\/span><\/h4>\n<h4><span style=\"color: #808080;\">la couleur est dans la masse .les couleurs disponibles sont : gris-noir-rose-blanc-beige<\/span><\/h4>\n","protected":false},"featured_media":3132,"comment_status":"open","ping_status":"closed","template":"","meta":[],"product_brand":[],"product_cat":[102,72,147],"product_tag":[],"class_list":{"0":"post-3131","1":"product","2":"type-product","3":"status-publish","4":"has-post-thumbnail","6":"product_cat-articles-de-decoration-du-jardin","7":"product_cat-bacs-a-fleurs-en-beton","8":"product_cat-bordure-de-jardin","9":"","11":"first","12":"instock","13":"shipping-taxable","14":"purchasable","15":"product-type-simple"},"_links":{"self":[{"href":"https:\/\/capvert.com.tn\/index.php\/wp-json\/wp\/v2\/product\/3131","targetHints":{"allow":["GET"]}}],"collection":[{"href":"https:\/\/capvert.com.tn\/index.php\/wp-json\/wp\/v2\/product"}],"about":[{"href":"https:\/\/capvert.com.tn\/index.php\/wp-json\/wp\/v2\/types\/product"}],"replies":[{"embeddable":true,"href":"https:\/\/capvert.com.tn\/index.php\/wp-json\/wp\/v2\/comments?post=3131"}],"wp:featuredmedia":[{"embeddable":true,"href":"https:\/\/capvert.com.tn\/index.php\/wp-json\/wp\/v2\/media\/3132"}],"wp:attachment":[{"href":"https:\/\/capvert.com.tn\/index.php\/wp-json\/wp\/v2\/media?parent=3131"}],"wp:term":[{"taxonomy":"product_brand","embeddable":true,"href":"https:\/\/capvert.com.tn\/index.php\/wp-json\/wp\/v2\/product_brand?post=3131"},{"taxonomy":"product_cat","embeddable":true,"href":"https:\/\/capvert.com.tn\/index.php\/wp-json\/wp\/v2\/product_cat?post=3131"},{"taxonomy":"product_tag","embeddable":true,"href":"https:\/\/capvert.com.tn\/index.php\/wp-json\/wp\/v2\/product_tag?post=3131"}],"curies":[{"name":"wp","href":"https:\/\/api.w.org\/{rel}","templated":true}]}}