{"id":3125,"date":"2022-01-28T10:41:13","date_gmt":"2022-01-28T10:41:13","guid":{"rendered":"https:\/\/capvert.com.tn\/?post_type=product&#038;p=3125"},"modified":"2026-01-06T13:04:21","modified_gmt":"2026-01-06T13:04:21","slug":"pas-japonais","status":"publish","type":"product","link":"https:\/\/capvert.com.tn\/index.php\/produit\/pas-japonais\/","title":{"rendered":"Pas japonais"},"content":{"rendered":"","protected":false},"excerpt":{"rendered":"<h3><span style=\"color: #99cc00;\"><strong>R\u00e9f: 008<\/strong><\/span><\/h3>\n<h4><span style=\"color: #808080;\"><span style=\"color: #ff0000;\">NB<\/span> :Pour les produits en b\u00e9ton, la commande dure de 6 \u00e0 15 jours et selon la quantit\u00e9.<\/span><\/h4>\n<h4><span style=\"color: #808080;\">la couleur est dans la masse .les couleurs disponibles sont : gris-noir-rose-blanc-beige<\/span><\/h4>\n","protected":false},"featured_media":3126,"comment_status":"open","ping_status":"closed","template":"","meta":[],"product_brand":[],"product_cat":[102,72,147],"product_tag":[],"class_list":{"0":"post-3125","1":"product","2":"type-product","3":"status-publish","4":"has-post-thumbnail","6":"product_cat-articles-de-decoration-du-jardin","7":"product_cat-bacs-a-fleurs-en-beton","8":"product_cat-bordure-de-jardin","9":"","11":"first","12":"instock","13":"shipping-taxable","14":"purchasable","15":"product-type-simple"},"_links":{"self":[{"href":"https:\/\/capvert.com.tn\/index.php\/wp-json\/wp\/v2\/product\/3125","targetHints":{"allow":["GET"]}}],"collection":[{"href":"https:\/\/capvert.com.tn\/index.php\/wp-json\/wp\/v2\/product"}],"about":[{"href":"https:\/\/capvert.com.tn\/index.php\/wp-json\/wp\/v2\/types\/product"}],"replies":[{"embeddable":true,"href":"https:\/\/capvert.com.tn\/index.php\/wp-json\/wp\/v2\/comments?post=3125"}],"wp:featuredmedia":[{"embeddable":true,"href":"https:\/\/capvert.com.tn\/index.php\/wp-json\/wp\/v2\/media\/3126"}],"wp:attachment":[{"href":"https:\/\/capvert.com.tn\/index.php\/wp-json\/wp\/v2\/media?parent=3125"}],"wp:term":[{"taxonomy":"product_brand","embeddable":true,"href":"https:\/\/capvert.com.tn\/index.php\/wp-json\/wp\/v2\/product_brand?post=3125"},{"taxonomy":"product_cat","embeddable":true,"href":"https:\/\/capvert.com.tn\/index.php\/wp-json\/wp\/v2\/product_cat?post=3125"},{"taxonomy":"product_tag","embeddable":true,"href":"https:\/\/capvert.com.tn\/index.php\/wp-json\/wp\/v2\/product_tag?post=3125"}],"curies":[{"name":"wp","href":"https:\/\/api.w.org\/{rel}","templated":true}]}}