{"id":3054,"date":"2022-01-20T09:53:44","date_gmt":"2022-01-20T09:53:44","guid":{"rendered":"https:\/\/capvert.com.tn\/?post_type=product&#038;p=3054"},"modified":"2023-03-21T15:35:49","modified_gmt":"2023-03-21T15:35:49","slug":"bordure-de-jardin","status":"publish","type":"product","link":"https:\/\/capvert.com.tn\/index.php\/produit\/bordure-de-jardin\/","title":{"rendered":"Bordure de jardin"},"content":{"rendered":"","protected":false},"excerpt":{"rendered":"<p><strong style=\"color: #99cc00; font-family: Poppins, sans-serif; font-size: 28px;\">R\u00e9f: 003<\/strong><\/p>\n<h4><span style=\"color: #808080;\"><span style=\"color: #ff0000;\">NB<\/span> :Pour les produits en b\u00e9ton, la commande dure de 6 \u00e0 15 jours et selon la quantit\u00e9.<\/span><\/h4>\n<h4><span style=\"color: #808080;\">la couleur est dans la masse .les couleurs disponibles sont : gris-noir-rose-blanc-beige<\/span><\/h4>\n","protected":false},"featured_media":3076,"comment_status":"open","ping_status":"closed","template":"","meta":[],"product_brand":[],"product_cat":[102,147],"product_tag":[],"class_list":{"0":"post-3054","1":"product","2":"type-product","3":"status-publish","4":"has-post-thumbnail","6":"product_cat-articles-de-decoration-du-jardin","7":"product_cat-bordure-de-jardin","8":"","10":"first","11":"instock","12":"shipping-taxable","13":"purchasable","14":"product-type-variable"},"_links":{"self":[{"href":"https:\/\/capvert.com.tn\/index.php\/wp-json\/wp\/v2\/product\/3054","targetHints":{"allow":["GET"]}}],"collection":[{"href":"https:\/\/capvert.com.tn\/index.php\/wp-json\/wp\/v2\/product"}],"about":[{"href":"https:\/\/capvert.com.tn\/index.php\/wp-json\/wp\/v2\/types\/product"}],"replies":[{"embeddable":true,"href":"https:\/\/capvert.com.tn\/index.php\/wp-json\/wp\/v2\/comments?post=3054"}],"wp:featuredmedia":[{"embeddable":true,"href":"https:\/\/capvert.com.tn\/index.php\/wp-json\/wp\/v2\/media\/3076"}],"wp:attachment":[{"href":"https:\/\/capvert.com.tn\/index.php\/wp-json\/wp\/v2\/media?parent=3054"}],"wp:term":[{"taxonomy":"product_brand","embeddable":true,"href":"https:\/\/capvert.com.tn\/index.php\/wp-json\/wp\/v2\/product_brand?post=3054"},{"taxonomy":"product_cat","embeddable":true,"href":"https:\/\/capvert.com.tn\/index.php\/wp-json\/wp\/v2\/product_cat?post=3054"},{"taxonomy":"product_tag","embeddable":true,"href":"https:\/\/capvert.com.tn\/index.php\/wp-json\/wp\/v2\/product_tag?post=3054"}],"curies":[{"name":"wp","href":"https:\/\/api.w.org\/{rel}","templated":true}]}}