{"id":2785,"date":"2021-05-04T09:32:31","date_gmt":"2021-05-04T09:32:31","guid":{"rendered":"https:\/\/capvert.com.tn\/?post_type=product&#038;p=2785"},"modified":"2025-07-16T09:20:39","modified_gmt":"2025-07-16T09:20:39","slug":"bille-dargile-expansee","status":"publish","type":"product","link":"https:\/\/capvert.com.tn\/index.php\/produit\/bille-dargile-expansee\/","title":{"rendered":"Bille d&rsquo;argile expans\u00e9e"},"content":{"rendered":"<p><span style=\"color: #000000;\"><strong>L&rsquo;argile expans\u00e9e Lat\u00e9rite est employ\u00e9e comme couche drainante de surfaces cultiv\u00e9es sur les couvertures planes (garages enterr\u00e9s ou jardins suspendus, bassins et jardini\u00e8res), ou comme \u00e9l\u00e9ment de protection des racines. L\u2019argile expans\u00e9e Lat\u00e9rite et Agri Lat\u00e9rite sont employ\u00e9s dans la couche de culture et dans celle du drainage pour r\u00e9aliser des jardins suspendus avec ou sans r\u00e9serve d&rsquo;eau pour des cultures extensives, intensives ou l\u2019hydro culture.<\/strong><\/span><\/p>\n","protected":false},"excerpt":{"rendered":"<p><span style=\"color: #000000;\"><strong>sac de 50 littre\u00a0<\/strong><\/span><\/p>\n","protected":false},"featured_media":2786,"comment_status":"open","ping_status":"closed","template":"","meta":[],"product_brand":[],"product_cat":[102],"product_tag":[],"class_list":{"0":"post-2785","1":"product","2":"type-product","3":"status-publish","4":"has-post-thumbnail","6":"product_cat-articles-de-decoration-du-jardin","7":"","9":"first","10":"instock","11":"shipping-taxable","12":"purchasable","13":"product-type-simple"},"_links":{"self":[{"href":"https:\/\/capvert.com.tn\/index.php\/wp-json\/wp\/v2\/product\/2785","targetHints":{"allow":["GET"]}}],"collection":[{"href":"https:\/\/capvert.com.tn\/index.php\/wp-json\/wp\/v2\/product"}],"about":[{"href":"https:\/\/capvert.com.tn\/index.php\/wp-json\/wp\/v2\/types\/product"}],"replies":[{"embeddable":true,"href":"https:\/\/capvert.com.tn\/index.php\/wp-json\/wp\/v2\/comments?post=2785"}],"wp:featuredmedia":[{"embeddable":true,"href":"https:\/\/capvert.com.tn\/index.php\/wp-json\/wp\/v2\/media\/2786"}],"wp:attachment":[{"href":"https:\/\/capvert.com.tn\/index.php\/wp-json\/wp\/v2\/media?parent=2785"}],"wp:term":[{"taxonomy":"product_brand","embeddable":true,"href":"https:\/\/capvert.com.tn\/index.php\/wp-json\/wp\/v2\/product_brand?post=2785"},{"taxonomy":"product_cat","embeddable":true,"href":"https:\/\/capvert.com.tn\/index.php\/wp-json\/wp\/v2\/product_cat?post=2785"},{"taxonomy":"product_tag","embeddable":true,"href":"https:\/\/capvert.com.tn\/index.php\/wp-json\/wp\/v2\/product_tag?post=2785"}],"curies":[{"name":"wp","href":"https:\/\/api.w.org\/{rel}","templated":true}]}}