{"id":2757,"date":"2021-04-21T12:10:28","date_gmt":"2021-04-21T12:10:28","guid":{"rendered":"https:\/\/capvert.com.tn\/?post_type=product&#038;p=2757"},"modified":"2023-05-10T08:31:30","modified_gmt":"2023-05-10T08:31:30","slug":"fumier","status":"publish","type":"product","link":"https:\/\/capvert.com.tn\/index.php\/produit\/fumier\/","title":{"rendered":"Fumier"},"content":{"rendered":"<p>Fumier est une mati\u00e8re organique compos\u00e9e d&rsquo;excr\u00e9ments d&rsquo;animaux et de pailles utilis\u00e9e comme produit fertilisant dans l&rsquo;agriculture.<\/p>\n","protected":false},"excerpt":{"rendered":"<p>contenu de produit 40L<\/p>\n","protected":false},"featured_media":2758,"comment_status":"open","ping_status":"closed","template":"","meta":[],"product_brand":[],"product_cat":[102],"product_tag":[],"class_list":{"0":"post-2757","1":"product","2":"type-product","3":"status-publish","4":"has-post-thumbnail","6":"product_cat-articles-de-decoration-du-jardin","7":"","9":"first","10":"instock","11":"shipping-taxable","12":"purchasable","13":"product-type-simple"},"_links":{"self":[{"href":"https:\/\/capvert.com.tn\/index.php\/wp-json\/wp\/v2\/product\/2757","targetHints":{"allow":["GET"]}}],"collection":[{"href":"https:\/\/capvert.com.tn\/index.php\/wp-json\/wp\/v2\/product"}],"about":[{"href":"https:\/\/capvert.com.tn\/index.php\/wp-json\/wp\/v2\/types\/product"}],"replies":[{"embeddable":true,"href":"https:\/\/capvert.com.tn\/index.php\/wp-json\/wp\/v2\/comments?post=2757"}],"wp:featuredmedia":[{"embeddable":true,"href":"https:\/\/capvert.com.tn\/index.php\/wp-json\/wp\/v2\/media\/2758"}],"wp:attachment":[{"href":"https:\/\/capvert.com.tn\/index.php\/wp-json\/wp\/v2\/media?parent=2757"}],"wp:term":[{"taxonomy":"product_brand","embeddable":true,"href":"https:\/\/capvert.com.tn\/index.php\/wp-json\/wp\/v2\/product_brand?post=2757"},{"taxonomy":"product_cat","embeddable":true,"href":"https:\/\/capvert.com.tn\/index.php\/wp-json\/wp\/v2\/product_cat?post=2757"},{"taxonomy":"product_tag","embeddable":true,"href":"https:\/\/capvert.com.tn\/index.php\/wp-json\/wp\/v2\/product_tag?post=2757"}],"curies":[{"name":"wp","href":"https:\/\/api.w.org\/{rel}","templated":true}]}}