{"id":2695,"date":"2021-04-08T16:07:13","date_gmt":"2021-04-08T16:07:13","guid":{"rendered":"https:\/\/capvert.com.tn\/?post_type=product&#038;p=2695"},"modified":"2025-07-19T07:52:32","modified_gmt":"2025-07-19T07:52:32","slug":"special-fourmis","status":"publish","type":"product","link":"https:\/\/capvert.com.tn\/index.php\/produit\/special-fourmis\/","title":{"rendered":"sp\u00e9cial fourmis"},"content":{"rendered":"<p>&nbsp;<\/p>\n<p>sp\u00e9cial fourmis<\/p>\n<p>utilisation ext\u00e9rieur et int\u00e9rieur<\/p>\n<p>poudre s\u00e8che pr\u00eate a l&#8217;emploi.<\/p>\n<p>s&rsquo;applique par poudrage sur les les surfaces, Elimine les fourmis\u00a0 ainsi que les fourmili\u00e8res aux abords imm\u00e9diats des habitations et des locaux, aux pieds des murs, sur les terrasses, les patios, les all\u00e9es .<\/p>\n<p>action choc: effet rapide, pour les fourmis laisser e temps pour les fourmis<\/p>\n<p>poids: 75gr<\/p>\n<p>&nbsp;<\/p>\n","protected":false},"excerpt":{"rendered":"<p>&nbsp; sp\u00e9cial fourmis utilisation ext\u00e9rieur et int\u00e9rieur poudre s\u00e8che pr\u00eate a l&#8217;emploi. s&rsquo;applique par poudrage sur les les surfaces, Elimine&hellip;<\/p>\n","protected":false},"featured_media":2696,"comment_status":"open","ping_status":"closed","template":"","meta":[],"product_brand":[],"product_cat":[127],"product_tag":[],"class_list":{"0":"post-2695","1":"product","2":"type-product","3":"status-publish","4":"has-post-thumbnail","6":"product_cat-insecticides","7":"","9":"first","10":"instock","11":"shipping-taxable","12":"purchasable","13":"product-type-simple"},"_links":{"self":[{"href":"https:\/\/capvert.com.tn\/index.php\/wp-json\/wp\/v2\/product\/2695","targetHints":{"allow":["GET"]}}],"collection":[{"href":"https:\/\/capvert.com.tn\/index.php\/wp-json\/wp\/v2\/product"}],"about":[{"href":"https:\/\/capvert.com.tn\/index.php\/wp-json\/wp\/v2\/types\/product"}],"replies":[{"embeddable":true,"href":"https:\/\/capvert.com.tn\/index.php\/wp-json\/wp\/v2\/comments?post=2695"}],"wp:featuredmedia":[{"embeddable":true,"href":"https:\/\/capvert.com.tn\/index.php\/wp-json\/wp\/v2\/media\/2696"}],"wp:attachment":[{"href":"https:\/\/capvert.com.tn\/index.php\/wp-json\/wp\/v2\/media?parent=2695"}],"wp:term":[{"taxonomy":"product_brand","embeddable":true,"href":"https:\/\/capvert.com.tn\/index.php\/wp-json\/wp\/v2\/product_brand?post=2695"},{"taxonomy":"product_cat","embeddable":true,"href":"https:\/\/capvert.com.tn\/index.php\/wp-json\/wp\/v2\/product_cat?post=2695"},{"taxonomy":"product_tag","embeddable":true,"href":"https:\/\/capvert.com.tn\/index.php\/wp-json\/wp\/v2\/product_tag?post=2695"}],"curies":[{"name":"wp","href":"https:\/\/api.w.org\/{rel}","templated":true}]}}