{"id":2492,"date":"2021-01-29T14:31:09","date_gmt":"2021-01-29T14:31:09","guid":{"rendered":"https:\/\/capvert.com.tn\/?post_type=product&#038;p=2492"},"modified":"2021-05-11T11:07:04","modified_gmt":"2021-05-11T11:07:04","slug":"sabal-minor","status":"publish","type":"product","link":"https:\/\/capvert.com.tn\/index.php\/produit\/sabal-minor\/","title":{"rendered":"Sabal minor"},"content":{"rendered":"<p><span style=\"color: #000000;\"><strong>Noms communs:<\/strong> Corypha minor, Sabal adansonii, Sabal louisiana, Sabal minima, Chamaerops louisiana, Brahea minima.<br \/>\n<\/span><span style=\"color: #000000;\"><strong>Noms latins: <\/strong><strong>Serenoa repens<\/strong><\/span><\/p>\n<p><span style=\"color: #000000;\"><strong>Famille:<\/strong> Ar\u00e9cac\u00e9es<\/span><br \/>\n<span style=\"color: #000000;\"><strong>Types de plante:<\/strong> Arbre \u25b6 Palmier \/ Plante ornementale \u25b6 Plante \u00e0 feuillage d\u00e9coratif<\/span><\/p>\n<h4><span style=\"color: #ff00ff;\"><strong>Caract\u00e9ristiques essentielles :<\/strong><\/span><\/h4>\n<p><span style=\"color: #99cc00;\"><strong><em>Esth\u00e9tique<\/em><\/strong><\/span><\/p>\n<p><span style=\"color: #000000;\"><strong>Couleur des feuilles\u00a0:<\/strong> arbore une belle couleur vert fonc\u00e9 sur le dessous<br \/>\n<\/span><span style=\"color: #000000;\"><strong>V\u00e9g\u00e9tation:<\/strong> Vivace<br \/>\n<\/span><span style=\"color: #000000;\"><strong>Feuillage :<img decoding=\"async\" class=\"c-cs-product-facets__value-img\" src=\"https:\/\/www.willemsefrance.fr\/files\/126284\/pictos-fiche-produit\/flagFeuillagePersist.png\" alt=\" Feuillage persistant\" \/><\/strong>Feuillage persistant<br \/>\n<\/span><span style=\"color: #000000;\"><strong>Hauteur \u00e0 maturit\u00e9\u00a0:<\/strong> 4 m<\/span><\/p>\n<p><span style=\"color: #99cc00;\"><strong><em>JARDINAGE:<\/em><\/strong><\/span><\/p>\n<p><span style=\"color: #000000;\"><strong>P\u00e9riode de plantation :<\/strong> Toute l&rsquo;ann\u00e9e<br \/>\n<\/span><span style=\"color: #000000;\"><strong>Entretien : <\/strong>\u00a0Facile<br \/>\n<\/span><span style=\"color: #000000;\"><strong>Besoin en eau: <span class=\"c-cs-product-facets__value-text\"><img decoding=\"async\" class=\"c-cs-product-facets__value-img\" src=\"https:\/\/www.willemsefrance.fr\/files\/126284\/pictos-fiche-produit\/arrosage-3.png\" alt=\" moyen\" \/>moyen<br \/>\n<\/span><\/strong><\/span><span style=\"color: #000000;\"><strong>Croissance :<\/strong> tr\u00e8s lent<br \/>\n<\/span><span style=\"color: #000000;\"><strong>Type de sol:<\/strong>\u00a0<\/span><\/p>\n<p><span class=\"c-cs-product-facets__value-text\" style=\"color: #000000;\">\u00a0 \u00a0 \u00a0 \u00a0<img decoding=\"async\" class=\"c-cs-product-facets__value-img\" src=\"https:\/\/www.willemsefrance.fr\/files\/126284\/pictos-fiche-produit\/tout-sol.png\" alt=\" Tout type\" \/><span class=\"c-cs-product-facets__value-text\">Tout type<\/span><\/span><span class=\"c-cs-product-facets__value-text\" style=\"color: #000000;\"><span class=\"c-cs-product-facets__value-text\"><br \/>\n<\/span><\/span><span class=\"c-cs-product-facets__value-text\" style=\"color: #000000;\"><span class=\"c-cs-product-facets__value-text\">\u00a0 \u00a0 \u00a0 \u00a0<img decoding=\"async\" class=\"c-cs-product-facets__value-img\" src=\"https:\/\/www.willemsefrance.fr\/files\/126284\/pictos-fiche-produit\/Sol-humide.png\" alt=\" Humide\" \/>Humide<br \/>\n<img decoding=\"async\" class=\"c-cs-product-facets__value-img\" src=\"https:\/\/www.willemsefrance.fr\/files\/126284\/pictos-fiche-produit\/sol-ordinaire.png\" alt=\" sol ordinaire de bonne qualit\u00e9\" \/>sol ordinaire de bonne qualit\u00e9<\/span><\/span><\/p>\n<p><span style=\"color: #000000;\"><strong>Humidit\u00e9 du sol:<\/strong> Sol drain\u00e9<\/span><\/p>\n<p><span style=\"color: #99cc00;\"><strong><em>Emplacement<\/em><\/strong><\/span><\/p>\n<p><span style=\"color: #000000;\"><strong>Exposition\u00a0<\/strong><\/span><\/p>\n<p><span style=\"color: #000000;\">\u00a0 \u00a0 \u00a0<img decoding=\"async\" src=\"https:\/\/www.willemsefrance.fr\/files\/126284\/pictos-fiche-produit\/conseille-pour-le-plein-soleil.png\" alt=\" conseill\u00e9 pour le plein soleil\" \/>\u00a0Soleil<br \/>\n<\/span><span style=\"color: #000000;\">\u00a0 \u00a0 \u00a0<img decoding=\"async\" src=\"https:\/\/www.willemsefrance.fr\/files\/126284\/pictos-fiche-produit\/conseille-pour-la-mi-ombre.png\" alt=\" conseill\u00e9 pour la mi-ombre\" \/>\u00a0Mi-ombre<\/span><\/p>\n<p><span style=\"color: #000000;\"><strong>Utilisation ext\u00e9rieure\u00a0: <\/strong>Balcon ou terrasse\u00a0Plantation isol\u00e9e<\/span><\/p>\n<p><span style=\"color: #000000;\"><strong>Plantation\u00a0: <\/strong>Pleine terre\u00a0Bac, pot ou jardini\u00e8re<\/span><\/p>\n<p><span style=\"color: #000000;\"><strong>Climat:<\/strong>\u00a0<\/span><\/p>\n<p><img decoding=\"async\" class=\"c-cs-product-facets__value-img\" src=\"https:\/\/www.willemsefrance.fr\/files\/126284\/pictos-fiche-produit\/LIBCLIMAT-Climat-bord-de-mer.png\" alt=\" Bord de mer : r\u00e9siste aux embruns et au vent\" \/><span class=\"c-cs-product-facets__value-text\" style=\"color: #000000;\">Bord de mer : r\u00e9siste aux embruns et au vent<br \/>\n<\/span>\u00a0 \u00a0 \u00a0 \u00a0 \u00a0 <img decoding=\"async\" class=\"c-cs-product-facets__value-img\" style=\"color: #000000;\" src=\"https:\/\/www.willemsefrance.fr\/files\/126284\/pictos-fiche-produit\/LIBCLIMAT-Douceur-Ocean.png\" alt=\" Douceur Oc\u00e9an\" \/><span class=\"c-cs-product-facets__value-text\" style=\"color: #000000;\">Douceur Oc\u00e9an<br \/>\n<\/span>\u00a0 \u00a0 \u00a0 \u00a0 \u00a0 <img decoding=\"async\" class=\"c-cs-product-facets__value-img\" style=\"color: #000000;\" src=\"https:\/\/www.willemsefrance.fr\/files\/126284\/pictos-fiche-produit\/LIBCLIMAT-mediterraneen.png\" alt=\" R\u00e9gion m\u00e9diterran\u00e9enne\" \/><span class=\"c-cs-product-facets__value-text\" style=\"color: #000000;\">R\u00e9gion m\u00e9diterran\u00e9enne<br \/>\n<\/span>\u00a0 \u00a0 \u00a0 \u00a0 \u00a0 <img decoding=\"async\" class=\"c-cs-product-facets__value-img\" style=\"color: #000000;\" src=\"https:\/\/www.willemsefrance.fr\/files\/126284\/pictos-fiche-produit\/LIBCLIMAT-Resistant-au-vents.png\" alt=\" R\u00e9sistant aux vents\" \/><span class=\"c-cs-product-facets__value-text\" style=\"color: #000000;\">R\u00e9sistant aux vents<br \/>\n<\/span>\u00a0 \u00a0 \u00a0 \u00a0 \u00a0<img decoding=\"async\" class=\"c-cs-product-facets__value-img\" style=\"color: #000000;\" src=\"https:\/\/www.willemsefrance.fr\/files\/126284\/pictos-fiche-produit\/LIBCLIMAT-climat-tempere.png\" alt=\" Climat temp\u00e9r\u00e9\" \/><span class=\"c-cs-product-facets__value-text\" style=\"color: #000000;\">Climat temp\u00e9r\u00e9<br \/>\n<\/span>\u00a0 \u00a0 \u00a0 \u00a0 \u00a0<img decoding=\"async\" class=\"c-cs-product-facets__value-img\" style=\"color: #000000;\" src=\"https:\/\/www.willemsefrance.fr\/files\/126284\/pictos-fiche-produit\/LIBCLIMAT-climat-montagnard.png\" alt=\" R\u00e9sistant au climat montagnard\" \/><span class=\"c-cs-product-facets__value-text\" style=\"color: #000000;\">R\u00e9sistant au climat montagnard<\/span><\/p>\n","protected":false},"excerpt":{"rendered":"<p>Un palmier nain et buissonnant, ne d\u00e9passant pas 2 m de hauteur. Le stipe, tr\u00e8s court et pour l&rsquo;essentiel enterr\u00e9, porte des feuilles raides, en \u00e9ventails presque plats, d&rsquo;un vert un peu gris\u00e9, qui semblent surgir du sol. Peu exigeant sur la nature du sol, rustique au-del\u00e0 de -15\u00b0C, il est cultivable en pleine terre dans de nombreuses r\u00e9gions, m\u00eame en exposition mi-ombrag\u00e9e.<\/p>\n<h4>pot: <span style=\"color: #000000;\">\u00d870cm<\/span><\/h4>\n<h4><span style=\"color: #000000;\">hauteur: 2M<\/span><\/h4>\n<p>&nbsp;<\/p>\n","protected":false},"featured_media":2502,"comment_status":"open","ping_status":"closed","template":"","meta":[],"product_brand":[],"product_cat":[77,55,79],"product_tag":[],"class_list":{"0":"post-2492","1":"product","2":"type-product","3":"status-publish","4":"has-post-thumbnail","6":"product_cat-palmiers","7":"product_cat-plantes-dexterieur","8":"product_cat-plantes-vivaces","9":"","11":"first","12":"instock","13":"shipping-taxable","14":"purchasable","15":"product-type-simple"},"_links":{"self":[{"href":"https:\/\/capvert.com.tn\/index.php\/wp-json\/wp\/v2\/product\/2492","targetHints":{"allow":["GET"]}}],"collection":[{"href":"https:\/\/capvert.com.tn\/index.php\/wp-json\/wp\/v2\/product"}],"about":[{"href":"https:\/\/capvert.com.tn\/index.php\/wp-json\/wp\/v2\/types\/product"}],"replies":[{"embeddable":true,"href":"https:\/\/capvert.com.tn\/index.php\/wp-json\/wp\/v2\/comments?post=2492"}],"wp:featuredmedia":[{"embeddable":true,"href":"https:\/\/capvert.com.tn\/index.php\/wp-json\/wp\/v2\/media\/2502"}],"wp:attachment":[{"href":"https:\/\/capvert.com.tn\/index.php\/wp-json\/wp\/v2\/media?parent=2492"}],"wp:term":[{"taxonomy":"product_brand","embeddable":true,"href":"https:\/\/capvert.com.tn\/index.php\/wp-json\/wp\/v2\/product_brand?post=2492"},{"taxonomy":"product_cat","embeddable":true,"href":"https:\/\/capvert.com.tn\/index.php\/wp-json\/wp\/v2\/product_cat?post=2492"},{"taxonomy":"product_tag","embeddable":true,"href":"https:\/\/capvert.com.tn\/index.php\/wp-json\/wp\/v2\/product_tag?post=2492"}],"curies":[{"name":"wp","href":"https:\/\/api.w.org\/{rel}","templated":true}]}}