{"id":2425,"date":"2021-01-23T15:42:01","date_gmt":"2021-01-23T15:42:01","guid":{"rendered":"https:\/\/capvert.com.tn\/?post_type=product&#038;p=2425"},"modified":"2025-04-03T11:34:32","modified_gmt":"2025-04-03T11:34:32","slug":"bac-a-fleur-hexagonal","status":"publish","type":"product","link":"https:\/\/capvert.com.tn\/index.php\/produit\/bac-a-fleur-hexagonal\/","title":{"rendered":"Bac \u00e0 fleur hexagonal"},"content":{"rendered":"","protected":false},"excerpt":{"rendered":"<h4><span style=\"color: #99cc00;\">R\u00e9f : 0022<\/span><\/h4>\n<h4><span style=\"color: #808080;\">la couleur est dans la masse .<\/span><span style=\"color: #808080;\">les couleurs disponibles sont : gris-noir-rose-blanc-beige<\/span><\/h4>\n<h4><span style=\"color: #808080;\"><span style=\"color: #ff0000;\">NB<\/span> :Pour les produits en b\u00e9ton, la commande dure de 6 \u00e0 15 jours et selon la quantit\u00e9.<\/span><\/h4>\n","protected":false},"featured_media":2426,"comment_status":"open","ping_status":"closed","template":"","meta":[],"product_brand":[],"product_cat":[72],"product_tag":[],"class_list":{"0":"post-2425","1":"product","2":"type-product","3":"status-publish","4":"has-post-thumbnail","6":"product_cat-bacs-a-fleurs-en-beton","7":"","9":"first","10":"instock","11":"shipping-taxable","12":"purchasable","13":"product-type-simple"},"_links":{"self":[{"href":"https:\/\/capvert.com.tn\/index.php\/wp-json\/wp\/v2\/product\/2425","targetHints":{"allow":["GET"]}}],"collection":[{"href":"https:\/\/capvert.com.tn\/index.php\/wp-json\/wp\/v2\/product"}],"about":[{"href":"https:\/\/capvert.com.tn\/index.php\/wp-json\/wp\/v2\/types\/product"}],"replies":[{"embeddable":true,"href":"https:\/\/capvert.com.tn\/index.php\/wp-json\/wp\/v2\/comments?post=2425"}],"wp:featuredmedia":[{"embeddable":true,"href":"https:\/\/capvert.com.tn\/index.php\/wp-json\/wp\/v2\/media\/2426"}],"wp:attachment":[{"href":"https:\/\/capvert.com.tn\/index.php\/wp-json\/wp\/v2\/media?parent=2425"}],"wp:term":[{"taxonomy":"product_brand","embeddable":true,"href":"https:\/\/capvert.com.tn\/index.php\/wp-json\/wp\/v2\/product_brand?post=2425"},{"taxonomy":"product_cat","embeddable":true,"href":"https:\/\/capvert.com.tn\/index.php\/wp-json\/wp\/v2\/product_cat?post=2425"},{"taxonomy":"product_tag","embeddable":true,"href":"https:\/\/capvert.com.tn\/index.php\/wp-json\/wp\/v2\/product_tag?post=2425"}],"curies":[{"name":"wp","href":"https:\/\/api.w.org\/{rel}","templated":true}]}}