{"id":2319,"date":"2021-01-22T14:17:07","date_gmt":"2021-01-22T14:17:07","guid":{"rendered":"https:\/\/capvert.com.tn\/?post_type=product&#038;p=2319"},"modified":"2024-07-10T09:09:31","modified_gmt":"2024-07-10T09:09:31","slug":"philodendron-xanadu","status":"publish","type":"product","link":"https:\/\/capvert.com.tn\/index.php\/produit\/philodendron-xanadu\/","title":{"rendered":"Philodendron xanadu"},"content":{"rendered":"<p><span style=\"color: #000000;\"><strong>Nom Scientifique :<\/strong> Philodendron xanadu<\/span><br \/>\n<span style=\"color: #000000;\"><strong>origine :L\u2019<b>Am\u00e9rique<\/b>\u00a0<b>du<\/b>\u00a0<b>Sud<\/b><\/strong><\/span><span style=\"color: #000000;\"><br \/>\n<\/span><\/p>\n<h4><span style=\"color: #ff00ff;\"><strong>Caract\u00e9ristiques essentielles :<\/strong><\/span><\/h4>\n<p><span class=\"PBSTitle ox-title ng-binding\"><strong><span style=\"color: #99cc00;\">ESTH\u00c9TIQUE<\/span><\/strong><br \/>\n<span style=\"color: #000000;\"><strong>Hauteur adulte<\/strong>:de 50 cm a 60 cm<\/span><\/span><br \/>\n<span style=\"color: #000000;\"><strong>Largeur \u00e0 maturit\u00e9<\/strong>: 50 cm<\/span><br \/>\n<span style=\"color: #000000;\"><strong>Couleur des feuilles:<\/strong> <img decoding=\"async\" class=\"c-cs-product-facets__value-img\" src=\"https:\/\/www.willemsefrance.fr\/files\/126284\/_ico-couleurs\/vert.png\" alt=\" Vert\" \/> <span class=\"c-cs-product-facets__value-text\">Vert<br \/>\n<strong>Feuillage<\/strong> :<img decoding=\"async\" class=\"c-cs-product-facets__value-img\" src=\"https:\/\/www.willemsefrance.fr\/files\/126284\/pictos-fiche-produit\/flagFeuillagePersist.png\" alt=\" Feuillage persistant\" \/>Feuillage persistant<br \/>\n<strong>Forme:<\/strong>\u00a0 \u00a0 \u00a0Tapissante<br \/>\n<strong>Type d&rsquo;utilisation:<\/strong><br \/>\n<img decoding=\"async\" class=\"c-cs-product-facets__value-img\" src=\"https:\/\/www.willemsefrance.fr\/files\/126284\/pictos-fiche-produit\/LIBUTI-deco-interieur.png\" alt=\" D\u00e9coration int\u00e9rieure\" \/>D\u00e9coration int\u00e9rieure,jardin d&rsquo;hiver<br \/>\n<img decoding=\"async\" class=\"c-cs-product-facets__value-img\" src=\"https:\/\/www.willemsefrance.fr\/files\/126284\/pictos-fiche-produit\/LIBUTI-Jardiniere.png\" alt=\" Jardini\u00e8re\" \/>Jardini\u00e8re<\/span><\/span><\/p>\n<p><strong><span style=\"color: #99cc00;\">JARDINAGE<\/span><\/strong><br \/>\n<span style=\"color: #000000;\"><strong>P\u00e9riode de plantation<\/strong>: Toute l&rsquo;ann\u00e9e<\/span><br \/>\n<span style=\"color: #000000;\"><strong>P\u00e9riode de taille:<\/strong> Hiver<\/span><br \/>\n<span style=\"color: #000000;\"><strong>Plante d\u00e9polluante<\/strong>:<img decoding=\"async\" class=\"c-cs-product-facets__value-img\" src=\"https:\/\/www.willemsefrance.fr\/files\/126284\/pictos-fiche-produit\/flagDepolluante.png\" alt=\" Plante d\u00e9polluante\" \/><\/span><span class=\"c-cs-product-facets__value-text\"><span style=\"color: #000000;\">Plante d\u00e9polluante<\/span><br \/>\n<span style=\"color: #000000;\"><strong>Niveau d&rsquo;arrosage:<\/strong> <img decoding=\"async\" class=\"c-cs-product-facets__value-img\" src=\"https:\/\/www.willemsefrance.fr\/files\/126284\/pictos-fiche-produit\/arrosage-3.png\" alt=\" moyen\" \/><\/span><span style=\"color: #000000;\">moyen<\/span><br \/>\n<span style=\"color: #000000;\"><strong>Niveau de soin<\/strong>:<img decoding=\"async\" class=\"c-cs-product-facets__value-img\" src=\"https:\/\/www.willemsefrance.fr\/files\/126284\/pictos-fiche-produit\/entretien-2.png\" alt=\" facile\" \/><\/span><span style=\"color: #000000;\">facile<\/span><br \/>\n<span style=\"color: #000000;\"><strong>Croissance<\/strong>: <span class=\"bulle_info2\">Rapide<\/span><\/span><br \/>\n<strong><span style=\"color: #000000;\">Jardinage:<\/span><\/strong><br \/>\n<span style=\"color: #000000;\">\u00a0 \u00a0 \u00a0 \u00a0 \u00a0 \u00a0 <img decoding=\"async\" class=\"c-cs-product-facets__value-img\" src=\"https:\/\/www.willemsefrance.fr\/files\/126284\/pictos-fiche-produit\/culture-possible-en-pot-ou-en-bac.png\" alt=\" culture possible en pot, en bac\" \/><\/span><span style=\"color: #000000;\">culture possible en pot, en bac,en plein terre\u00a0<\/span><br \/>\n<\/span><\/p>\n<p><span style=\"color: #99cc00;\">EMPLACEMENT<\/span><br \/>\n<strong><span style=\"color: #000000;\">Ensoleillement:<\/span><\/strong><span class=\"c-cs-product-facets__value-text\" style=\"color: #000000;\"><span class=\"c-cs-product-facets__value-text\"><br \/>\n<img decoding=\"async\" class=\"c-cs-product-facets__value-img\" src=\"https:\/\/www.willemsefrance.fr\/files\/126284\/pictos-fiche-produit\/conseille-pour-la-mi-ombre.png\" alt=\" conseill\u00e9 pour la mi-ombre\" \/> et l&rsquo;ombre<br \/>\n<strong>Type de sol:<\/strong><br \/>\n<img decoding=\"async\" class=\"c-cs-product-facets__value-img\" src=\"https:\/\/www.willemsefrance.fr\/files\/126284\/pictos-fiche-produit\/Sol-humide.png\" alt=\" Humide\" \/>Humus<br \/>\n<strong>Type se climat:<\/strong><br \/>\n<img decoding=\"async\" class=\"c-cs-product-facets__value-img\" src=\"https:\/\/www.willemsefrance.fr\/files\/126284\/pictos-fiche-produit\/LIBCLIMAT-mediterraneen.png\" alt=\" R\u00e9gion m\u00e9diterran\u00e9enne\" \/>M\u00e9diterran\u00e9en<br \/>\n<\/span><\/span><\/p>\n","protected":false},"excerpt":{"rendered":"<h4><span class=\"tooltip tooltip-effect-1\"><span class=\"tooltip-item hauteur\"><img decoding=\"async\" class=\"icones\" src=\"https:\/\/www.mesarbustes.fr\/media\/icones\/hauteur.png\" \/><label>Hauteur des plants \u00a0: 30<\/label>\u00a0cm\u00a0<\/span><\/span><\/h4>\n<h4><img decoding=\"async\" class=\"icones\" src=\"https:\/\/www.mesarbustes.fr\/media\/icones\/pot.png\" \/><label>Conditionnement \u00a0: pot \u2205 30 cm\u00a0<\/label><\/h4>\n","protected":false},"featured_media":3874,"comment_status":"open","ping_status":"closed","template":"","meta":[],"product_brand":[],"product_cat":[15],"product_tag":[],"class_list":{"0":"post-2319","1":"product","2":"type-product","3":"status-publish","4":"has-post-thumbnail","6":"product_cat-plantes-dinterieur","7":"","9":"first","10":"instock","11":"shipping-taxable","12":"purchasable","13":"product-type-simple"},"_links":{"self":[{"href":"https:\/\/capvert.com.tn\/index.php\/wp-json\/wp\/v2\/product\/2319","targetHints":{"allow":["GET"]}}],"collection":[{"href":"https:\/\/capvert.com.tn\/index.php\/wp-json\/wp\/v2\/product"}],"about":[{"href":"https:\/\/capvert.com.tn\/index.php\/wp-json\/wp\/v2\/types\/product"}],"replies":[{"embeddable":true,"href":"https:\/\/capvert.com.tn\/index.php\/wp-json\/wp\/v2\/comments?post=2319"}],"wp:featuredmedia":[{"embeddable":true,"href":"https:\/\/capvert.com.tn\/index.php\/wp-json\/wp\/v2\/media\/3874"}],"wp:attachment":[{"href":"https:\/\/capvert.com.tn\/index.php\/wp-json\/wp\/v2\/media?parent=2319"}],"wp:term":[{"taxonomy":"product_brand","embeddable":true,"href":"https:\/\/capvert.com.tn\/index.php\/wp-json\/wp\/v2\/product_brand?post=2319"},{"taxonomy":"product_cat","embeddable":true,"href":"https:\/\/capvert.com.tn\/index.php\/wp-json\/wp\/v2\/product_cat?post=2319"},{"taxonomy":"product_tag","embeddable":true,"href":"https:\/\/capvert.com.tn\/index.php\/wp-json\/wp\/v2\/product_tag?post=2319"}],"curies":[{"name":"wp","href":"https:\/\/api.w.org\/{rel}","templated":true}]}}