{"id":2191,"date":"2021-01-21T09:35:09","date_gmt":"2021-01-21T09:35:09","guid":{"rendered":"https:\/\/capvert.com.tn\/?post_type=product&#038;p=2191"},"modified":"2023-12-12T10:07:15","modified_gmt":"2023-12-12T10:07:15","slug":"plectranthus-madagascariensis","status":"publish","type":"product","link":"https:\/\/capvert.com.tn\/index.php\/produit\/plectranthus-madagascariensis\/","title":{"rendered":"plectranthus madagascariensis \u0644\u0628\u0627\u0646\u0629"},"content":{"rendered":"<p><span style=\"color: #000000;\"><strong>Nom latin: plectranthus madagascariensis<\/strong><\/span><br \/>\n<span style=\"color: #000000;\"><strong>Type de plante:<\/strong> Arbuste \u25b6 Arbuste \u00e0 fleurs<\/span><\/p>\n<h4><span style=\"color: #ff00ff;\"><strong><span class=\"PBSTitle ox-title ng-binding\">Caract\u00e9ristiques essentielles<\/span><\/strong><\/span><\/h4>\n<p><span style=\"color: #ff00ff;\"><strong><span class=\"PBSTitle ox-title ng-binding\"><br \/>\n<\/span><span class=\"PBSTitle ox-title ng-binding\"><span style=\"color: #99cc00;\">ESTH\u00c9TIQUE<\/span><\/span><\/strong><\/span><span class=\"c-cs-product-facets__value-text\" style=\"color: #000000;\"><br \/>\n<\/span><span class=\"c-cs-product-facets__value-text\" style=\"color: #000000;\"><strong>Feuillage<\/strong> :<img decoding=\"async\" class=\"c-cs-product-facets__value-img\" src=\"https:\/\/www.willemsefrance.fr\/files\/126284\/pictos-fiche-produit\/flagFeuillagePersist.png\" alt=\" Feuillage persistant\" \/>feuillage persistant et dense<br \/>\n<strong>Type d&rsquo;utilisation:<\/strong><br \/>\n<img decoding=\"async\" class=\"c-cs-product-facets__value-img\" src=\"https:\/\/www.willemsefrance.fr\/files\/126284\/pictos-fiche-produit\/LIBUTI-deco-interieur.png\" alt=\" D\u00e9coration int\u00e9rieure\" \/>Jardini\u00e8re ext\u00e9rieur<br \/>\n<\/span><span style=\"color: #000000;\"><strong>Parfum\u00e9<\/strong> :<img decoding=\"async\" class=\"c-cs-product-facets__value-img\" src=\"https:\/\/www.willemsefrance.fr\/files\/126284\/pictos-fiche-produit\/FLGPARFUM.png\" alt=\" Parfum\u00e9\" \/><span class=\"c-cs-product-facets__value-text\">Parfum\u00e9<\/span><\/span><\/p>\n<p><span class=\"c-cs-product-facets__value-text\" style=\"color: #000000;\"><br \/>\n<\/span><strong><span style=\"color: #99cc00;\">JARDINAGE<\/span><\/strong><br \/>\n<span style=\"color: #000000;\"><strong>P\u00e9riode de plantation:<\/strong> printemps &#8211; \u00e9t\u00e9\u00a0<\/span><br \/>\n<span style=\"color: #000000;\"><strong>P\u00e9riode de floraison:<\/strong> \u00e9t\u00e9<br \/>\n<\/span><span style=\"color: #000000;\"><strong>P\u00e9riode de r\u00e9colte<\/strong> : tout l&rsquo;ann\u00e9e<br \/>\n<\/span><span style=\"color: #000000;\"><strong>Plante d\u00e9polluante<\/strong>:<img decoding=\"async\" class=\"c-cs-product-facets__value-img\" src=\"https:\/\/www.willemsefrance.fr\/files\/126284\/pictos-fiche-produit\/flagDepolluante.png\" alt=\" Plante d\u00e9polluante\" \/><span class=\"c-cs-product-facets__value-text\">Plante d\u00e9polluante<\/span><\/span><br \/>\n<span class=\"c-cs-product-facets__value-text\" style=\"color: #000000;\"><strong>Croissance<\/strong>: normale<br \/>\n<strong>Niveau d&rsquo;arrosage<\/strong>:<img decoding=\"async\" class=\"c-cs-product-facets__value-img\" src=\"https:\/\/www.willemsefrance.fr\/files\/126284\/pictos-fiche-produit\/arrosage-2.png\" alt=\" mod\u00e9r\u00e9\" \/>mod\u00e9r\u00e9<br \/>\n<strong>Niveau de soin<\/strong>:<img decoding=\"async\" class=\"c-cs-product-facets__value-img\" src=\"https:\/\/www.willemsefrance.fr\/files\/126284\/pictos-fiche-produit\/entretien-2.png\" alt=\" facile\" \/>facile<br \/>\n<strong>Jardinage:<\/strong><br \/>\n<img decoding=\"async\" class=\"c-cs-product-facets__value-img\" src=\"https:\/\/www.willemsefrance.fr\/files\/126284\/pictos-fiche-produit\/culture-possible-en-pot-ou-en-bac.png\" alt=\" culture possible en pot, en bac\" \/>culture possible en pot, en bac, en plein terre<br \/>\n<\/span><br \/>\n<strong><span style=\"color: #99cc00;\">EMPLACEMENT<\/span><\/strong><br \/>\n<span style=\"color: #000000;\"><strong>Ensoleillement<\/strong>:<br \/>\n<img decoding=\"async\" class=\"c-cs-product-facets__value-img\" src=\"https:\/\/www.willemsefrance.fr\/files\/126284\/pictos-fiche-produit\/conseille-pour-le-plein-soleil.png\" alt=\" conseill\u00e9 pour le plein soleil\" \/><span class=\"c-cs-product-facets__value-text\">conseill\u00e9 pour le plein soleil<\/span><\/span><br \/>\n<span class=\"c-cs-product-facets__value-text\" style=\"color: #000000;\">\u00a0 \u00a0 \u00a0 \u00a0 <span style=\"color: #000000;\"><img decoding=\"async\" class=\"c-cs-product-facets__value-img\" src=\"https:\/\/www.willemsefrance.fr\/files\/126284\/pictos-fiche-produit\/conseille-pour-la-mi-ombre.png\" alt=\" conseill\u00e9 pour la mi-ombre\" \/>conseill\u00e9 pour la mi-ombre ,<\/span><\/span><\/p>\n<p><span class=\"c-cs-product-facets__value-text\" style=\"color: #000000;\"><strong>Type de sol:<\/strong><br \/>\n<\/span>\u00a0 \u00a0 \u00a0 \u00a0<img decoding=\"async\" class=\"c-cs-product-facets__value-img\" src=\"https:\/\/www.willemsefrance.fr\/files\/126284\/pictos-fiche-produit\/sol-ordinaire.png\" alt=\" sol ordinaire de bonne qualit\u00e9\" \/><span class=\"c-cs-product-facets__value-text\" style=\"color: #000000;\">sol ordinaire de bonne qualit\u00e9<br \/>\n<\/span>\u00a0 \u00a0 \u00a0 \u00a0<img decoding=\"async\" class=\"c-cs-product-facets__value-img\" style=\"color: #000000;\" src=\"https:\/\/www.willemsefrance.fr\/files\/126284\/pictos-fiche-produit\/tout-sol.png\" alt=\" Tout type\" \/><span class=\"c-cs-product-facets__value-text\" style=\"color: #000000;\">Tout type<br \/>\n<\/span><span class=\"c-cs-product-facets__value-text\" style=\"color: #000000;\">\u00a0 \u00a0 \u00a0 \u00a0<img decoding=\"async\" class=\"c-cs-product-facets__value-img\" src=\"https:\/\/www.willemsefrance.fr\/files\/126284\/pictos-fiche-produit\/Sol-humide.png\" alt=\" Humide\" \/>Sol hhumide<br \/>\n<strong>Type de climat:<\/strong><\/span><\/p>\n<p><span style=\"color: #000000;\">\u00a0 \u00a0 <img decoding=\"async\" class=\"c-cs-product-facets__value-img\" src=\"https:\/\/www.willemsefrance.fr\/files\/126284\/pictos-fiche-produit\/LIBCLIMAT-mediterraneen.png\" alt=\" R\u00e9gion m\u00e9diterran\u00e9enne\" \/>R\u00e9gion m\u00e9diterran\u00e9enne<\/span><\/p>\n","protected":false},"excerpt":{"rendered":"<h4><span style=\"color: #000000;\">Pot\u00a0 : \u00d8 16 cm\u00a0\u00a0<\/span><\/h4>\n<h4><span style=\"color: #000000;\">Hauteur : 20 cm\u00a0<\/span><\/h4>\n","protected":false},"featured_media":2192,"comment_status":"open","ping_status":"closed","template":"","meta":[],"product_brand":[],"product_cat":[96,55,79],"product_tag":[],"class_list":{"0":"post-2191","1":"product","2":"type-product","3":"status-publish","4":"has-post-thumbnail","6":"product_cat-plante-aromatique","7":"product_cat-plantes-dexterieur","8":"product_cat-plantes-vivaces","9":"","11":"first","12":"outofstock","13":"shipping-taxable","14":"purchasable","15":"product-type-simple"},"_links":{"self":[{"href":"https:\/\/capvert.com.tn\/index.php\/wp-json\/wp\/v2\/product\/2191","targetHints":{"allow":["GET"]}}],"collection":[{"href":"https:\/\/capvert.com.tn\/index.php\/wp-json\/wp\/v2\/product"}],"about":[{"href":"https:\/\/capvert.com.tn\/index.php\/wp-json\/wp\/v2\/types\/product"}],"replies":[{"embeddable":true,"href":"https:\/\/capvert.com.tn\/index.php\/wp-json\/wp\/v2\/comments?post=2191"}],"wp:featuredmedia":[{"embeddable":true,"href":"https:\/\/capvert.com.tn\/index.php\/wp-json\/wp\/v2\/media\/2192"}],"wp:attachment":[{"href":"https:\/\/capvert.com.tn\/index.php\/wp-json\/wp\/v2\/media?parent=2191"}],"wp:term":[{"taxonomy":"product_brand","embeddable":true,"href":"https:\/\/capvert.com.tn\/index.php\/wp-json\/wp\/v2\/product_brand?post=2191"},{"taxonomy":"product_cat","embeddable":true,"href":"https:\/\/capvert.com.tn\/index.php\/wp-json\/wp\/v2\/product_cat?post=2191"},{"taxonomy":"product_tag","embeddable":true,"href":"https:\/\/capvert.com.tn\/index.php\/wp-json\/wp\/v2\/product_tag?post=2191"}],"curies":[{"name":"wp","href":"https:\/\/api.w.org\/{rel}","templated":true}]}}