{"id":2119,"date":"2021-01-19T10:58:53","date_gmt":"2021-01-19T10:58:53","guid":{"rendered":"https:\/\/capvert.com.tn\/?post_type=product&#038;p=2119"},"modified":"2021-01-19T10:58:53","modified_gmt":"2021-01-19T10:58:53","slug":"thomson-navel","status":"publish","type":"product","link":"https:\/\/capvert.com.tn\/index.php\/produit\/thomson-navel\/","title":{"rendered":"Thomson navel"},"content":{"rendered":"<p><span style=\"color: #000000;\"><strong>Nom scientifique :<\/strong>Citrus sinensis &lsquo;Washington Navel&rsquo; , \u0637\u0645\u0633\u0646\u00a0<\/span><\/p>\n<h4><span style=\"color: #000000;\">\u00a0<\/span><strong><span style=\"color: #ff00ff;\">Caract\u00e9ristiques essentielles :<\/span><\/strong><\/h4>\n<p><b style=\"color: #99cc00;\">ESTH\u00c9TIQUE<\/b><\/p>\n<div class=\"facetBlock c-cs-product-facets__container dimension\">\n<div class=\"c-cs-product-facets__facet-name PBShortTxt ng-binding ng-scope\"><span style=\"color: #000000;\"><strong>Hauteur adulte<\/strong>: 2-3 m<br \/>\n<strong>Couleur du fruit :<img decoding=\"async\" class=\"c-cs-product-facets__value-img\" src=\"https:\/\/www.willemsefrance.fr\/files\/126284\/_ico-couleurs\/orange.png\" alt=\" Orange\" \/><\/strong><span class=\"c-cs-product-facets__value-text\">Orange<\/span><\/span><\/div>\n<div>\n<div class=\"c-cs-product-facets__facet-name PBShortTxt ng-binding ng-scope\"><span style=\"color: #000000;\"><strong>Parfum\u00e9<\/strong>:<img decoding=\"async\" class=\"c-cs-product-facets__value-img\" src=\"https:\/\/www.willemsefrance.fr\/files\/126284\/pictos-fiche-produit\/FLGPARFUM.png\" alt=\" Parfum\u00e9\" \/><span class=\"c-cs-product-facets__value-text\">Parfum\u00e9<\/span><\/span><\/div>\n<\/div>\n<\/div>\n<div class=\"facetBlock c-cs-product-facets__container pfloraison\">\n<div class=\"c-cs-product-facets__facet-name PBShortTxt ng-binding ng-scope\"><span style=\"color: #000000;\"><strong>P\u00e9riode de floraison<\/strong>: D\u00e9but du printemps, Fin du printemps, Et\u00e9<\/span><\/div>\n<\/div>\n<div class=\"facetBlock c-cs-product-facets__container utilisation\">\n<div class=\"c-cs-product-facets__facet-name PBShortTxt ng-binding ng-scope\"><span style=\"color: #000000;\"><strong>Type d&rsquo;utilisation:<br \/>\n<\/strong>\u00a0 \u00a0 \u00a0 \u00a0 \u00a0 \u00a0<img decoding=\"async\" class=\"c-cs-product-facets__value-img\" src=\"https:\/\/www.willemsefrance.fr\/files\/126284\/pictos-fiche-produit\/LIBUTI-Isole.png\" alt=\" Isol\u00e9\" \/><span class=\"c-cs-product-facets__value-text\">Isol\u00e9\u00a0<\/span><\/span><\/div>\n<div class=\"c-cs-product-facets__facet-name PBShortTxt ng-binding ng-scope\">\n<p><strong style=\"color: #000000;\">Persistance du feuillage :\u00a0 <\/strong><span style=\"color: #000000;\">Persistant (Conserve ses feuilles en hiver)<br \/>\n<\/span><span style=\"color: #000000;\"><strong>Nature des fruits : <\/strong>Comestible,<\/span><\/p>\n<\/div>\n<div>\n<p><strong><span style=\"color: #99cc00;\">JARDINAGE<br \/>\n<\/span><\/strong><strong style=\"color: #000000;\">P\u00e9riode de livraison<\/strong><span style=\"color: #000000;\"> : Toute l&rsquo;ann\u00e9e\u00a0<\/span><\/p>\n<div class=\"facetBlock c-cs-product-facets__container pplantation\">\n<div class=\"c-cs-product-facets__facet-name PBShortTxt ng-binding ng-scope\"><span style=\"color: #000000;\"><strong>P\u00e9riode de plantation:<\/strong> Toute l&rsquo;ann\u00e9e .<\/span><\/div>\n<\/div>\n<div class=\"facetBlock c-cs-product-facets__container precolte\">\n<div class=\"c-cs-product-facets__facet-name PBShortTxt ng-binding ng-scope\">\n<p><span style=\"color: #000000;\"><strong>P\u00e9riode de r\u00e9colte<\/strong> :en Janvier, F\u00e9vrier, Novembre, D\u00e9cembre<br \/>\n<\/span><strong style=\"color: #000000;\">Niveau d&rsquo;arrosage<\/strong><span style=\"color: #000000;\"> :<\/span><img decoding=\"async\" class=\"c-cs-product-facets__value-img\" style=\"color: #000000;\" src=\"https:\/\/www.willemsefrance.fr\/files\/126284\/pictos-fiche-produit\/arrosage-3.png\" alt=\" moyen\" \/><span class=\"c-cs-product-facets__value-text\" style=\"color: #000000;\">moyen<br \/>\n<\/span><strong style=\"color: #000000;\">Niveau de soin<\/strong><span style=\"color: #000000;\"> : <\/span><img decoding=\"async\" class=\"c-cs-product-facets__value-img\" style=\"color: #000000;\" src=\"https:\/\/www.willemsefrance.fr\/files\/126284\/pictos-fiche-produit\/entretien-2.png\" alt=\" facile\" \/><span class=\"c-cs-product-facets__value-text\" style=\"color: #000000;\">facile<\/span><\/p>\n<\/div>\n<\/div>\n<div class=\"facetBlock c-cs-product-facets__container distance_plantation\">\n<div><span style=\"color: #99cc00;\"><strong>EMPLACEMENT\u00a0<\/strong><\/span><\/div>\n<div>\n<div class=\"facetBlock c-cs-product-facets__container climat\">\n<div class=\"c-cs-product-facets__facet-name PBShortTxt ng-binding ng-scope\"><strong><span style=\"color: #000000;\">Type de climat<\/span><\/strong><\/div>\n<div class=\"c-cs-product-facets__facet-values\">\n<div class=\"c-cs-product-facets__facet-value cs-product-facet__facets-value--type-imageslist is-available\">\n<div class=\"c-cs-product-facets__value region-mediterraneenne ng-scope\"><span style=\"color: #000000;\">\u00a0 \u00a0 \u00a0 \u00a0 \u00a0 \u00a0<img decoding=\"async\" class=\"c-cs-product-facets__value-img\" src=\"https:\/\/www.willemsefrance.fr\/files\/126284\/pictos-fiche-produit\/LIBCLIMAT-mediterraneen.png\" alt=\" R\u00e9gion m\u00e9diterran\u00e9enne\" \/><span class=\"c-cs-product-facets__value-text\">R\u00e9gion m\u00e9diterran\u00e9enne<\/span><\/span><\/div>\n<\/div>\n<div class=\"c-cs-product-facets__facet-value cs-product-facet__facets-value--type-imageslist is-available\">\n<div class=\"c-cs-product-facets__value climat-tempere ng-scope\"><span style=\"color: #000000;\">\u00a0 \u00a0 \u00a0 \u00a0 \u00a0 \u00a0<img decoding=\"async\" class=\"c-cs-product-facets__value-img\" src=\"https:\/\/www.willemsefrance.fr\/files\/126284\/pictos-fiche-produit\/LIBCLIMAT-climat-tempere.png\" alt=\" Climat temp\u00e9r\u00e9\" \/><span class=\"c-cs-product-facets__value-text\">Climat temp\u00e9r\u00e9<\/span><\/span><\/div>\n<\/div>\n<\/div>\n<\/div>\n<div class=\"facetBlock c-cs-product-facets__container sol\">\n<div class=\"c-cs-product-facets__facet-name PBShortTxt ng-binding ng-scope\"><strong><span style=\"color: #000000;\">Type de sol<\/span><\/strong><\/div>\n<div class=\"c-cs-product-facets__facet-values\">\n<div class=\"c-cs-product-facets__facet-value cs-product-facet__facets-value--type-imageslist is-available\">\n<div class=\"c-cs-product-facets__value sableux ng-scope\"><span style=\"color: #000000;\">\u00a0 \u00a0 \u00a0 \u00a0 \u00a0 <img decoding=\"async\" class=\"c-cs-product-facets__value-img\" src=\"https:\/\/www.willemsefrance.fr\/files\/126284\/pictos-fiche-produit\/sol-sableux.png\" alt=\" Sableux\" \/><span class=\"c-cs-product-facets__value-text\">Sableux<\/span><\/span><\/div>\n<\/div>\n<div class=\"c-cs-product-facets__facet-value cs-product-facet__facets-value--type-imageslist is-available\">\n<div class=\"c-cs-product-facets__value sol-acide ng-scope\"><span style=\"color: #000000;\">\u00a0 \u00a0 \u00a0 \u00a0 \u00a0 <img decoding=\"async\" class=\"c-cs-product-facets__value-img\" src=\"https:\/\/www.willemsefrance.fr\/files\/126284\/pictos-fiche-produit\/Sol-acide.png\" alt=\" sol acide\" \/><span class=\"c-cs-product-facets__value-text\">sol acide<\/span><\/span><\/div>\n<\/div>\n<div class=\"c-cs-product-facets__facet-value cs-product-facet__facets-value--type-imageslist is-available\">\n<div class=\"c-cs-product-facets__value sol-ordinaire-de-bonne-qualite ng-scope\"><span style=\"color: #000000;\">\u00a0 \u00a0 \u00a0 \u00a0 \u00a0 <img decoding=\"async\" class=\"c-cs-product-facets__value-img\" src=\"https:\/\/www.willemsefrance.fr\/files\/126284\/pictos-fiche-produit\/sol-ordinaire.png\" alt=\" sol ordinaire de bonne qualit\u00e9\" \/><span class=\"c-cs-product-facets__value-text\">sol ordinaire de bonne qualit\u00e9<\/span><\/span><\/div>\n<\/div>\n<div class=\"c-cs-product-facets__facet-value cs-product-facet__facets-value--type-imageslist is-available\">\n<div class=\"c-cs-product-facets__value sol-sec ng-scope\"><span style=\"color: #000000;\">\u00a0 \u00a0 \u00a0 \u00a0 \u00a0 <img decoding=\"async\" class=\"c-cs-product-facets__value-img\" src=\"https:\/\/www.willemsefrance.fr\/files\/126284\/pictos-fiche-produit\/Sol-sec.png\" alt=\" sol sec\" \/><span class=\"c-cs-product-facets__value-text\">sol sec<\/span><\/span><\/div>\n<\/div>\n<\/div>\n<\/div>\n<div class=\"facetBlock c-cs-product-facets__container ensoleillement\">\n<div class=\"c-cs-product-facets__facet-name PBShortTxt ng-binding ng-scope\"><strong><span style=\"color: #000000;\">Ensoleillement<\/span><\/strong><\/div>\n<div class=\"c-cs-product-facets__facet-values\">\n<div class=\"c-cs-product-facets__facet-value cs-product-facet__facets-value--type-imageslist is-available\">\n<div class=\"c-cs-product-facets__value conseille-pour-le-plein-soleil ng-scope\">\n<p><span style=\"color: #000000;\">\u00a0 \u00a0 \u00a0 \u00a0 \u00a0<img decoding=\"async\" class=\"c-cs-product-facets__value-img\" src=\"https:\/\/www.willemsefrance.fr\/files\/126284\/pictos-fiche-produit\/conseille-pour-le-plein-soleil.png\" alt=\" conseill\u00e9 pour le plein soleil\" \/><span class=\"c-cs-product-facets__value-text\">conseill\u00e9 pour le plein soleil<\/span><\/span><\/p>\n<p>&nbsp;<\/p>\n<\/div>\n<\/div>\n<\/div>\n<\/div>\n<\/div>\n<\/div>\n<\/div>\n<\/div>\n","protected":false},"excerpt":{"rendered":"<h4><span class=\"tooltip tooltip-effect-1\"><span class=\"tooltip-item hauteur\"><img decoding=\"async\" class=\"icones\" src=\"https:\/\/www.mesarbustes.fr\/media\/icones\/hauteur.png\" \/><label>Hauteur des plants \u00a0: <\/label>\u00a0cm\u00a0<\/span><\/span><\/h4>\n<h4><img decoding=\"async\" class=\"icones\" src=\"https:\/\/www.mesarbustes.fr\/media\/icones\/pot.png\" \/><label>Conditionnement \u00a0:\u00a0<\/label><\/h4>\n","protected":false},"featured_media":0,"comment_status":"open","ping_status":"closed","template":"","meta":[],"product_brand":[],"product_cat":[15],"product_tag":[],"class_list":{"0":"post-2119","1":"product","2":"type-product","3":"status-publish","5":"product_cat-plantes-dinterieur","6":"no-thumb","8":"first","9":"instock","10":"shipping-taxable","11":"purchasable","12":"product-type-simple"},"_links":{"self":[{"href":"https:\/\/capvert.com.tn\/index.php\/wp-json\/wp\/v2\/product\/2119","targetHints":{"allow":["GET"]}}],"collection":[{"href":"https:\/\/capvert.com.tn\/index.php\/wp-json\/wp\/v2\/product"}],"about":[{"href":"https:\/\/capvert.com.tn\/index.php\/wp-json\/wp\/v2\/types\/product"}],"replies":[{"embeddable":true,"href":"https:\/\/capvert.com.tn\/index.php\/wp-json\/wp\/v2\/comments?post=2119"}],"wp:attachment":[{"href":"https:\/\/capvert.com.tn\/index.php\/wp-json\/wp\/v2\/media?parent=2119"}],"wp:term":[{"taxonomy":"product_brand","embeddable":true,"href":"https:\/\/capvert.com.tn\/index.php\/wp-json\/wp\/v2\/product_brand?post=2119"},{"taxonomy":"product_cat","embeddable":true,"href":"https:\/\/capvert.com.tn\/index.php\/wp-json\/wp\/v2\/product_cat?post=2119"},{"taxonomy":"product_tag","embeddable":true,"href":"https:\/\/capvert.com.tn\/index.php\/wp-json\/wp\/v2\/product_tag?post=2119"}],"curies":[{"name":"wp","href":"https:\/\/api.w.org\/{rel}","templated":true}]}}