{"id":2095,"date":"2021-01-19T09:07:26","date_gmt":"2021-01-19T09:07:26","guid":{"rendered":"https:\/\/capvert.com.tn\/?post_type=product&#038;p=2095"},"modified":"2025-06-23T09:27:51","modified_gmt":"2025-06-23T09:27:51","slug":"prunier","status":"publish","type":"product","link":"https:\/\/capvert.com.tn\/index.php\/produit\/prunier\/","title":{"rendered":"Prunier \u00ab\u00a0\u0639\u0648\u064a\u0646\u0629 \u062d\u0645\u0631\u0627\u0621 \u0628\u0639\u0644\u064a\u0629\u00a0\u00bb"},"content":{"rendered":"<p><span style=\"color: #000000;\"><strong>Nom scientifique : prunier rouge<\/strong><\/span><br \/>\n<span style=\"color: #000000;\"><strong>Arbuste greff\u00e9 | Porte-greffe :<br \/>\n<\/strong><\/span><\/p>\n<h4><strong><span style=\"color: #ff00ff;\">Caract\u00e9ristiques essentielles :<\/span><\/strong><\/h4>\n<p><b style=\"color: #99cc00;\">ESTH\u00c9TIQUE<\/b><\/p>\n<div class=\"facetBlock c-cs-product-facets__container dimension\">\n<div class=\"c-cs-product-facets__facet-name PBShortTxt ng-binding ng-scope\"><span style=\"color: #000000;\"><strong>Hauteur adulte<\/strong>: de 3 m \u00e0 5<br \/>\n<strong>Couleur du feuillage\u00a0\u00a0 : <\/strong><img decoding=\"async\" class=\"c-cs-product-facets__value-img\" src=\"https:\/\/www.willemsefrance.fr\/files\/126284\/_ico-couleurs\/vert.png\" alt=\" Vert\" \/><span class=\"c-cs-product-facets__value-text\">Vert<\/span><strong><span class=\"c-cs-product-facets__value-text\"><br \/>\n<\/span><\/strong><\/span><strong style=\"color: #000000;\">Couleur de fruits<\/strong><span style=\"color: #000000;\"> :<\/span> <img decoding=\"async\" class=\"c-cs-product-facets__value-img\" src=\"https:\/\/www.willemsefrance.fr\/files\/126284\/_ico-couleurs\/bleu.png\" alt=\" Bleu\" \/><span class=\"c-cs-product-facets__value-text\" style=\"color: #000000;\">Bleu<\/span><\/div>\n<\/div>\n<div class=\"facetBlock c-cs-product-facets__container pfloraison\">\n<div class=\"c-cs-product-facets__facet-name PBShortTxt ng-binding ng-scope\"><span style=\"color: #000000;\"><strong>P\u00e9riode de floraison<\/strong>: D\u00e9but du printemps<\/span><\/div>\n<\/div>\n<div class=\"facetBlock c-cs-product-facets__container utilisation\">\n<div class=\"c-cs-product-facets__facet-name PBShortTxt ng-binding ng-scope\"><span style=\"color: #000000;\"><strong>Type d&rsquo;utilisation:<\/strong><img decoding=\"async\" class=\"c-cs-product-facets__value-img\" src=\"https:\/\/www.willemsefrance.fr\/files\/126284\/pictos-fiche-produit\/LIBUTI-Isole.png\" alt=\" Isol\u00e9\" \/><span class=\"c-cs-product-facets__value-text\">Isol\u00e9<\/span><\/span><\/div>\n<div class=\"c-cs-product-facets__facet-name PBShortTxt ng-binding ng-scope\">\n<p><span style=\"color: #000000;\"><strong>Distance de Plantation<\/strong> :Plantation en haie tous les 1,50 m &#8211; Plantation isol\u00e9<\/span><br \/>\n<strong style=\"color: #000000;\">Persistance du feuillage :\u00a0 <\/strong><span style=\"color: #000000;\">Caduc (Perd ses feuilles en hiver)<br \/>\n<\/span><span style=\"color: #000000;\"><strong>Nature des fruits : <\/strong>Comestible, Sucr\u00e9<\/span><\/p>\n<\/div>\n<div>\n<p><strong><span style=\"color: #99cc00;\">JARDINAGE<br \/>\n<\/span><\/strong><strong style=\"color: #000000;\">P\u00e9riode de livraison<\/strong><span style=\"color: #000000;\"> : Toute l&rsquo;ann\u00e9e\u00a0<\/span><\/p>\n<div class=\"facetBlock c-cs-product-facets__container pplantation\">\n<div class=\"c-cs-product-facets__facet-name PBShortTxt ng-binding ng-scope\"><span style=\"color: #000000;\"><strong>P\u00e9riode de plantation:<\/strong> Toute l&rsquo;ann\u00e9e .<\/span><\/div>\n<\/div>\n<div class=\"facetBlock c-cs-product-facets__container precolte\">\n<div class=\"c-cs-product-facets__facet-name PBShortTxt ng-binding ng-scope\">\n<p><span style=\"color: #000000;\"><strong>P\u00e9riode de r\u00e9colte<\/strong> :en septembre<br \/>\n<\/span><strong style=\"color: #000000;\">Niveau d&rsquo;arrosage<\/strong><span style=\"color: #000000;\"> :<\/span><img decoding=\"async\" class=\"c-cs-product-facets__value-img\" style=\"color: #000000;\" src=\"https:\/\/www.willemsefrance.fr\/files\/126284\/pictos-fiche-produit\/arrosage-3.png\" alt=\" moyen\" \/><span class=\"c-cs-product-facets__value-text\" style=\"color: #000000;\">moyen<br \/>\n<\/span><strong style=\"color: #000000;\">Niveau de soin<\/strong><span style=\"color: #000000;\"> : <\/span><img decoding=\"async\" class=\"c-cs-product-facets__value-img\" style=\"color: #000000;\" src=\"https:\/\/www.willemsefrance.fr\/files\/126284\/pictos-fiche-produit\/entretien-2.png\" alt=\" facile\" \/><span class=\"c-cs-product-facets__value-text\" style=\"color: #000000;\">facile<\/span><\/p>\n<\/div>\n<\/div>\n<div class=\"facetBlock c-cs-product-facets__container distance_plantation\">\n<div><span style=\"color: #99cc00;\"><strong>EMPLACEMENT\u00a0<\/strong><\/span><\/div>\n<div>\n<div class=\"facetBlock c-cs-product-facets__container climat\">\n<div class=\"c-cs-product-facets__facet-name PBShortTxt ng-binding ng-scope\"><strong><span style=\"color: #000000;\">Type de climat<\/span><\/strong><\/div>\n<div class=\"c-cs-product-facets__facet-values\">\n<div class=\"c-cs-product-facets__facet-value cs-product-facet__facets-value--type-imageslist is-available\">\n<div class=\"c-cs-product-facets__value region-mediterraneenne ng-scope\"><span style=\"color: #000000;\">\u00a0 \u00a0 \u00a0 \u00a0 \u00a0 \u00a0<img decoding=\"async\" class=\"c-cs-product-facets__value-img\" src=\"https:\/\/www.willemsefrance.fr\/files\/126284\/pictos-fiche-produit\/LIBCLIMAT-mediterraneen.png\" alt=\" R\u00e9gion m\u00e9diterran\u00e9enne\" \/><span class=\"c-cs-product-facets__value-text\">R\u00e9gion m\u00e9diterran\u00e9enne<\/span><\/span><\/div>\n<\/div>\n<div class=\"c-cs-product-facets__facet-value cs-product-facet__facets-value--type-imageslist is-available\">\n<div class=\"c-cs-product-facets__value climat-tempere ng-scope\"><span style=\"color: #000000;\">\u00a0 \u00a0 \u00a0 \u00a0 \u00a0 \u00a0<img decoding=\"async\" class=\"c-cs-product-facets__value-img\" src=\"https:\/\/www.willemsefrance.fr\/files\/126284\/pictos-fiche-produit\/LIBCLIMAT-climat-tempere.png\" alt=\" Climat temp\u00e9r\u00e9\" \/><span class=\"c-cs-product-facets__value-text\">Climat temp\u00e9r\u00e9<\/span><\/span><\/div>\n<\/div>\n<\/div>\n<\/div>\n<div class=\"facetBlock c-cs-product-facets__container sol\">\n<div class=\"c-cs-product-facets__facet-name PBShortTxt ng-binding ng-scope\"><strong><span style=\"color: #000000;\">Type de sol<\/span><\/strong><\/div>\n<div class=\"c-cs-product-facets__facet-values\">\n<div class=\"c-cs-product-facets__facet-value cs-product-facet__facets-value--type-imageslist is-available\">\n<div class=\"c-cs-product-facets__value sableux ng-scope\"><span style=\"color: #000000;\">\u00a0 \u00a0 \u00a0 \u00a0 \u00a0 <img decoding=\"async\" class=\"c-cs-product-facets__value-img\" src=\"https:\/\/www.willemsefrance.fr\/files\/126284\/pictos-fiche-produit\/sol-sableux.png\" alt=\" Sableux\" \/><span class=\"c-cs-product-facets__value-text\">Sableux<\/span><\/span><\/div>\n<\/div>\n<div class=\"c-cs-product-facets__facet-value cs-product-facet__facets-value--type-imageslist is-available\">\n<div class=\"c-cs-product-facets__value sol-acide ng-scope\"><span style=\"color: #000000;\">\u00a0 \u00a0 \u00a0 \u00a0 \u00a0 <img decoding=\"async\" class=\"c-cs-product-facets__value-img\" src=\"https:\/\/www.willemsefrance.fr\/files\/126284\/pictos-fiche-produit\/Sol-acide.png\" alt=\" sol acide\" \/><span class=\"c-cs-product-facets__value-text\">sol acide<\/span><\/span><\/div>\n<\/div>\n<div class=\"c-cs-product-facets__facet-value cs-product-facet__facets-value--type-imageslist is-available\">\n<div class=\"c-cs-product-facets__value sol-ordinaire-de-bonne-qualite ng-scope\"><span style=\"color: #000000;\">\u00a0 \u00a0 \u00a0 \u00a0 \u00a0 <img decoding=\"async\" class=\"c-cs-product-facets__value-img\" src=\"https:\/\/www.willemsefrance.fr\/files\/126284\/pictos-fiche-produit\/sol-ordinaire.png\" alt=\" sol ordinaire de bonne qualit\u00e9\" \/><span class=\"c-cs-product-facets__value-text\">sol ordinaire de bonne qualit\u00e9<\/span><\/span><\/div>\n<\/div>\n<div class=\"c-cs-product-facets__facet-value cs-product-facet__facets-value--type-imageslist is-available\">\n<div class=\"c-cs-product-facets__value sol-sec ng-scope\"><span style=\"color: #000000;\">\u00a0 \u00a0 \u00a0 \u00a0 \u00a0 <img decoding=\"async\" class=\"c-cs-product-facets__value-img\" src=\"https:\/\/www.willemsefrance.fr\/files\/126284\/pictos-fiche-produit\/Sol-sec.png\" alt=\" sol sec\" \/><span class=\"c-cs-product-facets__value-text\">sol sec<\/span><\/span><\/div>\n<\/div>\n<\/div>\n<\/div>\n<div class=\"facetBlock c-cs-product-facets__container ensoleillement\">\n<div class=\"c-cs-product-facets__facet-name PBShortTxt ng-binding ng-scope\"><strong><span style=\"color: #000000;\">Ensoleillement<\/span><\/strong><\/div>\n<div class=\"c-cs-product-facets__facet-values\">\n<div class=\"c-cs-product-facets__facet-value cs-product-facet__facets-value--type-imageslist is-available\">\n<div class=\"c-cs-product-facets__value conseille-pour-le-plein-soleil ng-scope\"><span style=\"color: #000000;\">\u00a0 \u00a0 \u00a0 \u00a0 \u00a0<img decoding=\"async\" class=\"c-cs-product-facets__value-img\" src=\"https:\/\/www.willemsefrance.fr\/files\/126284\/pictos-fiche-produit\/conseille-pour-le-plein-soleil.png\" alt=\" conseill\u00e9 pour le plein soleil\" \/><span class=\"c-cs-product-facets__value-text\">conseill\u00e9 pour le plein soleil<\/span><\/span><\/div>\n<\/div>\n<\/div>\n<\/div>\n<\/div>\n<\/div>\n<\/div>\n<\/div>\n","protected":false},"excerpt":{"rendered":"<h4><span class=\"tooltip tooltip-effect-1\"><span class=\"tooltip-item hauteur\"><img decoding=\"async\" class=\"icones\" src=\"https:\/\/www.mesarbustes.fr\/media\/icones\/hauteur.png\" \/><label>Hauteur des plants \u00a0: <\/label>\u00a0cm\u00a0<\/span><\/span><\/h4>\n<h4><img decoding=\"async\" class=\"icones\" src=\"https:\/\/www.mesarbustes.fr\/media\/icones\/pot.png\" \/><label>Conditionnement \u00a0:\u00a0<\/label><\/h4>\n","protected":false},"featured_media":0,"comment_status":"open","ping_status":"closed","template":"","meta":[],"product_brand":[],"product_cat":[99],"product_tag":[],"class_list":{"0":"post-2095","1":"product","2":"type-product","3":"status-publish","5":"product_cat-arbres-fruitiers","6":"no-thumb","8":"first","9":"instock","10":"shipping-taxable","11":"purchasable","12":"product-type-simple"},"_links":{"self":[{"href":"https:\/\/capvert.com.tn\/index.php\/wp-json\/wp\/v2\/product\/2095","targetHints":{"allow":["GET"]}}],"collection":[{"href":"https:\/\/capvert.com.tn\/index.php\/wp-json\/wp\/v2\/product"}],"about":[{"href":"https:\/\/capvert.com.tn\/index.php\/wp-json\/wp\/v2\/types\/product"}],"replies":[{"embeddable":true,"href":"https:\/\/capvert.com.tn\/index.php\/wp-json\/wp\/v2\/comments?post=2095"}],"wp:attachment":[{"href":"https:\/\/capvert.com.tn\/index.php\/wp-json\/wp\/v2\/media?parent=2095"}],"wp:term":[{"taxonomy":"product_brand","embeddable":true,"href":"https:\/\/capvert.com.tn\/index.php\/wp-json\/wp\/v2\/product_brand?post=2095"},{"taxonomy":"product_cat","embeddable":true,"href":"https:\/\/capvert.com.tn\/index.php\/wp-json\/wp\/v2\/product_cat?post=2095"},{"taxonomy":"product_tag","embeddable":true,"href":"https:\/\/capvert.com.tn\/index.php\/wp-json\/wp\/v2\/product_tag?post=2095"}],"curies":[{"name":"wp","href":"https:\/\/api.w.org\/{rel}","templated":true}]}}