{"id":2043,"date":"2021-01-18T11:22:45","date_gmt":"2021-01-18T11:22:45","guid":{"rendered":"https:\/\/capvert.com.tn\/?post_type=product&#038;p=2043"},"modified":"2021-07-17T15:42:37","modified_gmt":"2021-07-17T15:42:37","slug":"buxus","status":"publish","type":"product","link":"https:\/\/capvert.com.tn\/index.php\/produit\/buxus\/","title":{"rendered":"Buxus"},"content":{"rendered":"<p><span style=\"color: #000000;\"><strong>Nom latin:<\/strong> Buxus sempervirens ,buis commun\u00a0<\/span><br \/>\n<span style=\"color: #000000;\"><strong>Origine: bassin m\u00e9diterran\u00e9en,<\/strong><\/span><br \/>\n<span style=\"color: #000000;\"><strong>V\u00e9g\u00e9tation:<\/strong> <span class=\"bulle_info2\">Vivace<\/span><\/span><br \/>\n<span style=\"color: #000000;\"><strong>Type de plante:<\/strong> Arbuste \u25b6 Arbuste \u00e0 fleurs<\/span><\/p>\n<h4><span style=\"color: #ff00ff;\"><strong><span class=\"PBSTitle ox-title ng-binding\">Caract\u00e9ristiques essentielles<\/span><\/strong><\/span><\/h4>\n<p><span style=\"color: #ff00ff;\"><span class=\"PBSTitle ox-title ng-binding\"><br \/>\n<\/span><strong><span class=\"PBSTitle ox-title ng-binding\"><span style=\"color: #99cc00;\">ESTH\u00c9TIQUE<\/span><\/span><span class=\"PBSTitle ox-title ng-binding\"><br \/>\n<\/span><\/strong><span class=\"PBSTitle ox-title ng-binding\" style=\"color: #000000;\"><strong>Hauteur adulte:<\/strong> de 1m \u00e0 2m<\/span><\/span><span class=\"c-cs-product-facets__value-text\" style=\"color: #000000;\"><span class=\"c-cs-product-facets__value-text\"><br \/>\n<strong>Couleur des fleurs:<\/strong> blanc<br \/>\n<\/span><\/span><span style=\"color: #000000;\"><strong>Couleur<\/strong> : <img decoding=\"async\" class=\"c-cs-product-facets__value-img\" src=\"https:\/\/www.willemsefrance.fr\/files\/126284\/_ico-couleurs\/vert.png\" alt=\" Vert\" \/><\/span><span class=\"c-cs-product-facets__value-text\"><span style=\"color: #000000;\">Vert<\/span><br \/>\n<\/span><span class=\"c-cs-product-facets__value-text\" style=\"color: #000000;\"><span class=\"c-cs-product-facets__value-text\"><strong>Feuillage<\/strong> :<img decoding=\"async\" class=\"c-cs-product-facets__value-img\" src=\"https:\/\/www.willemsefrance.fr\/files\/126284\/pictos-fiche-produit\/flagFeuillagePersist.png\" alt=\" Feuillage persistant\" \/>Feuillage persistant<br \/>\n<strong>Type d&rsquo;utilisation:<\/strong><br \/>\n<img decoding=\"async\" class=\"c-cs-product-facets__value-img\" src=\"https:\/\/www.willemsefrance.fr\/files\/126284\/pictos-fiche-produit\/LIBUTI-deco-interieur.png\" alt=\" D\u00e9coration int\u00e9rieure\" \/>Jardini\u00e8re, Pot, ext\u00e9rieur<br \/>\n<\/span><\/span>\u00a0 \u00a0 \u00a0 \u00a0 \u00a0 <img decoding=\"async\" class=\"c-cs-product-facets__value-img\" style=\"color: #000000;\" src=\"https:\/\/www.willemsefrance.fr\/files\/126284\/pictos-fiche-produit\/LIBUTI-Massif.png\" alt=\" Massif\" \/><span class=\"c-cs-product-facets__value-text\" style=\"color: #000000;\">Massif <\/span><span style=\"color: #000000;\"><br \/>\n<\/span>\u00a0 \u00a0 \u00a0 \u00a0 \u00a0<img decoding=\"async\" class=\"c-cs-product-facets__value-img\" style=\"color: #000000;\" src=\"https:\/\/www.willemsefrance.fr\/files\/126284\/pictos-fiche-produit\/LIBUTI-Haie.png\" alt=\" Haie\" \/><span class=\"c-cs-product-facets__value-text\" style=\"color: #000000;\">Haie<br \/>\n<\/span>\u00a0 \u00a0 \u00a0 \u00a0 \u00a0 <img decoding=\"async\" class=\"c-cs-product-facets__value-img\" style=\"color: #000000;\" src=\"https:\/\/www.willemsefrance.fr\/files\/126284\/pictos-fiche-produit\/LIBUTI-Bordure.png\" alt=\" Bordure\" \/><span class=\"c-cs-product-facets__value-text\" style=\"color: #000000;\">Bordure<\/span><\/p>\n<p><strong><span style=\"color: #99cc00;\">JARDINAGE<\/span><\/strong><br \/>\n<span style=\"color: #000000;\"><strong>P\u00e9riode de plantation:<\/strong> Toute l&rsquo;ann\u00e9e\u00a0<\/span><br \/>\n<span style=\"color: #000000;\"><strong>P\u00e9riode de floraison<\/strong>: Et\u00e9, Printemps (Mai \u00e0 octobre)<\/span><br \/>\n<span style=\"color: #000000;\"><strong>Plante d\u00e9polluante<\/strong>:<img decoding=\"async\" class=\"c-cs-product-facets__value-img\" src=\"https:\/\/www.willemsefrance.fr\/files\/126284\/pictos-fiche-produit\/flagDepolluante.png\" alt=\" Plante d\u00e9polluante\" \/><span class=\"c-cs-product-facets__value-text\">Plante d\u00e9polluante<\/span><\/span><br \/>\n<span class=\"c-cs-product-facets__value-text\" style=\"color: #000000;\"><strong>Croissance<\/strong>: normale<br \/>\n<strong>Niveau d&rsquo;arrosage<\/strong>:<img decoding=\"async\" class=\"c-cs-product-facets__value-img\" src=\"https:\/\/www.willemsefrance.fr\/files\/126284\/pictos-fiche-produit\/arrosage-2.png\" alt=\" mod\u00e9r\u00e9\" \/><span class=\"c-cs-product-facets__value-text\">mod\u00e9r\u00e9<br \/>\n<strong>Niveau de soin<\/strong>:<img decoding=\"async\" class=\"c-cs-product-facets__value-img\" src=\"https:\/\/www.willemsefrance.fr\/files\/126284\/pictos-fiche-produit\/entretien-2.png\" alt=\" facile\" \/>facile<br \/>\n<strong>Jardinage:<\/strong><br \/>\n<img decoding=\"async\" class=\"c-cs-product-facets__value-img\" src=\"https:\/\/www.willemsefrance.fr\/files\/126284\/pictos-fiche-produit\/culture-possible-en-pot-ou-en-bac.png\" alt=\" culture possible en pot, en bac\" \/>culture possible en pot, en bac<br \/>\n<\/span><\/span><br \/>\n<strong><span style=\"color: #99cc00;\">EMPLACEMENT<\/span><\/strong><br \/>\n<strong><span style=\"color: #000000;\">Ensoleillement:<\/span><\/strong><br \/>\n<span class=\"c-cs-product-facets__value-text\" style=\"color: #000000;\">\u00a0 \u00a0 \u00a0 \u00a0<img decoding=\"async\" class=\"c-cs-product-facets__value-img\" src=\"https:\/\/www.willemsefrance.fr\/files\/126284\/pictos-fiche-produit\/conseille-pour-le-plein-soleil.png\" alt=\" conseill\u00e9 pour le plein soleil\" \/><span class=\"c-cs-product-facets__value-text\">conseill\u00e9 pour le plein soleil<br \/>\n<img decoding=\"async\" class=\"c-cs-product-facets__value-img\" src=\"https:\/\/www.willemsefrance.fr\/files\/126284\/pictos-fiche-produit\/conseille-pour-la-mi-ombre.png\" alt=\" conseill\u00e9 pour la mi-ombre\" \/>conseill\u00e9 pour la mi-ombre<br \/>\n<strong>Type de sol:<\/strong><br \/>\n<img decoding=\"async\" class=\"c-cs-product-facets__value-img\" src=\"https:\/\/www.willemsefrance.fr\/files\/126284\/pictos-fiche-produit\/Sol-argileux.png\" alt=\" Argileux\" \/>Sol argileux<br \/>\n<img decoding=\"async\" class=\"c-cs-product-facets__value-img\" src=\"https:\/\/www.willemsefrance.fr\/files\/126284\/pictos-fiche-produit\/sol-sableux.png\" alt=\" Sableux\" \/>Sol sableux<br \/>\n<img decoding=\"async\" class=\"c-cs-product-facets__value-img\" src=\"https:\/\/www.willemsefrance.fr\/files\/126284\/pictos-fiche-produit\/Sol-humide.png\" alt=\" Humide\" \/>Sol humide<br \/>\n<img decoding=\"async\" class=\"c-cs-product-facets__value-img\" src=\"https:\/\/www.willemsefrance.fr\/files\/126284\/pictos-fiche-produit\/tout-sol.png\" alt=\" Tout type\" \/>Tout type<br \/>\n<strong>Type de climat:<\/strong><br \/>\n<\/span><\/span><\/p>\n<div class=\"c-cs-product-facets__facet-value cs-product-facet__facets-value--type-imageslist is-available\">\n<div class=\"c-cs-product-facets__value bord-de-mer-:-resiste-aux-embruns-et-au-vent ng-scope\"><span style=\"color: #000000;\"><img decoding=\"async\" class=\"c-cs-product-facets__value-img\" src=\"https:\/\/www.willemsefrance.fr\/files\/126284\/pictos-fiche-produit\/LIBCLIMAT-Climat-bord-de-mer.png\" alt=\" Bord de mer : r\u00e9siste aux embruns et au vent\" \/><span class=\"c-cs-product-facets__value-text\">Bord de mer : r\u00e9siste aux embruns et au vent<\/span><\/span><\/div>\n<\/div>\n<div class=\"c-cs-product-facets__facet-value cs-product-facet__facets-value--type-imageslist is-available\">\n<div class=\"c-cs-product-facets__value douceur-ocean ng-scope\"><span style=\"color: #000000;\"><img decoding=\"async\" class=\"c-cs-product-facets__value-img\" src=\"https:\/\/www.willemsefrance.fr\/files\/126284\/pictos-fiche-produit\/LIBCLIMAT-Douceur-Ocean.png\" alt=\" Douceur Oc\u00e9an\" \/><span class=\"c-cs-product-facets__value-text\">Douceur Oc\u00e9an<\/span><\/span><\/div>\n<\/div>\n<div class=\"c-cs-product-facets__facet-value cs-product-facet__facets-value--type-imageslist is-available\">\n<div class=\"c-cs-product-facets__value region-mediterraneenne ng-scope\"><span style=\"color: #000000;\"><img decoding=\"async\" class=\"c-cs-product-facets__value-img\" src=\"https:\/\/www.willemsefrance.fr\/files\/126284\/pictos-fiche-produit\/LIBCLIMAT-mediterraneen.png\" alt=\" R\u00e9gion m\u00e9diterran\u00e9enne\" \/><span class=\"c-cs-product-facets__value-text\">R\u00e9gion m\u00e9diterran\u00e9enne<\/span><\/span><\/div>\n<\/div>\n<div class=\"c-cs-product-facets__facet-value cs-product-facet__facets-value--type-imageslist is-available\">\n<div class=\"c-cs-product-facets__value resistant-aux-vents ng-scope\"><span style=\"color: #000000;\"><img decoding=\"async\" class=\"c-cs-product-facets__value-img\" src=\"https:\/\/www.willemsefrance.fr\/files\/126284\/pictos-fiche-produit\/LIBCLIMAT-Resistant-au-vents.png\" alt=\" R\u00e9sistant aux vents\" \/><span class=\"c-cs-product-facets__value-text\">R\u00e9sistant aux vents<\/span><\/span><\/div>\n<\/div>\n<div class=\"c-cs-product-facets__facet-value cs-product-facet__facets-value--type-imageslist is-available\">\n<div class=\"c-cs-product-facets__value climat-tempere ng-scope\"><span style=\"color: #000000;\"><img decoding=\"async\" class=\"c-cs-product-facets__value-img\" src=\"https:\/\/www.willemsefrance.fr\/files\/126284\/pictos-fiche-produit\/LIBCLIMAT-climat-tempere.png\" alt=\" Climat temp\u00e9r\u00e9\" \/><span class=\"c-cs-product-facets__value-text\">Climat temp\u00e9r\u00e9<\/span><\/span><\/div>\n<\/div>\n<div class=\"c-cs-product-facets__facet-value cs-product-facet__facets-value--type-imageslist is-available\">\n<div class=\"c-cs-product-facets__value resistant-au-climat-montagnard ng-scope\"><span style=\"color: #000000;\"><img decoding=\"async\" class=\"c-cs-product-facets__value-img\" src=\"https:\/\/www.willemsefrance.fr\/files\/126284\/pictos-fiche-produit\/LIBCLIMAT-climat-montagnard.png\" alt=\" R\u00e9sistant au climat montagnard\" \/><span class=\"c-cs-product-facets__value-text\">R\u00e9sistant au climat montagnard<\/span><\/span><\/div>\n<\/div>\n<p><span class=\"c-cs-product-facets__value-text\" style=\"color: #000000;\"><span class=\"c-cs-product-facets__value-text\">\u00a0<\/span><\/span><\/p>\n<p>&nbsp;<\/p>\n","protected":false},"excerpt":{"rendered":"<h4><strong><span style=\"color: #000000;\">Pot:\u00d830<\/span><\/strong><\/h4>\n<h4><strong><span style=\"color: #000000;\">hauteur : en boule 50cm\u00a0<\/span><\/strong><\/h4>\n","protected":false},"featured_media":2211,"comment_status":"open","ping_status":"closed","template":"","meta":[],"product_brand":[],"product_cat":[55,80,79],"product_tag":[],"class_list":{"0":"post-2043","1":"product","2":"type-product","3":"status-publish","4":"has-post-thumbnail","6":"product_cat-plantes-dexterieur","7":"product_cat-plantes-et-arbres-de-haies","8":"product_cat-plantes-vivaces","9":"","11":"first","12":"instock","13":"shipping-taxable","14":"purchasable","15":"product-type-simple"},"_links":{"self":[{"href":"https:\/\/capvert.com.tn\/index.php\/wp-json\/wp\/v2\/product\/2043","targetHints":{"allow":["GET"]}}],"collection":[{"href":"https:\/\/capvert.com.tn\/index.php\/wp-json\/wp\/v2\/product"}],"about":[{"href":"https:\/\/capvert.com.tn\/index.php\/wp-json\/wp\/v2\/types\/product"}],"replies":[{"embeddable":true,"href":"https:\/\/capvert.com.tn\/index.php\/wp-json\/wp\/v2\/comments?post=2043"}],"wp:featuredmedia":[{"embeddable":true,"href":"https:\/\/capvert.com.tn\/index.php\/wp-json\/wp\/v2\/media\/2211"}],"wp:attachment":[{"href":"https:\/\/capvert.com.tn\/index.php\/wp-json\/wp\/v2\/media?parent=2043"}],"wp:term":[{"taxonomy":"product_brand","embeddable":true,"href":"https:\/\/capvert.com.tn\/index.php\/wp-json\/wp\/v2\/product_brand?post=2043"},{"taxonomy":"product_cat","embeddable":true,"href":"https:\/\/capvert.com.tn\/index.php\/wp-json\/wp\/v2\/product_cat?post=2043"},{"taxonomy":"product_tag","embeddable":true,"href":"https:\/\/capvert.com.tn\/index.php\/wp-json\/wp\/v2\/product_tag?post=2043"}],"curies":[{"name":"wp","href":"https:\/\/api.w.org\/{rel}","templated":true}]}}