{"id":2007,"date":"2021-01-18T08:27:17","date_gmt":"2021-01-18T08:27:17","guid":{"rendered":"https:\/\/capvert.com.tn\/?post_type=product&#038;p=2007"},"modified":"2024-07-03T10:16:47","modified_gmt":"2024-07-03T10:16:47","slug":"veronique","status":"publish","type":"product","link":"https:\/\/capvert.com.tn\/index.php\/produit\/veronique\/","title":{"rendered":"V\u00e9ronique"},"content":{"rendered":"<p><strong><span style=\"color: #000000;\">Nom latin :<\/span><\/strong><span style=\"color: #000000;\">Veronique , Hebe<\/span><span class=\"facetvalue\" style=\"color: #000000;\"><span class=\"Facetvaluename\"><br \/>\n<\/span><\/span><strong><span style=\"color: #000000;\">Type de plante :<\/span><\/strong><span style=\"color: #000000;\"> plantes\u00a0 \u00e0 fleures d\u00e9coratif\u00a0<\/span><\/p>\n<h4><span style=\"color: #ff00ff;\"><em><strong><span class=\"PBSTitle ox-title ng-binding\">Caract\u00e9ristiques essentielles :<\/span><\/strong><\/em><\/span><\/h4>\n<div class=\"c-ox-product-detail__facet-section--table\">\n<div class=\"c-ox-product-detail__facet-column ng-scope\">\n<div class=\"c-ox-product-detail__facet-title ng-binding\"><em><strong><span style=\"color: #99cc00;\">ESTH\u00c9TIQUE<\/span><\/strong><\/em><\/div>\n<div class=\"ng-isolate-scope c-cs-product-facets\">\n<div class=\"facetBlock c-cs-product-facets__container dimension\">\n<div class=\"c-cs-product-facets__facet-name PBShortTxt ng-binding ng-scope\"><strong><span style=\"color: #000000;\">Hauteur adulte : <\/span><\/strong><span style=\"color: #000000;\">0.5 m<\/span><span style=\"color: #000000;\">\u00a0<\/span><\/div>\n<\/div>\n<div class=\"facetBlock c-cs-product-facets__container couleur\">\n<div class=\"c-cs-product-facets__facet-name PBShortTxt ng-binding ng-scope\">\n<p><span class=\"c-cs-product-facets__value-text\" style=\"color: #000000;\"><b style=\"color: #000000;\">Couleurs des <\/b><span style=\"color: #000000;\"><b>fleures<\/b><\/span><b style=\"color: #000000;\"> : <img decoding=\"async\" class=\"c-cs-product-facets__value-img\" src=\"https:\/\/www.willemsefrance.fr\/files\/126284\/_ico-couleurs\/melange.png\" alt=\" M\u00e9lange\" \/>mauve<span class=\"c-cs-product-facets__value-text\"><br \/>\ncouleurs des feuilles : <\/span><\/b><span class=\"c-cs-product-facets__value-text\">vert\u00a0\u00a0<\/span><\/span><\/p>\n<\/div>\n<\/div>\n<div class=\"facetBlock c-cs-product-facets__container pfloraison\">\n<div class=\"c-cs-product-facets__facet-name PBShortTxt ng-binding ng-scope\"><strong><span style=\"color: #000000;\">P\u00e9riode de floraison : <\/span><\/strong><span style=\"color: #000000;\">printemps ,\u00e9t\u00e9\u00a0<\/span><span style=\"color: #000000;\"><span class=\"bulle_info2\"><br \/>\n<\/span><\/span><strong><span style=\"color: #000000;\">Type d&rsquo;utilisation:<br \/>\n<\/span><\/strong>\u00a0 \u00a0 \u00a0 \u00a0 \u00a0 \u00a0 <img decoding=\"async\" class=\"c-cs-product-facets__value-img\" style=\"color: #000000;\" src=\"https:\/\/www.willemsefrance.fr\/files\/126284\/pictos-fiche-produit\/LIBUTI-Isole.png\" alt=\" Isol\u00e9\" \/><span class=\"c-cs-product-facets__value-text\" style=\"color: #000000;\">Isol\u00e9<br \/>\n<img decoding=\"async\" class=\"c-cs-product-facets__value-img\" src=\"https:\/\/www.willemsefrance.fr\/files\/126284\/pictos-fiche-produit\/LIBUTI-Jardiniere.png\" alt=\" Jardini\u00e8re\" \/><span class=\"c-cs-product-facets__value-text\">Jardini\u00e8re<br \/>\n<img decoding=\"async\" class=\"c-cs-product-facets__value-img\" src=\"https:\/\/www.willemsefrance.fr\/files\/126284\/pictos-fiche-produit\/LIBUTI-Bordure.png\" alt=\" Bordure\" \/>Bordure<\/span><br \/>\n<\/span>\u00a0 \u00a0 \u00a0 \u00a0 \u00a0 \u00a0<img decoding=\"async\" class=\"c-cs-product-facets__value-img\" style=\"color: #000000;\" src=\"https:\/\/www.willemsefrance.fr\/files\/126284\/pictos-fiche-produit\/LIBUTI-Massif.png\" alt=\" Massif\" \/><span class=\"c-cs-product-facets__value-text\" style=\"color: #000000;\">Massif<br \/>\n<\/span><\/div>\n<\/div>\n<\/div>\n<\/div>\n<div class=\"c-ox-product-detail__facet-column ng-scope\">\n<div class=\"c-ox-product-detail__facet-title ng-binding\"><em><strong><span style=\"color: #99cc00;\">JARDINAGE<\/span><\/strong><\/em><\/div>\n<div class=\"ng-isolate-scope c-cs-product-facets\">\n<div class=\"facetBlock c-cs-product-facets__container plivraison\">\n<div class=\"c-cs-product-facets__facet-name PBShortTxt ng-binding ng-scope\"><strong><span style=\"color: #000000;\">P\u00e9riode de livraison : printemps<\/span><\/strong><\/div>\n<\/div>\n<div class=\"facetBlock c-cs-product-facets__container pplantation\">\n<div class=\"c-cs-product-facets__facet-name PBShortTxt ng-binding ng-scope\"><strong><span style=\"color: #000000;\">P\u00e9riode de plantation : printemps<\/span><\/strong><\/div>\n<\/div>\n<div class=\"facetBlock c-cs-product-facets__container arrosage\">\n<div class=\"c-cs-product-facets__facet-name PBShortTxt ng-binding ng-scope\"><strong><span style=\"color: #000000;\">Niveau d&rsquo;arrosage : <\/span><\/strong><img decoding=\"async\" class=\"c-cs-product-facets__value-img\" style=\"color: #000000;\" src=\"https:\/\/www.willemsefrance.fr\/files\/126284\/pictos-fiche-produit\/arrosage-2.png\" alt=\" mod\u00e9r\u00e9\" \/><span class=\"c-cs-product-facets__value-text\" style=\"color: #000000;\">mod\u00e9r\u00e9<\/span><\/div>\n<\/div>\n<div class=\"facetBlock c-cs-product-facets__container soin\">\n<div class=\"c-cs-product-facets__facet-name PBShortTxt ng-binding ng-scope\">\n<p><strong><span style=\"color: #000000;\">Niveau de soin : <\/span><\/strong><img decoding=\"async\" class=\"c-cs-product-facets__value-img\" style=\"color: #000000;\" src=\"https:\/\/www.willemsefrance.fr\/files\/126284\/pictos-fiche-produit\/entretien-2.png\" alt=\" facile\" \/><span class=\"c-cs-product-facets__value-text\" style=\"color: #000000;\">facile\u00a0 \u00a0<\/span><\/p>\n<\/div>\n<\/div>\n<div class=\"facetBlock c-cs-product-facets__container distance_plantation\">\n<div class=\"c-cs-product-facets__facet-name PBShortTxt ng-binding ng-scope\"><\/div>\n<div><\/div>\n<\/div>\n<\/div>\n<\/div>\n<div class=\"c-ox-product-detail__facet-column ng-scope\">\n<div class=\"c-ox-product-detail__facet-title ng-binding\"><span style=\"color: #99cc00;\"><em><strong>EMPLACEMENT<\/strong><\/em><\/span><\/div>\n<div class=\"ng-isolate-scope c-cs-product-facets\">\n<div class=\"facetBlock c-cs-product-facets__container climat\">\n<div class=\"c-cs-product-facets__facet-name PBShortTxt ng-binding ng-scope\"><strong><span style=\"color: #000000;\">Type de climat:<\/span><\/strong><\/div>\n<div class=\"c-cs-product-facets__facet-values\">\n<div class=\"c-cs-product-facets__facet-value cs-product-facet__facets-value--type-imageslist is-available\">\n<div class=\"c-cs-product-facets__value bord-de-mer-:-resiste-aux-embruns-et-au-vent ng-scope\"><\/div>\n<\/div>\n<div class=\"c-cs-product-facets__facet-value cs-product-facet__facets-value--type-imageslist is-available\">\n<div class=\"c-cs-product-facets__value region-mediterraneenne ng-scope\"><span style=\"color: #000000;\">\u00a0 \u00a0 \u00a0 \u00a0 \u00a0 \u00a0<img decoding=\"async\" class=\"c-cs-product-facets__value-img\" src=\"https:\/\/www.willemsefrance.fr\/files\/126284\/pictos-fiche-produit\/LIBCLIMAT-mediterraneen.png\" alt=\" R\u00e9gion m\u00e9diterran\u00e9enne\" \/><span class=\"c-cs-product-facets__value-text\">R\u00e9gion m\u00e9diterran\u00e9enne<\/span><\/span><\/div>\n<\/div>\n<div class=\"c-cs-product-facets__facet-value cs-product-facet__facets-value--type-imageslist is-available\">\n<div class=\"c-cs-product-facets__value climat-tempere ng-scope\"><span style=\"color: #000000;\">\u00a0 \u00a0 \u00a0 \u00a0 \u00a0 \u00a0<img decoding=\"async\" class=\"c-cs-product-facets__value-img\" src=\"https:\/\/www.willemsefrance.fr\/files\/126284\/pictos-fiche-produit\/LIBCLIMAT-climat-tempere.png\" alt=\" Climat temp\u00e9r\u00e9\" \/><span class=\"c-cs-product-facets__value-text\">Climat temp\u00e9r\u00e9<\/span><\/span><\/div>\n<\/div>\n<\/div>\n<\/div>\n<div class=\"facetBlock c-cs-product-facets__container sol\">\n<div class=\"c-cs-product-facets__facet-name PBShortTxt ng-binding ng-scope\"><strong><span style=\"color: #000000;\">Type de sol:<\/span><\/strong><\/div>\n<div class=\"c-cs-product-facets__facet-values\">\n<div class=\"c-cs-product-facets__facet-value cs-product-facet__facets-value--type-imageslist is-available\">\n<div class=\"c-cs-product-facets__value argileux ng-scope\"><span style=\"color: #000000;\">\u00a0 \u00a0 \u00a0 \u00a0 \u00a0 <img decoding=\"async\" class=\"c-cs-product-facets__value-img\" src=\"https:\/\/www.willemsefrance.fr\/files\/126284\/pictos-fiche-produit\/Sol-argileux.png\" alt=\" Argileux\" \/><span class=\"c-cs-product-facets__value-text\">Argileux<\/span><\/span><\/div>\n<\/div>\n<div class=\"c-cs-product-facets__facet-value cs-product-facet__facets-value--type-imageslist is-available\">\n<div class=\"c-cs-product-facets__value sableux ng-scope\"><span style=\"color: #000000;\">\u00a0 \u00a0 \u00a0 \u00a0 \u00a0 <img decoding=\"async\" class=\"c-cs-product-facets__value-img\" src=\"https:\/\/www.willemsefrance.fr\/files\/126284\/pictos-fiche-produit\/sol-sableux.png\" alt=\" Sableux\" \/><span class=\"c-cs-product-facets__value-text\">Sableux<\/span><\/span><\/div>\n<\/div>\n<div class=\"c-cs-product-facets__facet-value cs-product-facet__facets-value--type-imageslist is-available\">\n<div class=\"c-cs-product-facets__value sol-ordinaire-de-bonne-qualite ng-scope\"><span style=\"color: #000000;\">\u00a0 \u00a0 \u00a0 \u00a0 \u00a0 <img decoding=\"async\" class=\"c-cs-product-facets__value-img\" src=\"https:\/\/www.willemsefrance.fr\/files\/126284\/pictos-fiche-produit\/sol-ordinaire.png\" alt=\" sol ordinaire de bonne qualit\u00e9\" \/><span class=\"c-cs-product-facets__value-text\">sol ordinaire de bonne qualit\u00e9<\/span><\/span><\/div>\n<\/div>\n<div class=\"c-cs-product-facets__facet-value cs-product-facet__facets-value--type-imageslist is-available\">\n<div class=\"c-cs-product-facets__value calcaire ng-scope\"><\/div>\n<\/div>\n<\/div>\n<\/div>\n<div class=\"facetBlock c-cs-product-facets__container ensoleillement\">\n<div class=\"c-cs-product-facets__facet-name PBShortTxt ng-binding ng-scope\"><strong><span style=\"color: #000000;\">Ensoleillement:<\/span><\/strong><\/div>\n<div class=\"c-cs-product-facets__facet-values\">\n<div class=\"c-cs-product-facets__facet-value cs-product-facet__facets-value--type-imageslist is-available\">\n<div class=\"c-cs-product-facets__value conseille-pour-le-plein-soleil ng-scope\">\n<p><span style=\"color: #000000;\">\u00a0 \u00a0 \u00a0 \u00a0 \u00a0 \u00a0 \u00a0 \u00a0 <img decoding=\"async\" class=\"c-cs-product-facets__value-img\" src=\"https:\/\/www.willemsefrance.fr\/files\/126284\/pictos-fiche-produit\/conseille-pour-le-plein-soleil.png\" alt=\" conseill\u00e9 pour le plein soleil\" \/><span class=\"c-cs-product-facets__value-text\">conseill\u00e9 pour le plein soleil<\/span><\/span><\/p>\n<\/div>\n<\/div>\n<\/div>\n<\/div>\n<\/div>\n<\/div>\n<\/div>\n","protected":false},"excerpt":{"rendered":"<h4><span style=\"color: #000000;\">Pot :\u00d8 24 cm\u00a0<\/span><\/h4>\n<h4><span style=\"color: #000000;\">hauteur : 30 cm<\/span><\/h4>\n","protected":false},"featured_media":2010,"comment_status":"open","ping_status":"closed","template":"","meta":[],"product_brand":[],"product_cat":[81,55,79],"product_tag":[],"class_list":{"0":"post-2007","1":"product","2":"type-product","3":"status-publish","4":"has-post-thumbnail","6":"product_cat-floraison-printaniere","7":"product_cat-plantes-dexterieur","8":"product_cat-plantes-vivaces","9":"","11":"first","12":"instock","13":"shipping-taxable","14":"purchasable","15":"product-type-simple"},"_links":{"self":[{"href":"https:\/\/capvert.com.tn\/index.php\/wp-json\/wp\/v2\/product\/2007","targetHints":{"allow":["GET"]}}],"collection":[{"href":"https:\/\/capvert.com.tn\/index.php\/wp-json\/wp\/v2\/product"}],"about":[{"href":"https:\/\/capvert.com.tn\/index.php\/wp-json\/wp\/v2\/types\/product"}],"replies":[{"embeddable":true,"href":"https:\/\/capvert.com.tn\/index.php\/wp-json\/wp\/v2\/comments?post=2007"}],"wp:featuredmedia":[{"embeddable":true,"href":"https:\/\/capvert.com.tn\/index.php\/wp-json\/wp\/v2\/media\/2010"}],"wp:attachment":[{"href":"https:\/\/capvert.com.tn\/index.php\/wp-json\/wp\/v2\/media?parent=2007"}],"wp:term":[{"taxonomy":"product_brand","embeddable":true,"href":"https:\/\/capvert.com.tn\/index.php\/wp-json\/wp\/v2\/product_brand?post=2007"},{"taxonomy":"product_cat","embeddable":true,"href":"https:\/\/capvert.com.tn\/index.php\/wp-json\/wp\/v2\/product_cat?post=2007"},{"taxonomy":"product_tag","embeddable":true,"href":"https:\/\/capvert.com.tn\/index.php\/wp-json\/wp\/v2\/product_tag?post=2007"}],"curies":[{"name":"wp","href":"https:\/\/api.w.org\/{rel}","templated":true}]}}