{"id":1950,"date":"2021-01-17T19:10:29","date_gmt":"2021-01-17T19:10:29","guid":{"rendered":"https:\/\/capvert.com.tn\/?post_type=product&#038;p=1950"},"modified":"2021-02-10T10:13:48","modified_gmt":"2021-02-10T10:13:48","slug":"dimorphoteca","status":"publish","type":"product","link":"https:\/\/capvert.com.tn\/index.php\/produit\/dimorphoteca\/","title":{"rendered":"Dimorphoteca"},"content":{"rendered":"<p><strong><span style=\"color: #000000;\">Nom latin : <\/span><\/strong><span style=\"color: #000000;\">dimorphoteca<br \/>\n<strong>Nom commun:\u00a0 <\/strong>dimorphoteca\u00a0<\/span><span style=\"color: #000000;\"><br \/>\n<\/span><strong><span style=\"color: #000000;\">Type de plante : <\/span><\/strong><span style=\"color: #000000;\">Fleur \u25b6 Plante \u00e0 fleurs \/ <\/span><span style=\"color: #000000;\">Arbuste \u25b6 Arbuste \u00e0 fleurs<\/span><\/p>\n<h4><span style=\"color: #ff00ff;\"><em><strong><span class=\"PBSTitle ox-title ng-binding\">Caract\u00e9ristiques essentielles :<\/span><\/strong><\/em><\/span><\/h4>\n<div class=\"c-ox-product-detail__facet-section--table\">\n<div class=\"c-ox-product-detail__facet-column ng-scope\">\n<div class=\"c-ox-product-detail__facet-title ng-binding\"><em><strong><span style=\"color: #99cc00;\">ESTH\u00c9TIQUE<\/span><\/strong><\/em><\/div>\n<div class=\"ng-isolate-scope c-cs-product-facets\">\n<div class=\"facetBlock c-cs-product-facets__container dimension\">\n<div class=\"c-cs-product-facets__facet-name PBShortTxt ng-binding ng-scope\"><strong><span style=\"color: #000000;\">Hauteur adulte : <\/span><\/strong><span style=\"color: #000000;\">0.5 m<\/span><\/div>\n<\/div>\n<div class=\"facetBlock c-cs-product-facets__container couleur\">\n<div class=\"c-cs-product-facets__facet-name PBShortTxt ng-binding ng-scope\"><strong><span style=\"color: #000000;\">Couleur des fleurs : <\/span><\/strong><span style=\"color: #000000;\">violet ou blanc\u00a0<\/span><span class=\"c-cs-product-facets__value-text\" style=\"color: #000000;\"><br \/>\n<strong>Couleurs des feuilles :<\/strong> vert<\/span><\/div>\n<\/div>\n<div class=\"facetBlock c-cs-product-facets__container pfloraison\">\n<div class=\"c-cs-product-facets__facet-name PBShortTxt ng-binding ng-scope\"><strong><span style=\"color: #000000;\">P\u00e9riode de floraison : <\/span><\/strong><span style=\"color: #000000;\">printemps<\/span><span style=\"color: #000000;\"><span class=\"bulle_info2\"><br \/>\n<\/span><\/span><strong><span style=\"color: #000000;\">Type d&rsquo;utilisation:<br \/>\n<\/span><\/strong>\u00a0 \u00a0 \u00a0 \u00a0 \u00a0 \u00a0 <img decoding=\"async\" class=\"c-cs-product-facets__value-img\" style=\"color: #000000;\" src=\"https:\/\/www.willemsefrance.fr\/files\/126284\/pictos-fiche-produit\/LIBUTI-Isole.png\" alt=\" Isol\u00e9\" \/><span class=\"c-cs-product-facets__value-text\" style=\"color: #000000;\">Isol\u00e9<br \/>\n<img decoding=\"async\" class=\"c-cs-product-facets__value-img\" src=\"https:\/\/www.willemsefrance.fr\/files\/126284\/pictos-fiche-produit\/LIBUTI-Jardiniere.png\" alt=\" Jardini\u00e8re\" \/><span class=\"c-cs-product-facets__value-text\">Jardini\u00e8re<br \/>\n<img decoding=\"async\" class=\"c-cs-product-facets__value-img\" src=\"https:\/\/www.willemsefrance.fr\/files\/126284\/pictos-fiche-produit\/LIBUTI-Bordure.png\" alt=\" Bordure\" \/>Bordure<\/span><br \/>\n<\/span>\u00a0 \u00a0 \u00a0 \u00a0 \u00a0 \u00a0<img decoding=\"async\" class=\"c-cs-product-facets__value-img\" style=\"color: #000000;\" src=\"https:\/\/www.willemsefrance.fr\/files\/126284\/pictos-fiche-produit\/LIBUTI-Massif.png\" alt=\" Massif\" \/><span class=\"c-cs-product-facets__value-text\" style=\"color: #000000;\">Massif<br \/>\n<\/span>\u00a0 \u00a0 \u00a0 \u00a0 \u00a0 \u00a0 <img decoding=\"async\" class=\"c-cs-product-facets__value-img\" style=\"color: #000000;\" src=\"https:\/\/www.willemsefrance.fr\/files\/126284\/pictos-fiche-produit\/LIBUTI-Haie.png\" alt=\" Haie\" \/><span class=\"c-cs-product-facets__value-text\" style=\"color: #000000;\">Haie<\/span><\/div>\n<\/div>\n<\/div>\n<\/div>\n<div class=\"c-ox-product-detail__facet-column ng-scope\">\n<div class=\"c-ox-product-detail__facet-title ng-binding\"><em><strong><span style=\"color: #99cc00;\">JARDINAGE<\/span><\/strong><\/em><\/div>\n<div class=\"ng-isolate-scope c-cs-product-facets\">\n<div class=\"facetBlock c-cs-product-facets__container plivraison\">\n<div class=\"c-cs-product-facets__facet-name PBShortTxt ng-binding ng-scope\"><strong><span style=\"color: #000000;\">P\u00e9riode de livraison : <\/span><\/strong><span style=\"color: #000000;\">Printemps\u00a0<\/span><\/div>\n<\/div>\n<div class=\"facetBlock c-cs-product-facets__container pplantation\">\n<div class=\"c-cs-product-facets__facet-name PBShortTxt ng-binding ng-scope\"><strong><span style=\"color: #000000;\">P\u00e9riode de plantation : <\/span><\/strong><span style=\"color: #000000;\">Printemps\u00a0<\/span><\/div>\n<\/div>\n<div class=\"facetBlock c-cs-product-facets__container arrosage\">\n<div class=\"c-cs-product-facets__facet-name PBShortTxt ng-binding ng-scope\"><strong><span style=\"color: #000000;\">Niveau d&rsquo;arrosage : <\/span><\/strong><img decoding=\"async\" class=\"c-cs-product-facets__value-img\" style=\"color: #000000;\" src=\"https:\/\/www.willemsefrance.fr\/files\/126284\/pictos-fiche-produit\/arrosage-2.png\" alt=\" mod\u00e9r\u00e9\" \/><span class=\"c-cs-product-facets__value-text\" style=\"color: #000000;\">mod\u00e9r\u00e9<\/span><\/div>\n<\/div>\n<div class=\"facetBlock c-cs-product-facets__container soin\">\n<div class=\"c-cs-product-facets__facet-name PBShortTxt ng-binding ng-scope\"><strong><span style=\"color: #000000;\">Niveau de soin : <\/span><\/strong><img decoding=\"async\" class=\"c-cs-product-facets__value-img\" style=\"color: #000000;\" src=\"https:\/\/www.willemsefrance.fr\/files\/126284\/pictos-fiche-produit\/entretien-2.png\" alt=\" facile\" \/><span class=\"c-cs-product-facets__value-text\" style=\"color: #000000;\">facile<\/span><\/div>\n<\/div>\n<div class=\"facetBlock c-cs-product-facets__container distance_plantation\">\n<div class=\"c-cs-product-facets__facet-name PBShortTxt ng-binding ng-scope\"><\/div>\n<div><\/div>\n<\/div>\n<\/div>\n<\/div>\n<div class=\"c-ox-product-detail__facet-column ng-scope\">\n<div class=\"c-ox-product-detail__facet-title ng-binding\"><span style=\"color: #99cc00;\"><em><strong>EMPLACEMENT<\/strong><\/em><\/span><\/div>\n<div class=\"ng-isolate-scope c-cs-product-facets\">\n<div class=\"facetBlock c-cs-product-facets__container climat\">\n<div class=\"c-cs-product-facets__facet-name PBShortTxt ng-binding ng-scope\"><strong><span style=\"color: #000000;\">Type de climat:<\/span><\/strong><\/div>\n<div class=\"c-cs-product-facets__facet-values\">\n<div class=\"c-cs-product-facets__facet-value cs-product-facet__facets-value--type-imageslist is-available\">\n<div class=\"c-cs-product-facets__value bord-de-mer-:-resiste-aux-embruns-et-au-vent ng-scope\"><\/div>\n<\/div>\n<div class=\"c-cs-product-facets__facet-value cs-product-facet__facets-value--type-imageslist is-available\">\n<div class=\"c-cs-product-facets__value region-mediterraneenne ng-scope\"><span style=\"color: #000000;\">\u00a0 \u00a0 \u00a0 \u00a0 \u00a0 \u00a0<img decoding=\"async\" class=\"c-cs-product-facets__value-img\" src=\"https:\/\/www.willemsefrance.fr\/files\/126284\/pictos-fiche-produit\/LIBCLIMAT-mediterraneen.png\" alt=\" R\u00e9gion m\u00e9diterran\u00e9enne\" \/><span class=\"c-cs-product-facets__value-text\">R\u00e9gion m\u00e9diterran\u00e9enne<\/span><\/span><\/div>\n<\/div>\n<div class=\"c-cs-product-facets__facet-value cs-product-facet__facets-value--type-imageslist is-available\">\n<div class=\"c-cs-product-facets__value climat-tempere ng-scope\"><span style=\"color: #000000;\">\u00a0 \u00a0 \u00a0 \u00a0 \u00a0 \u00a0<img decoding=\"async\" class=\"c-cs-product-facets__value-img\" src=\"https:\/\/www.willemsefrance.fr\/files\/126284\/pictos-fiche-produit\/LIBCLIMAT-climat-tempere.png\" alt=\" Climat temp\u00e9r\u00e9\" \/><span class=\"c-cs-product-facets__value-text\">Climat temp\u00e9r\u00e9<\/span><\/span><\/div>\n<\/div>\n<\/div>\n<\/div>\n<div class=\"facetBlock c-cs-product-facets__container sol\">\n<div class=\"c-cs-product-facets__facet-name PBShortTxt ng-binding ng-scope\"><strong><span style=\"color: #000000;\">Type de sol:<\/span><\/strong><\/div>\n<div class=\"c-cs-product-facets__facet-values\">\n<div class=\"c-cs-product-facets__facet-value cs-product-facet__facets-value--type-imageslist is-available\">\n<div class=\"c-cs-product-facets__value argileux ng-scope\"><span style=\"color: #000000;\">\u00a0 \u00a0 \u00a0 \u00a0 \u00a0 <img decoding=\"async\" class=\"c-cs-product-facets__value-img\" src=\"https:\/\/www.willemsefrance.fr\/files\/126284\/pictos-fiche-produit\/Sol-argileux.png\" alt=\" Argileux\" \/><span class=\"c-cs-product-facets__value-text\">Argileux<\/span><\/span><\/div>\n<\/div>\n<div class=\"c-cs-product-facets__facet-value cs-product-facet__facets-value--type-imageslist is-available\">\n<div class=\"c-cs-product-facets__value sableux ng-scope\"><span style=\"color: #000000;\">\u00a0 \u00a0 \u00a0 \u00a0 \u00a0 <img decoding=\"async\" class=\"c-cs-product-facets__value-img\" src=\"https:\/\/www.willemsefrance.fr\/files\/126284\/pictos-fiche-produit\/sol-sableux.png\" alt=\" Sableux\" \/><span class=\"c-cs-product-facets__value-text\">Sableux<\/span><\/span><\/div>\n<\/div>\n<div class=\"c-cs-product-facets__facet-value cs-product-facet__facets-value--type-imageslist is-available\">\n<div class=\"c-cs-product-facets__value sol-ordinaire-de-bonne-qualite ng-scope\"><span style=\"color: #000000;\">\u00a0 \u00a0 \u00a0 \u00a0 \u00a0 <img decoding=\"async\" class=\"c-cs-product-facets__value-img\" src=\"https:\/\/www.willemsefrance.fr\/files\/126284\/pictos-fiche-produit\/sol-ordinaire.png\" alt=\" sol ordinaire de bonne qualit\u00e9\" \/><span class=\"c-cs-product-facets__value-text\">sol ordinaire de bonne qualit\u00e9<\/span><\/span><\/div>\n<\/div>\n<div class=\"c-cs-product-facets__facet-value cs-product-facet__facets-value--type-imageslist is-available\">\n<div class=\"c-cs-product-facets__value calcaire ng-scope\"><\/div>\n<\/div>\n<\/div>\n<\/div>\n<div class=\"facetBlock c-cs-product-facets__container ensoleillement\">\n<div class=\"c-cs-product-facets__facet-name PBShortTxt ng-binding ng-scope\"><strong><span style=\"color: #000000;\">Ensoleillement:<\/span><\/strong><\/div>\n<div class=\"c-cs-product-facets__facet-values\">\n<div class=\"c-cs-product-facets__facet-value cs-product-facet__facets-value--type-imageslist is-available\">\n<div class=\"c-cs-product-facets__value conseille-pour-le-plein-soleil ng-scope\"><span style=\"color: #000000;\">\u00a0 \u00a0 \u00a0 \u00a0 \u00a0 \u00a0 \u00a0 \u00a0 <img decoding=\"async\" class=\"c-cs-product-facets__value-img\" src=\"https:\/\/www.willemsefrance.fr\/files\/126284\/pictos-fiche-produit\/conseille-pour-le-plein-soleil.png\" alt=\" conseill\u00e9 pour le plein soleil\" \/><span class=\"c-cs-product-facets__value-text\">conseill\u00e9 pour le plein soleil<\/span><\/span><\/div>\n<\/div>\n<\/div>\n<\/div>\n<\/div>\n<\/div>\n<\/div>\n","protected":false},"excerpt":{"rendered":"<h4><span style=\"color: #000000;\">Pot :\u00d8 16 cm\u00a0<\/span><\/h4>\n<h4><span style=\"color: #000000;\">hauteur : 10 cm<\/span><\/h4>\n","protected":false},"featured_media":1951,"comment_status":"open","ping_status":"closed","template":"","meta":[],"product_brand":[],"product_cat":[81,55],"product_tag":[],"class_list":{"0":"post-1950","1":"product","2":"type-product","3":"status-publish","4":"has-post-thumbnail","6":"product_cat-floraison-printaniere","7":"product_cat-plantes-dexterieur","8":"","10":"first","11":"instock","12":"shipping-taxable","13":"purchasable","14":"product-type-simple"},"_links":{"self":[{"href":"https:\/\/capvert.com.tn\/index.php\/wp-json\/wp\/v2\/product\/1950","targetHints":{"allow":["GET"]}}],"collection":[{"href":"https:\/\/capvert.com.tn\/index.php\/wp-json\/wp\/v2\/product"}],"about":[{"href":"https:\/\/capvert.com.tn\/index.php\/wp-json\/wp\/v2\/types\/product"}],"replies":[{"embeddable":true,"href":"https:\/\/capvert.com.tn\/index.php\/wp-json\/wp\/v2\/comments?post=1950"}],"wp:featuredmedia":[{"embeddable":true,"href":"https:\/\/capvert.com.tn\/index.php\/wp-json\/wp\/v2\/media\/1951"}],"wp:attachment":[{"href":"https:\/\/capvert.com.tn\/index.php\/wp-json\/wp\/v2\/media?parent=1950"}],"wp:term":[{"taxonomy":"product_brand","embeddable":true,"href":"https:\/\/capvert.com.tn\/index.php\/wp-json\/wp\/v2\/product_brand?post=1950"},{"taxonomy":"product_cat","embeddable":true,"href":"https:\/\/capvert.com.tn\/index.php\/wp-json\/wp\/v2\/product_cat?post=1950"},{"taxonomy":"product_tag","embeddable":true,"href":"https:\/\/capvert.com.tn\/index.php\/wp-json\/wp\/v2\/product_tag?post=1950"}],"curies":[{"name":"wp","href":"https:\/\/api.w.org\/{rel}","templated":true}]}}