{"id":1907,"date":"2023-05-26T10:13:51","date_gmt":"2023-05-26T10:13:51","guid":{"rendered":"https:\/\/capvert.com.tn\/?post_type=product&#038;p=1907"},"modified":"2024-12-18T11:07:08","modified_gmt":"2024-12-18T11:07:08","slug":"callistemum","status":"publish","type":"product","link":"https:\/\/capvert.com.tn\/index.php\/produit\/callistemum\/","title":{"rendered":"callistemum"},"content":{"rendered":"<p><span style=\"color: #000000;\"><strong>Nom latin<\/strong> : Callistemon, Rince-bouteille<\/span><br \/>\n<span style=\"color: #000000;\"><strong>V\u00e9g\u00e9tation<\/strong>: Vivace<\/span><br \/>\n<span style=\"color: #000000;\"><strong>Type de plante<\/strong>: Arbre \u25b6 arbustes; Plante ornementale \u00e0 fleur d\u00e9coratif<\/span><\/p>\n<h4><strong><span style=\"color: #ff00ff;\">Caract\u00e9ristiques essentielles :<\/span><\/strong><\/h4>\n<p><em><strong><span style=\"color: #99cc00;\">E<\/span><\/strong><\/em><strong><span style=\"color: #99cc00;\">sth\u00e9tique<\/span><\/strong><br \/>\n<span style=\"color: #000000;\"><strong>Hauteur \u00e0 maturit\u00e9:<\/strong> 3m<\/span><br \/>\n<span style=\"color: #000000;\"><strong>Couleur des fleurs:<\/strong> rouge\u00a0<\/span><br \/>\n<span style=\"color: #000000;\"><strong>Couleur des feuilles:<\/strong> vert\u00a0<\/span><br \/>\n<span style=\"color: #000000;\"><strong>Feuillage:<\/strong><img decoding=\"async\" class=\"c-cs-product-facets__value-img\" src=\"https:\/\/www.willemsefrance.fr\/files\/126284\/pictos-fiche-produit\/flagFeuillagePersist.png\" alt=\" Feuillage persistant\" \/><span class=\"c-cs-product-facets__value-text\">Feuillage persistant<br \/>\n<\/span><\/span><strong><span style=\"color: #000000;\">Type d&rsquo;utilisation:\u00a0 ext\u00e9rieur<br \/>\n<\/span><\/strong>\u00a0 \u00a0 \u00a0 \u00a0<img decoding=\"async\" class=\"c-cs-product-facets__value-img\" style=\"color: #000000;\" src=\"https:\/\/www.willemsefrance.fr\/files\/126284\/pictos-fiche-produit\/LIBUTI-Isole.png\" alt=\" Isol\u00e9\" \/><span class=\"c-cs-product-facets__value-text\" style=\"color: #000000;\">Isol\u00e9<br \/>\n<\/span>\u00a0 \u00a0 \u00a0 \u00a0<img decoding=\"async\" class=\"c-cs-product-facets__value-img\" style=\"color: #000000;\" src=\"https:\/\/www.willemsefrance.fr\/files\/126284\/pictos-fiche-produit\/LIBUTI-Massif.png\" alt=\" Massif\" \/><span class=\"c-cs-product-facets__value-text\" style=\"color: #000000;\">Massif<br \/>\n<\/span>\u00a0 \u00a0 \u00a0 \u00a0 <img decoding=\"async\" class=\"c-cs-product-facets__value-img\" style=\"color: #000000;\" src=\"https:\/\/www.willemsefrance.fr\/files\/126284\/pictos-fiche-produit\/LIBUTI-Jardiniere.png\" alt=\" Jardini\u00e8re\" \/><span class=\"c-cs-product-facets__value-text\" style=\"color: #000000;\">Jardini\u00e8re<\/span><\/p>\n<p><strong><span style=\"color: #99cc00;\">Jardinage<\/span><\/strong><br \/>\n<span style=\"color: #000000;\"><strong>P\u00e9riode de plantation:<\/strong> Toute l&rsquo;ann\u00e9e<\/span><br \/>\n<span style=\"color: #000000;\"><strong>P\u00e9riode de fluorisation:<\/strong> printemps ,automne<\/span><br \/>\n<span style=\"color: #000000;\"><strong>Plante d\u00e9polluante:<\/strong><img decoding=\"async\" class=\"c-cs-product-facets__value-img\" src=\"https:\/\/www.willemsefrance.fr\/files\/126284\/pictos-fiche-produit\/flagDepolluante.png\" alt=\" Plante d\u00e9polluante\" \/><span class=\"c-cs-product-facets__value-text\">Plante d\u00e9polluante<br \/>\n<strong>Niveau d&rsquo;arrosage:<\/strong> <img decoding=\"async\" class=\"c-cs-product-facets__value-img\" src=\"https:\/\/www.willemsefrance.fr\/files\/126284\/pictos-fiche-produit\/arrosage-2.png\" alt=\" mod\u00e9r\u00e9\" \/>moyen<br \/>\n<strong>Niveau de soin:<\/strong> <img decoding=\"async\" class=\"c-cs-product-facets__value-img\" src=\"https:\/\/www.willemsefrance.fr\/files\/126284\/pictos-fiche-produit\/entretien-2.png\" alt=\" facile\" \/>facile<br \/>\n<strong>Croissance:<\/strong> Normale<\/span><\/span><br \/>\n<strong><span style=\"color: #000000;\">Jardinage:<\/span><\/strong><br \/>\n<span class=\"c-cs-product-facets__value-text\"><span style=\"color: #000000;\">\u00a0 \u00a0 \u00a0 \u00a0<img decoding=\"async\" class=\"c-cs-product-facets__value-img\" src=\"https:\/\/www.willemsefrance.fr\/files\/126284\/pictos-fiche-produit\/culture-possible-en-pot-ou-en-bac.png\" alt=\" culture possible en pot, en bac\" \/>culture possible en plein terre, en pot, en bac<\/span><\/span><\/p>\n<p><strong><span style=\"color: #99cc00;\">Emplacement<br \/>\n<\/span><\/strong><strong><span style=\"color: #000000;\">Exposition:\u00a0<\/span><\/strong><strong><span style=\"color: #000000;\"><br \/>\n<\/span><\/strong><span class=\"c-cs-product-facets__value-text\" style=\"color: #000000;\">\u00a0 \u00a0 \u00a0 \u00a0 \u00a0 \u00a0<img decoding=\"async\" class=\"c-cs-product-facets__value-img\" src=\"https:\/\/www.willemsefrance.fr\/files\/126284\/pictos-fiche-produit\/conseille-pour-le-plein-soleil.png\" alt=\" conseill\u00e9 pour le plein soleil\" \/><span class=\"c-cs-product-facets__value-text\">conseill\u00e9 pour le plein soleil<\/span><\/span><span class=\"c-cs-product-facets__value-text\" style=\"color: #000000;\"><br \/>\n<\/span><strong><span style=\"color: #000000;\">Type de sol:<br \/>\n<\/span><\/strong>\u00a0 \u00a0 \u00a0 \u00a0 \u00a0 \u00a0<img decoding=\"async\" class=\"c-cs-product-facets__value-img\" style=\"color: #000000;\" src=\"https:\/\/www.willemsefrance.fr\/files\/126284\/pictos-fiche-produit\/sol-sableux.png\" alt=\" Sableux\" \/><span style=\"color: #000000;\">Sol sableux<br \/>\n<\/span>\u00a0 \u00a0 \u00a0 \u00a0 \u00a0 \u00a0<img decoding=\"async\" class=\"c-cs-product-facets__value-img\" style=\"color: #000000;\" src=\"https:\/\/www.willemsefrance.fr\/files\/126284\/pictos-fiche-produit\/sol-ordinaire.png\" alt=\" sol ordinaire de bonne qualit\u00e9\" \/><span style=\"color: #000000;\">Sol caillouteux<br \/>\n<\/span>\u00a0 \u00a0 \u00a0 \u00a0 \u00a0 \u00a0<img decoding=\"async\" class=\"c-cs-product-facets__value-img\" style=\"color: #000000;\" src=\"https:\/\/www.willemsefrance.fr\/files\/126284\/pictos-fiche-produit\/tout-sol.png\" alt=\" Tout type\" \/><span style=\"color: #000000;\">Terre de bruy\u00e8re<br \/>\n<\/span>\u00a0 \u00a0 \u00a0 \u00a0 \u00a0 \u00a0<img decoding=\"async\" class=\"c-cs-product-facets__value-img\" style=\"color: #000000;\" src=\"https:\/\/www.willemsefrance.fr\/files\/126284\/pictos-fiche-produit\/Sol-humide.png\" alt=\" Humide\" \/><span style=\"color: #000000;\">Sol humide<\/span><\/p>\n<div class=\"c-ox-product-detail__facet-column ng-scope\">\n<p><span class=\"c-cs-product-facets__value-text\" style=\"color: #000000;\"><strong>Type de climat:<\/strong><\/span><\/p>\n<div class=\"c-cs-product-facets__facet-value cs-product-facet__facets-value--type-imageslist is-available\">\n<div class=\"c-cs-product-facets__value bord-de-mer-:-resiste-aux-embruns-et-au-vent ng-scope\">\u00a0 \u00a0 \u00a0 \u00a0 \u00a0<img decoding=\"async\" class=\"c-cs-product-facets__value-img\" src=\"https:\/\/www.willemsefrance.fr\/files\/126284\/pictos-fiche-produit\/LIBCLIMAT-Climat-bord-de-mer.png\" alt=\" Bord de mer : r\u00e9siste aux embruns et au vent\" \/><span class=\"c-cs-product-facets__value-text\" style=\"color: #000000;\">Bord de mer : r\u00e9siste aux embruns et au vent<\/span><\/div>\n<\/div>\n<div class=\"c-cs-product-facets__facet-value cs-product-facet__facets-value--type-imageslist is-available\">\n<div class=\"c-cs-product-facets__value douceur-ocean ng-scope\"><span style=\"color: #000000;\">\u00a0 \u00a0 \u00a0 \u00a0 <img decoding=\"async\" class=\"c-cs-product-facets__value-img\" src=\"https:\/\/www.willemsefrance.fr\/files\/126284\/pictos-fiche-produit\/LIBCLIMAT-Douceur-Ocean.png\" alt=\" Douceur Oc\u00e9an\" \/><span class=\"c-cs-product-facets__value-text\">Douceur Oc\u00e9an<\/span><\/span><\/div>\n<\/div>\n<div class=\"c-cs-product-facets__facet-value cs-product-facet__facets-value--type-imageslist is-available\">\n<div class=\"c-cs-product-facets__value resistant-aux-vents ng-scope\"><span style=\"color: #000000;\">\u00a0 \u00a0 \u00a0 \u00a0 <img decoding=\"async\" class=\"c-cs-product-facets__value-img\" src=\"https:\/\/www.willemsefrance.fr\/files\/126284\/pictos-fiche-produit\/LIBCLIMAT-Resistant-au-vents.png\" alt=\" R\u00e9sistant aux vents\" \/><span class=\"c-cs-product-facets__value-text\">R\u00e9sistant aux vents<\/span><\/span><\/div>\n<\/div>\n<div class=\"c-cs-product-facets__facet-value cs-product-facet__facets-value--type-imageslist is-available\">\n<div class=\"c-cs-product-facets__value climat-tempere ng-scope\"><span style=\"color: #000000;\">\u00a0 \u00a0 \u00a0 \u00a0<img decoding=\"async\" class=\"c-cs-product-facets__value-img\" src=\"https:\/\/www.willemsefrance.fr\/files\/126284\/pictos-fiche-produit\/LIBCLIMAT-climat-tempere.png\" alt=\" Climat temp\u00e9r\u00e9\" \/><span class=\"c-cs-product-facets__value-text\">Climat temp\u00e9r\u00e9<\/span><\/span><\/div>\n<\/div>\n<p>&nbsp;<\/p>\n<\/div>\n","protected":false},"excerpt":{"rendered":"<p>Nom latin : Callistemon, Rince-bouteille V\u00e9g\u00e9tation: Vivace Type de plante: Arbre \u25b6 arbustes; Plante ornementale \u00e0 fleur d\u00e9coratif Caract\u00e9ristiques essentielles&hellip;<\/p>\n","protected":false},"featured_media":3472,"comment_status":"open","ping_status":"closed","template":"","meta":[],"product_brand":[],"product_cat":[75,92,81,55,80,79],"product_tag":[],"class_list":{"0":"post-1907","1":"product","2":"type-product","3":"status-publish","4":"has-post-thumbnail","6":"product_cat-arbres-dalignements","7":"product_cat-floraison-hivernalehiver","8":"product_cat-floraison-printaniere","9":"product_cat-plantes-dexterieur","10":"product_cat-plantes-et-arbres-de-haies","11":"product_cat-plantes-vivaces","12":"","14":"first","15":"instock","16":"sale","17":"shipping-taxable","18":"purchasable","19":"product-type-simple"},"_links":{"self":[{"href":"https:\/\/capvert.com.tn\/index.php\/wp-json\/wp\/v2\/product\/1907","targetHints":{"allow":["GET"]}}],"collection":[{"href":"https:\/\/capvert.com.tn\/index.php\/wp-json\/wp\/v2\/product"}],"about":[{"href":"https:\/\/capvert.com.tn\/index.php\/wp-json\/wp\/v2\/types\/product"}],"replies":[{"embeddable":true,"href":"https:\/\/capvert.com.tn\/index.php\/wp-json\/wp\/v2\/comments?post=1907"}],"wp:featuredmedia":[{"embeddable":true,"href":"https:\/\/capvert.com.tn\/index.php\/wp-json\/wp\/v2\/media\/3472"}],"wp:attachment":[{"href":"https:\/\/capvert.com.tn\/index.php\/wp-json\/wp\/v2\/media?parent=1907"}],"wp:term":[{"taxonomy":"product_brand","embeddable":true,"href":"https:\/\/capvert.com.tn\/index.php\/wp-json\/wp\/v2\/product_brand?post=1907"},{"taxonomy":"product_cat","embeddable":true,"href":"https:\/\/capvert.com.tn\/index.php\/wp-json\/wp\/v2\/product_cat?post=1907"},{"taxonomy":"product_tag","embeddable":true,"href":"https:\/\/capvert.com.tn\/index.php\/wp-json\/wp\/v2\/product_tag?post=1907"}],"curies":[{"name":"wp","href":"https:\/\/api.w.org\/{rel}","templated":true}]}}