{"id":1859,"date":"2021-01-16T10:39:41","date_gmt":"2021-01-16T10:39:41","guid":{"rendered":"https:\/\/capvert.com.tn\/?post_type=product&#038;p=1859"},"modified":"2021-06-10T10:10:07","modified_gmt":"2021-06-10T10:10:07","slug":"zamioculcas-2","status":"publish","type":"product","link":"https:\/\/capvert.com.tn\/index.php\/produit\/zamioculcas-2\/","title":{"rendered":"Zamioculcas"},"content":{"rendered":"<p><span style=\"color: #000000;\"><strong>Nom commun:<\/strong> Zamioculcas : Une plante id\u00e9ale pour la maison ou le bureau, tr\u00e8s facile \u00e0 entretenir<\/span><br \/>\n<span style=\"color: #000000;\"><strong>Origine:<\/strong> Afrique tropicale<\/span><br \/>\n<span style=\"color: #000000;\"><strong>V\u00e9g\u00e9tation:<\/strong> <span class=\"bulle_info2\">Vivace<br \/>\n<strong>Type de plante:<\/strong> Plante ornementale \u25b6 Plante \u00e0 feuillage d\u00e9coratif <\/span><\/span><\/p>\n<p><span style=\"color: #ff00ff;\"><strong>Caract\u00e9ristiques essentielles :<\/strong><\/span><br \/>\n<strong><span style=\"color: #99cc00;\">ESTH\u00c9TIQUE<\/span><\/strong><br \/>\n<span style=\"color: #000000;\"><strong>Hauteur \u00e0 maturit\u00e9:<\/strong> 0,5 \u00e0 1 m.<\/span><br \/>\n<span style=\"color: #000000;\"><strong>Couleur des feuilles:<\/strong> vert fonc\u00e9 et tr\u00e8s brillantes<\/span><br \/>\n<span style=\"color: #000000;\"><strong>Feuillage:<\/strong> <img decoding=\"async\" class=\"c-cs-product-facets__value-img\" src=\"https:\/\/www.willemsefrance.fr\/files\/126284\/pictos-fiche-produit\/flagFeuillagePersist.png\" alt=\" Feuillage persistant\" \/>Feuillage persistant<\/span><br \/>\n<span style=\"color: #000000;\">T<strong>ype d\u2019utilisation:<\/strong><\/span><br \/>\n<span class=\"c-cs-product-facets__value-text\" style=\"color: #000000;\">\u00a0 \u00a0 \u00a0 \u00a0 \u00a0\u00a0 <img decoding=\"async\" class=\"c-cs-product-facets__value-img\" src=\"https:\/\/www.willemsefrance.fr\/files\/126284\/pictos-fiche-produit\/LIBUTI-deco-interieur.png\" alt=\" D\u00e9coration int\u00e9rieure\" \/>d\u00e9coration int\u00e9rieur<\/span><\/p>\n<p><strong><span style=\"color: #99cc00;\">JARDINAGE<\/span><\/strong><br \/>\n<span style=\"color: #000000;\"><strong>Periode de plantation:<\/strong> Toute l&rsquo;ann\u00e9e<br \/>\n<\/span><span style=\"color: #000000;\"><strong>Plante d\u00e9polluante:<\/strong><img decoding=\"async\" class=\"c-cs-product-facets__value-img\" src=\"https:\/\/www.willemsefrance.fr\/files\/126284\/pictos-fiche-produit\/flagDepolluante.png\" alt=\" Plante d\u00e9polluante\" \/><span class=\"c-cs-product-facets__value-text\">Plante d\u00e9polluante<br \/>\n<\/span><\/span><span style=\"color: #000000;\"><strong>Niveau d&rsquo;arrosage:<\/strong><span class=\"c-cs-product-facets__value-text\"><img decoding=\"async\" class=\"c-cs-product-facets__value-img\" src=\"https:\/\/www.willemsefrance.fr\/files\/126284\/pictos-fiche-produit\/arrosage-3.png\" alt=\" moyen\" \/><\/span>faible<\/span><br \/>\n<span style=\"color: #000000;\"><strong>Niveau de soin<\/strong>:<span class=\"c-cs-product-facets__value-text\"><img decoding=\"async\" class=\"c-cs-product-facets__value-img\" src=\"https:\/\/www.willemsefrance.fr\/files\/126284\/pictos-fiche-produit\/entretien-2.png\" alt=\" facile\" \/><\/span>facile<\/span><br \/>\n<span style=\"color: #000000;\"><strong>Croissance<\/strong>: <span class=\"bulle_info2\">Tr\u00e8s lente<\/span><\/span><br \/>\n<strong><span style=\"color: #000000;\">Jardinage:<\/span><\/strong><br \/>\n<span class=\"c-cs-product-facets__value-text\" style=\"color: #000000;\">\u00a0 \u00a0 \u00a0 <img decoding=\"async\" class=\"c-cs-product-facets__value-img\" src=\"https:\/\/www.willemsefrance.fr\/files\/126284\/pictos-fiche-produit\/culture-possible-en-pot-ou-en-bac.png\" alt=\" culture possible en pot, en bac\" \/>culture possible en pot, en bac<br \/>\n<\/span>\u00a0 \u00a0 \u00a0 <img decoding=\"async\" class=\"c-cs-product-facets__value-img\" src=\"https:\/\/www.willemsefrance.fr\/files\/126284\/pictos-fiche-produit\/LIBUTI-Pot-ou-bac.png\" alt=\" Pot ou bac\" \/><span class=\"c-cs-product-facets__value-text\" style=\"color: #000000;\">Pot ou bac<\/span><\/p>\n<p><strong><span style=\"color: #99cc00;\">EMPLACEMENT<\/span><\/strong><br \/>\n<strong><span style=\"color: #000000;\">Ensoleillement:<\/span><\/strong><br \/>\n<span class=\"c-cs-product-facets__value-text\" style=\"color: #000000;\">\u00a0 \u00a0 \u00a0 \u00a0<img decoding=\"async\" class=\"c-cs-product-facets__value-img\" src=\"https:\/\/www.willemsefrance.fr\/files\/126284\/pictos-fiche-produit\/conseille-pour-le-plein-soleil.png\" alt=\" conseill\u00e9 pour le solei\/ mi_ombre\" \/>conseill\u00e9 pour le soleil<br \/>\n<\/span><span class=\"c-cs-product-facets__value-text\" style=\"color: #000000;\">\u00a0 \u00a0 \u00a0 <img decoding=\"async\" class=\"c-cs-product-facets__value-img\" src=\"https:\/\/www.willemsefrance.fr\/files\/126284\/pictos-fiche-produit\/conseille-pour-la-mi-ombre.png\" alt=\" conseill\u00e9 pour la mi-ombre\" \/><span class=\"c-cs-product-facets__value-text\"><span style=\"color: #000000;\">conseill\u00e9 pour la mi-ombre<\/span><\/span><br \/>\n<strong>Type de sol:<\/strong><br \/>\n<span class=\"c-cs-product-facets__value-text\">\u00a0 \u00a0 \u00a0 <span class=\"bulle_info2\"><img decoding=\"async\" class=\"c-cs-product-facets__value-img\" src=\"https:\/\/www.willemsefrance.fr\/files\/126284\/pictos-fiche-produit\/sol-sableux.png\" alt=\" Sableux\" \/>Sol sableux<br \/>\n<img decoding=\"async\" class=\"c-cs-product-facets__value-img\" src=\"https:\/\/www.willemsefrance.fr\/files\/126284\/pictos-fiche-produit\/sol-ordinaire.png\" alt=\" sol ordinaire de bonne qualit\u00e9\" \/>Sol caillouteux<br \/>\n<img decoding=\"async\" class=\"c-cs-product-facets__value-img\" src=\"https:\/\/www.willemsefrance.fr\/files\/126284\/pictos-fiche-produit\/Sol-humide.png\" alt=\" Humide\" \/>Sol humide<br \/>\nType de climat:<br \/>\n<img decoding=\"async\" class=\"c-cs-product-facets__value-img\" src=\"https:\/\/www.willemsefrance.fr\/files\/126284\/pictos-fiche-produit\/LIBCLIMAT-Climat-bord-de-mer.png\" alt=\" Bord de mer : r\u00e9siste aux embruns et au vent\" \/><span style=\"color: #000000;\">Bord de mer : r\u00e9siste aux embruns et au vent<br \/>\n<img decoding=\"async\" class=\"c-cs-product-facets__value-img\" src=\"https:\/\/www.willemsefrance.fr\/files\/126284\/pictos-fiche-produit\/LIBCLIMAT-Douceur-Ocean.png\" alt=\" Douceur Oc\u00e9an\" \/>Douceur Oc\u00e9an<br \/>\n<img decoding=\"async\" class=\"c-cs-product-facets__value-img\" src=\"https:\/\/www.willemsefrance.fr\/files\/126284\/pictos-fiche-produit\/LIBCLIMAT-mediterraneen.png\" alt=\" R\u00e9gion m\u00e9diterran\u00e9enne\" \/>R\u00e9gion m\u00e9diterran\u00e9enne<br \/>\n<img decoding=\"async\" class=\"c-cs-product-facets__value-img\" src=\"https:\/\/www.willemsefrance.fr\/files\/126284\/pictos-fiche-produit\/LIBCLIMAT-Resistant-au-vents.png\" alt=\" R\u00e9sistant aux vents\" \/>R\u00e9sistant aux vents<br \/>\n<img decoding=\"async\" class=\"c-cs-product-facets__value-img\" src=\"https:\/\/www.willemsefrance.fr\/files\/126284\/pictos-fiche-produit\/LIBCLIMAT-climat-tempere.png\" alt=\" Climat temp\u00e9r\u00e9\" \/>Climat temp\u00e9r\u00e9<br \/>\n<img decoding=\"async\" class=\"c-cs-product-facets__value-img\" src=\"https:\/\/www.willemsefrance.fr\/files\/126284\/pictos-fiche-produit\/LIBCLIMAT-climat-montagnard.png\" alt=\" R\u00e9sistant au climat montagnard\" \/>R\u00e9sistant au climat montagnard<\/span><\/span><\/span><\/span><\/p>\n","protected":false},"excerpt":{"rendered":"<h4><span style=\"color: #000000;\"><strong>pot: \u00d8 12<\/strong><\/span><\/h4>\n<h4><span style=\"color: #000000;\"><strong>hauteur: 45 cm<\/strong><\/span><\/h4>\n","protected":false},"featured_media":2323,"comment_status":"open","ping_status":"closed","template":"","meta":[],"product_brand":[],"product_cat":[55,15,79],"product_tag":[],"class_list":{"0":"post-1859","1":"product","2":"type-product","3":"status-publish","4":"has-post-thumbnail","6":"product_cat-plantes-dexterieur","7":"product_cat-plantes-dinterieur","8":"product_cat-plantes-vivaces","9":"","11":"first","12":"instock","13":"shipping-taxable","14":"purchasable","15":"product-type-simple"},"_links":{"self":[{"href":"https:\/\/capvert.com.tn\/index.php\/wp-json\/wp\/v2\/product\/1859","targetHints":{"allow":["GET"]}}],"collection":[{"href":"https:\/\/capvert.com.tn\/index.php\/wp-json\/wp\/v2\/product"}],"about":[{"href":"https:\/\/capvert.com.tn\/index.php\/wp-json\/wp\/v2\/types\/product"}],"replies":[{"embeddable":true,"href":"https:\/\/capvert.com.tn\/index.php\/wp-json\/wp\/v2\/comments?post=1859"}],"wp:featuredmedia":[{"embeddable":true,"href":"https:\/\/capvert.com.tn\/index.php\/wp-json\/wp\/v2\/media\/2323"}],"wp:attachment":[{"href":"https:\/\/capvert.com.tn\/index.php\/wp-json\/wp\/v2\/media?parent=1859"}],"wp:term":[{"taxonomy":"product_brand","embeddable":true,"href":"https:\/\/capvert.com.tn\/index.php\/wp-json\/wp\/v2\/product_brand?post=1859"},{"taxonomy":"product_cat","embeddable":true,"href":"https:\/\/capvert.com.tn\/index.php\/wp-json\/wp\/v2\/product_cat?post=1859"},{"taxonomy":"product_tag","embeddable":true,"href":"https:\/\/capvert.com.tn\/index.php\/wp-json\/wp\/v2\/product_tag?post=1859"}],"curies":[{"name":"wp","href":"https:\/\/api.w.org\/{rel}","templated":true}]}}