{"id":1854,"date":"2021-01-16T09:59:11","date_gmt":"2021-01-16T09:59:11","guid":{"rendered":"https:\/\/capvert.com.tn\/?post_type=product&#038;p=1854"},"modified":"2021-06-01T10:37:32","modified_gmt":"2021-06-01T10:37:32","slug":"pothos-3","status":"publish","type":"product","link":"https:\/\/capvert.com.tn\/index.php\/produit\/pothos-3\/","title":{"rendered":"Pothos"},"content":{"rendered":"<p><span style=\"color: #000000;\"><strong>Nom scientifique :<\/strong> Epipremnum aureum<\/span><br \/>\n<span style=\"color: #000000;\"><strong>V\u00e9g\u00e9tation:<\/strong> <span class=\"bulle_info2\">Vivace<\/span><\/span><br \/>\n<span style=\"color: #000000;\"><strong>Type de plante:<\/strong> Plante ornementale \u25b6 Plante \u00e0 feuillage d\u00e9coratif<\/span><\/p>\n<p><span style=\"color: #ff00ff;\"><strong>Caract\u00e9ristiques essentielles :<\/strong><\/span><\/p>\n<p><strong><span style=\"color: #99cc00;\">ESTH\u00c9TIQUE<\/span><\/strong><br \/>\n<span style=\"color: #000000;\"><strong>Hauteur \u00e0 maturit\u00e9<\/strong> :1 \u00e0 2 m<\/span><span class=\"c-cs-product-facets__value-text\" style=\"color: #000000;\"><span class=\"c-cs-product-facets__value-text\"><br \/>\n<strong>Couleur des feuilees<\/strong>: feuilles vert et jaune<br \/>\n<strong>Feuillage<\/strong>: <img decoding=\"async\" class=\"c-cs-product-facets__value-img\" src=\"https:\/\/www.willemsefrance.fr\/files\/126284\/pictos-fiche-produit\/flagFeuillagePersist.png\" alt=\" Feuillage persistant\" \/> Feuillage persistant<br \/>\n<strong>Type d&rsquo;utilisation<\/strong>:<br \/>\n<img decoding=\"async\" class=\"c-cs-product-facets__value-img\" src=\"https:\/\/www.willemsefrance.fr\/files\/126284\/pictos-fiche-produit\/LIBUTI-deco-interieur.png\" alt=\" D\u00e9coration int\u00e9rieure\" \/>D\u00e9coration int\u00e9rieure<br \/>\n<\/span><\/span>\u00a0 \u00a0 \u00a0 \u00a0 \u00a0 \u00a0 <img decoding=\"async\" class=\"c-cs-product-facets__value-img\" src=\"https:\/\/www.willemsefrance.fr\/files\/126284\/pictos-fiche-produit\/LIBUTI-Isole.png\" alt=\" Isol\u00e9\" \/><span class=\"c-cs-product-facets__value-text\" style=\"color: #000000;\">Isol\u00e9<br \/>\n<\/span>\u00a0 \u00a0 \u00a0 \u00a0 \u00a0 \u00a0 <img decoding=\"async\" class=\"c-cs-product-facets__value-img\" style=\"color: #000000;\" src=\"https:\/\/www.willemsefrance.fr\/files\/126284\/pictos-fiche-produit\/LIBUTI-Massif.png\" alt=\" Massif\" \/><span class=\"c-cs-product-facets__value-text\" style=\"color: #000000;\">Massif<br \/>\n<\/span>\u00a0 \u00a0 \u00a0 \u00a0 \u00a0 \u00a0 <img decoding=\"async\" class=\"c-cs-product-facets__value-img\" style=\"color: #000000;\" src=\"https:\/\/www.willemsefrance.fr\/files\/126284\/pictos-fiche-produit\/LIBUTI-Jardiniere.png\" alt=\" Jardini\u00e8re\" \/><span class=\"c-cs-product-facets__value-text\" style=\"color: #000000;\">Jardini\u00e8re<\/span><\/p>\n<p><strong><span style=\"color: #99cc00;\">JARDINAGE<\/span><\/strong><br \/>\n<span style=\"color: #000000;\"><strong>Periode de plantation<\/strong> : toute l&rsquo;ann\u00e9e\u00a0<\/span><br \/>\n<span style=\"color: #000000;\"><strong>Periode de taillage<\/strong>: Hiver (octobre,novembre,d\u00e9cembre,janvier)<\/span><br \/>\n<span style=\"color: #000000;\"><strong>Niveau d&rsquo;arrosage:<\/strong><img decoding=\"async\" class=\"c-cs-product-facets__value-img\" src=\"https:\/\/www.willemsefrance.fr\/files\/126284\/pictos-fiche-produit\/arrosage-3.png\" alt=\" moyen\" \/><span class=\"icone_et_texte bulle_info2\">Moyen<\/span>, \u00e0 vaporiser<\/span><br \/>\n<span style=\"color: #000000;\"><strong>Niveau de soin:<\/strong><img decoding=\"async\" class=\"c-cs-product-facets__value-img\" src=\"https:\/\/www.willemsefrance.fr\/files\/126284\/pictos-fiche-produit\/entretien-2.png\" alt=\" facile\" \/>facile<\/span><br \/>\n<strong><span style=\"color: #000000;\">Jardinage:<\/span><\/strong><br \/>\n<span class=\"c-cs-product-facets__value-text\" style=\"color: #000000;\">\u00a0 \u00a0 \u00a0 \u00a0<img decoding=\"async\" class=\"c-cs-product-facets__value-img\" src=\"https:\/\/www.willemsefrance.fr\/files\/126284\/pictos-fiche-produit\/culture-possible-en-pot-ou-en-bac.png\" alt=\" culture possible en pot, en bac\" \/>Culture possible en pot, en bac,en plein terre<br \/>\n<span class=\"c-cs-product-facets__value-text\">\u00a0 \u00a0 \u00a0 \u00a0<img decoding=\"async\" class=\"c-cs-product-facets__value-img\" src=\"https:\/\/www.willemsefrance.fr\/files\/126284\/pictos-fiche-produit\/LIBUTI-Jardiniere.png\" alt=\" Jardini\u00e8re\" \/>jardin d&rsquo;hiver\u00a0<\/span><\/span><\/p>\n<p><strong><span style=\"color: #99cc00;\">EMPLACEMENT<\/span><\/strong><br \/>\n<strong><span style=\"color: #000000;\">Ensoleillement:<\/span><\/strong><span class=\"c-cs-product-facets__value-text\"><br \/>\n<img decoding=\"async\" class=\"c-cs-product-facets__value-img\" src=\"https:\/\/www.willemsefrance.fr\/files\/126284\/pictos-fiche-produit\/conseille-pour-la-mi-ombre.png\" alt=\" conseill\u00e9 pour la mi-ombre\" \/><span style=\"color: #000000;\">Conseill\u00e9 pour la <\/span><\/span><span style=\"color: #000000;\">mi-ombre<\/span><\/p>\n<p><span class=\"c-cs-product-facets__value-text\"><strong><span style=\"color: #000000;\">Tpye de sol:<br \/>\n<\/span><\/strong><\/span><span class=\"c-cs-product-facets__value-text\"><strong><span style=\"color: #000000;\"><span class=\"c-cs-product-facets__value-text\" style=\"color: #000000;\">\u00a0 \u00a0 \u00a0 \u00a0 \u00a0 <img decoding=\"async\" class=\"c-cs-product-facets__value-img\" src=\"https:\/\/www.willemsefrance.fr\/files\/126284\/pictos-fiche-produit\/Sol-humide.png\" alt=\" Humide\" \/><\/span><\/span><\/strong><span style=\"color: #000000;\"><span class=\"c-cs-product-facets__value-text\" style=\"color: #000000;\">Humide<br \/>\n<img decoding=\"async\" class=\"c-cs-product-facets__value-img\" src=\"https:\/\/www.willemsefrance.fr\/files\/126284\/pictos-fiche-produit\/sol-ordinaire.png\" alt=\" sol ordinaire de bonne qualit\u00e9\" \/>sol ordinaire de bonne qualit\u00e9<\/span><\/span><br \/>\n<\/span><\/p>\n<p><span style=\"color: #000000;\"><strong>Type de climat:<\/strong><\/span><br \/>\n<span class=\"c-cs-product-facets__value-text\">\u00a0 \u00a0 \u00a0 <span style=\"color: #000000;\"><img decoding=\"async\" class=\"c-cs-product-facets__value-img\" src=\"https:\/\/www.willemsefrance.fr\/files\/126284\/pictos-fiche-produit\/LIBCLIMAT-mediterraneen.png\" alt=\" R\u00e9gion m\u00e9diterran\u00e9enne\" \/>R\u00e9gion m\u00e9diterran\u00e9enne<\/span><br \/>\n<span class=\"c-cs-product-facets__value-text\" style=\"color: #000000;\">\u00a0 \u00a0 \u00a0 <span style=\"color: #000000;\"><img decoding=\"async\" class=\"c-cs-product-facets__value-img\" src=\"https:\/\/www.willemsefrance.fr\/files\/126284\/pictos-fiche-produit\/LIBCLIMAT-climat-tempere.png\" alt=\" Climat temp\u00e9r\u00e9\" \/>Climat temp\u00e9r\u00e9<\/span><br \/>\n<\/span><\/span><\/p>\n","protected":false},"excerpt":{"rendered":"<h4><span style=\"color: #000000;\"><strong>pot : \u00d824<\/strong><\/span><\/h4>\n<h4><span style=\"color: #000000;\"><strong>Hauteur : 150cm\u00a0<\/strong><\/span><\/h4>\n","protected":false},"featured_media":2302,"comment_status":"open","ping_status":"closed","template":"","meta":[],"product_brand":[],"product_cat":[15,79],"product_tag":[],"class_list":{"0":"post-1854","1":"product","2":"type-product","3":"status-publish","4":"has-post-thumbnail","6":"product_cat-plantes-dinterieur","7":"product_cat-plantes-vivaces","8":"","10":"first","11":"instock","12":"shipping-taxable","13":"purchasable","14":"product-type-simple"},"_links":{"self":[{"href":"https:\/\/capvert.com.tn\/index.php\/wp-json\/wp\/v2\/product\/1854","targetHints":{"allow":["GET"]}}],"collection":[{"href":"https:\/\/capvert.com.tn\/index.php\/wp-json\/wp\/v2\/product"}],"about":[{"href":"https:\/\/capvert.com.tn\/index.php\/wp-json\/wp\/v2\/types\/product"}],"replies":[{"embeddable":true,"href":"https:\/\/capvert.com.tn\/index.php\/wp-json\/wp\/v2\/comments?post=1854"}],"wp:featuredmedia":[{"embeddable":true,"href":"https:\/\/capvert.com.tn\/index.php\/wp-json\/wp\/v2\/media\/2302"}],"wp:attachment":[{"href":"https:\/\/capvert.com.tn\/index.php\/wp-json\/wp\/v2\/media?parent=1854"}],"wp:term":[{"taxonomy":"product_brand","embeddable":true,"href":"https:\/\/capvert.com.tn\/index.php\/wp-json\/wp\/v2\/product_brand?post=1854"},{"taxonomy":"product_cat","embeddable":true,"href":"https:\/\/capvert.com.tn\/index.php\/wp-json\/wp\/v2\/product_cat?post=1854"},{"taxonomy":"product_tag","embeddable":true,"href":"https:\/\/capvert.com.tn\/index.php\/wp-json\/wp\/v2\/product_tag?post=1854"}],"curies":[{"name":"wp","href":"https:\/\/api.w.org\/{rel}","templated":true}]}}