{"id":1759,"date":"2020-12-27T08:53:58","date_gmt":"2020-12-27T08:53:58","guid":{"rendered":"https:\/\/capvert.com.tn\/?post_type=product&#038;p=1759"},"modified":"2021-01-15T13:29:43","modified_gmt":"2021-01-15T13:29:43","slug":"cetrum-elegance","status":"publish","type":"product","link":"https:\/\/capvert.com.tn\/index.php\/produit\/cetrum-elegance\/","title":{"rendered":"Cestrum elegance"},"content":{"rendered":"<div class=\"c-ox-facet__name\"><span style=\"color: #000000;\"><strong>Nom latin :<\/strong> <span class=\"facetvalue\"><span class=\"Facetvaluename\">Cestrum elegans<\/span><\/span><\/span><\/div>\n<div><span style=\"color: #000000;\"><strong>Noms communs:<\/strong> Galant \u00e9l\u00e9gant, Cestreau \u00e9l\u00e9gant, Cestre \u00e9l\u00e9gant:<br \/>\n<strong>Famille:<\/strong> Salanacea<\/span><\/div>\n<h4><em><span class=\"PBSTitle ox-title ng-binding\" style=\"color: #ff00ff;\">Caract\u00e9ristiques essentielles :<\/span><\/em><\/h4>\n<div class=\"c-ox-product-detail__facet-section--table\">\n<div class=\"c-ox-product-detail__facet-column ng-scope\">\n<div class=\"c-ox-product-detail__facet-title ng-binding\"><em><strong><span style=\"color: #99cc00;\">ESTH\u00c9TIQUE<\/span><\/strong><\/em><\/div>\n<div class=\"ng-isolate-scope c-cs-product-facets\">\n<div class=\"facetBlock c-cs-product-facets__container dimension\">\n<div class=\"c-cs-product-facets__facet-name PBShortTxt ng-binding ng-scope\"><strong><span style=\"color: #000000;\">Hauteur adulte : <\/span><\/strong><span style=\"color: #000000;\">de 50 cm \u00e0 60 cm<\/span><\/div>\n<\/div>\n<div class=\"facetBlock c-cs-product-facets__container couleur\">\n<div class=\"c-cs-product-facets__facet-name PBShortTxt ng-binding ng-scope\"><strong><span style=\"color: #000000;\">Couleur des fleurs : <\/span><\/strong><span style=\"color: #000000;\">Rouge<\/span><\/div>\n<\/div>\n<div class=\"facetBlock c-cs-product-facets__container pfloraison\">\n<div class=\"c-cs-product-facets__facet-name PBShortTxt ng-binding ng-scope\"><strong><span style=\"color: #000000;\">P\u00e9riode de floraison : <\/span><\/strong><span style=\"color: #000000;\">de mai \u00e0 juillet.<\/span><\/div>\n<\/div>\n<div class=\"facetBlock c-cs-product-facets__container utilisation\">\n<div class=\"c-cs-product-facets__facet-name PBShortTxt ng-binding ng-scope\"><strong><span style=\"color: #000000;\">Type d&rsquo;utilisation:<\/span><\/strong><\/div>\n<div class=\"c-cs-product-facets__facet-values\">\n<div class=\"c-cs-product-facets__facet-value cs-product-facet__facets-value--type-imageslist is-available\">\n<div class=\"c-cs-product-facets__value fleur-a-couper ng-scope\"><span style=\"color: #000000;\"><img decoding=\"async\" class=\"c-cs-product-facets__value-img\" src=\"https:\/\/www.willemsefrance.fr\/files\/126284\/pictos-fiche-produit\/LIBUTI-fleur-a-couper.png\" alt=\" Fleur \u00e0 couper\" \/><span class=\"c-cs-product-facets__value-text\">Fleur \u00e0 couper<\/span><\/span><\/div>\n<\/div>\n<div class=\"c-cs-product-facets__facet-value cs-product-facet__facets-value--type-imageslist is-available\">\n<div class=\"c-cs-product-facets__value massif ng-scope\"><span style=\"color: #000000;\"><img decoding=\"async\" class=\"c-cs-product-facets__value-img\" src=\"https:\/\/www.willemsefrance.fr\/files\/126284\/pictos-fiche-produit\/LIBUTI-Massif.png\" alt=\" Massif\" \/><span class=\"c-cs-product-facets__value-text\">Massif<\/span><\/span><\/div>\n<\/div>\n<div class=\"c-cs-product-facets__facet-value cs-product-facet__facets-value--type-imageslist is-available\">\n<div class=\"c-cs-product-facets__value rocaille ng-scope\"><span style=\"color: #000000;\"><img decoding=\"async\" class=\"c-cs-product-facets__value-img\" src=\"https:\/\/www.willemsefrance.fr\/files\/126284\/pictos-fiche-produit\/LIBUTI-Rocaille.png\" alt=\" Rocaille\" \/><span class=\"c-cs-product-facets__value-text\">Rocaille<\/span><\/span><\/div>\n<\/div>\n<div class=\"c-cs-product-facets__facet-value cs-product-facet__facets-value--type-imageslist is-available\">\n<div class=\"c-cs-product-facets__value bordure ng-scope\"><span style=\"color: #000000;\"><img decoding=\"async\" class=\"c-cs-product-facets__value-img\" src=\"https:\/\/www.willemsefrance.fr\/files\/126284\/pictos-fiche-produit\/LIBUTI-Bordure.png\" alt=\" Bordure\" \/><span class=\"c-cs-product-facets__value-text\">Bordure<\/span><\/span><\/div>\n<div><\/div>\n<\/div>\n<\/div>\n<\/div>\n<\/div>\n<\/div>\n<div class=\"c-ox-product-detail__facet-column ng-scope\">\n<div class=\"c-ox-product-detail__facet-title ng-binding\"><span style=\"color: #99cc00;\"><em><strong>JARDINAGE<\/strong><\/em><\/span><\/div>\n<div class=\"ng-isolate-scope c-cs-product-facets\">\n<div class=\"facetBlock c-cs-product-facets__container plivraison\">\n<div class=\"c-cs-product-facets__facet-name PBShortTxt ng-binding ng-scope\"><strong><span style=\"color: #000000;\">P\u00e9riode de livraison : <\/span><\/strong><span style=\"color: #000000;\">de f\u00e9vrier \u00e0 mai et de septembre \u00e0 novembre.<\/span><\/div>\n<\/div>\n<div class=\"facetBlock c-cs-product-facets__container pplantation\">\n<div class=\"c-cs-product-facets__facet-name PBShortTxt ng-binding ng-scope\"><strong><span style=\"color: #000000;\">P\u00e9riode de plantation : <\/span><\/strong><span style=\"color: #000000;\">de f\u00e9vrier \u00e0 mai et de septembre \u00e0 novembre.<\/span><\/div>\n<\/div>\n<div class=\"facetBlock c-cs-product-facets__container arrosage\">\n<div class=\"c-cs-product-facets__facet-name PBShortTxt ng-binding ng-scope\"><strong><span style=\"color: #000000;\">Niveau d&rsquo;arrosage : <\/span><\/strong><img decoding=\"async\" class=\"c-cs-product-facets__value-img\" style=\"color: #000000;\" src=\"https:\/\/www.willemsefrance.fr\/files\/126284\/pictos-fiche-produit\/arrosage-3.png\" alt=\" moyen\" \/><span class=\"c-cs-product-facets__value-text\" style=\"color: #000000;\">moyen<\/span><\/div>\n<\/div>\n<div class=\"facetBlock c-cs-product-facets__container soin\">\n<div class=\"c-cs-product-facets__facet-name PBShortTxt ng-binding ng-scope\"><strong><span style=\"color: #000000;\">Niveau de soin : <\/span><\/strong><img decoding=\"async\" class=\"c-cs-product-facets__value-img\" style=\"color: #000000;\" src=\"https:\/\/www.willemsefrance.fr\/files\/126284\/pictos-fiche-produit\/entretien-2.png\" alt=\" facile\" \/><span class=\"c-cs-product-facets__value-text\" style=\"color: #000000;\">facile<\/span><\/div>\n<\/div>\n<div class=\"facetBlock c-cs-product-facets__container distance_plantation\">\n<div class=\"c-cs-product-facets__facet-name PBShortTxt ng-binding ng-scope\"><strong><span style=\"color: #000000;\">Distance de plantation : <\/span><\/strong><span style=\"color: #000000;\">25-30 cm.<\/span><\/div>\n<div><\/div>\n<\/div>\n<\/div>\n<\/div>\n<div class=\"c-ox-product-detail__facet-column ng-scope\">\n<div class=\"c-ox-product-detail__facet-title ng-binding\"><span style=\"color: #99cc00;\"><strong><em>EMPLACEMENT<\/em><\/strong><\/span><\/div>\n<div class=\"ng-isolate-scope c-cs-product-facets\">\n<div class=\"facetBlock c-cs-product-facets__container climat\">\n<div class=\"c-cs-product-facets__facet-name PBShortTxt ng-binding ng-scope\"><strong><span style=\"color: #000000;\">Type de climat:<\/span><\/strong><\/div>\n<div class=\"c-cs-product-facets__facet-values\">\n<div class=\"c-cs-product-facets__facet-value cs-product-facet__facets-value--type-imageslist is-available\">\n<div class=\"c-cs-product-facets__value bord-de-mer-:-resiste-aux-embruns-et-au-vent ng-scope\"><span style=\"color: #000000;\"><img decoding=\"async\" class=\"c-cs-product-facets__value-img\" src=\"https:\/\/www.willemsefrance.fr\/files\/126284\/pictos-fiche-produit\/LIBCLIMAT-Climat-bord-de-mer.png\" alt=\" Bord de mer : r\u00e9siste aux embruns et au vent\" \/><span class=\"c-cs-product-facets__value-text\">Bord de mer : r\u00e9siste aux embruns et au vent<\/span><\/span><\/div>\n<\/div>\n<div class=\"c-cs-product-facets__facet-value cs-product-facet__facets-value--type-imageslist is-available\">\n<div class=\"c-cs-product-facets__value douceur-ocean ng-scope\"><span style=\"color: #000000;\"><img decoding=\"async\" class=\"c-cs-product-facets__value-img\" src=\"https:\/\/www.willemsefrance.fr\/files\/126284\/pictos-fiche-produit\/LIBCLIMAT-Douceur-Ocean.png\" alt=\" Douceur Oc\u00e9an\" \/><span class=\"c-cs-product-facets__value-text\">Douceur Oc\u00e9an<\/span><\/span><\/div>\n<\/div>\n<div class=\"c-cs-product-facets__facet-value cs-product-facet__facets-value--type-imageslist is-available\">\n<div class=\"c-cs-product-facets__value region-mediterraneenne ng-scope\"><span style=\"color: #000000;\"><img decoding=\"async\" class=\"c-cs-product-facets__value-img\" src=\"https:\/\/www.willemsefrance.fr\/files\/126284\/pictos-fiche-produit\/LIBCLIMAT-mediterraneen.png\" alt=\" R\u00e9gion m\u00e9diterran\u00e9enne\" \/><span class=\"c-cs-product-facets__value-text\">R\u00e9gion m\u00e9diterran\u00e9enne<\/span><\/span><\/div>\n<\/div>\n<div class=\"c-cs-product-facets__facet-value cs-product-facet__facets-value--type-imageslist is-available\">\n<div class=\"c-cs-product-facets__value resistant-aux-vents ng-scope\"><span style=\"color: #000000;\"><img decoding=\"async\" class=\"c-cs-product-facets__value-img\" src=\"https:\/\/www.willemsefrance.fr\/files\/126284\/pictos-fiche-produit\/LIBCLIMAT-Resistant-au-vents.png\" alt=\" R\u00e9sistant aux vents\" \/><span class=\"c-cs-product-facets__value-text\">R\u00e9sistant aux vents<\/span><\/span><\/div>\n<\/div>\n<div class=\"c-cs-product-facets__facet-value cs-product-facet__facets-value--type-imageslist is-available\">\n<div class=\"c-cs-product-facets__value climat-tempere ng-scope\"><span style=\"color: #000000;\"><img decoding=\"async\" class=\"c-cs-product-facets__value-img\" src=\"https:\/\/www.willemsefrance.fr\/files\/126284\/pictos-fiche-produit\/LIBCLIMAT-climat-tempere.png\" alt=\" Climat temp\u00e9r\u00e9\" \/><span class=\"c-cs-product-facets__value-text\">Climat temp\u00e9r\u00e9<\/span><\/span><\/div>\n<\/div>\n<\/div>\n<\/div>\n<div class=\"facetBlock c-cs-product-facets__container sol\">\n<div class=\"c-cs-product-facets__facet-name PBShortTxt ng-binding ng-scope\"><strong><span style=\"color: #000000;\">Type de sol:<\/span><\/strong><\/div>\n<div class=\"c-cs-product-facets__facet-values\">\n<div class=\"c-cs-product-facets__facet-value cs-product-facet__facets-value--type-imageslist is-available\">\n<div class=\"c-cs-product-facets__value argileux ng-scope\"><span style=\"color: #000000;\"><img decoding=\"async\" class=\"c-cs-product-facets__value-img\" src=\"https:\/\/www.willemsefrance.fr\/files\/126284\/pictos-fiche-produit\/Sol-argileux.png\" alt=\" Argileux\" \/><span class=\"c-cs-product-facets__value-text\">Argileux<\/span><\/span><\/div>\n<\/div>\n<div class=\"c-cs-product-facets__facet-value cs-product-facet__facets-value--type-imageslist is-available\">\n<div class=\"c-cs-product-facets__value sableux ng-scope\"><span style=\"color: #000000;\"><img decoding=\"async\" class=\"c-cs-product-facets__value-img\" src=\"https:\/\/www.willemsefrance.fr\/files\/126284\/pictos-fiche-produit\/sol-sableux.png\" alt=\" Sableux\" \/><span class=\"c-cs-product-facets__value-text\">Sableux<\/span><\/span><\/div>\n<\/div>\n<div class=\"c-cs-product-facets__facet-value cs-product-facet__facets-value--type-imageslist is-available\">\n<div class=\"c-cs-product-facets__value humide ng-scope\"><span style=\"color: #000000;\"><img decoding=\"async\" class=\"c-cs-product-facets__value-img\" src=\"https:\/\/www.willemsefrance.fr\/files\/126284\/pictos-fiche-produit\/Sol-humide.png\" alt=\" Humide\" \/><span class=\"c-cs-product-facets__value-text\">Humide<\/span><\/span><\/div>\n<\/div>\n<div class=\"c-cs-product-facets__facet-value cs-product-facet__facets-value--type-imageslist is-available\">\n<div class=\"c-cs-product-facets__value sol-acide ng-scope\"><span style=\"color: #000000;\"><img decoding=\"async\" class=\"c-cs-product-facets__value-img\" src=\"https:\/\/www.willemsefrance.fr\/files\/126284\/pictos-fiche-produit\/Sol-acide.png\" alt=\" sol acide\" \/><span class=\"c-cs-product-facets__value-text\">sol acide<\/span><\/span><\/div>\n<\/div>\n<div class=\"c-cs-product-facets__facet-value cs-product-facet__facets-value--type-imageslist is-available\">\n<div class=\"c-cs-product-facets__value tout-type ng-scope\"><span style=\"color: #000000;\"><img decoding=\"async\" class=\"c-cs-product-facets__value-img\" src=\"https:\/\/www.willemsefrance.fr\/files\/126284\/pictos-fiche-produit\/tout-sol.png\" alt=\" Tout type\" \/><span class=\"c-cs-product-facets__value-text\">Tout type<\/span><\/span><\/div>\n<\/div>\n<div class=\"c-cs-product-facets__facet-value cs-product-facet__facets-value--type-imageslist is-available\">\n<div class=\"c-cs-product-facets__value calcaire ng-scope\"><span style=\"color: #000000;\"><img decoding=\"async\" class=\"c-cs-product-facets__value-img\" src=\"https:\/\/www.willemsefrance.fr\/files\/126284\/pictos-fiche-produit\/Sol-calcaire.png\" alt=\" Calcaire\" \/><span class=\"c-cs-product-facets__value-text\">Calcaire<\/span><\/span><\/div>\n<\/div>\n<\/div>\n<\/div>\n<div class=\"facetBlock c-cs-product-facets__container ensoleillement\">\n<div class=\"c-cs-product-facets__facet-name PBShortTxt ng-binding ng-scope\"><strong><span style=\"color: #000000;\">Ensoleillement:<\/span><\/strong><\/div>\n<div class=\"c-cs-product-facets__facet-values\">\n<div class=\"c-cs-product-facets__facet-value cs-product-facet__facets-value--type-imageslist is-available\">\n<div class=\"c-cs-product-facets__value conseille-pour-le-plein-soleil ng-scope\"><span style=\"color: #000000;\"><img decoding=\"async\" class=\"c-cs-product-facets__value-img\" src=\"https:\/\/www.willemsefrance.fr\/files\/126284\/pictos-fiche-produit\/conseille-pour-le-plein-soleil.png\" alt=\" conseill\u00e9 pour le plein soleil\" \/><span class=\"c-cs-product-facets__value-text\">conseill\u00e9 pour le plein soleil<\/span><\/span><\/div>\n<\/div>\n<div class=\"c-cs-product-facets__facet-value cs-product-facet__facets-value--type-imageslist is-available\">\n<div class=\"c-cs-product-facets__value conseille-pour-la-mi-ombre ng-scope\"><span style=\"color: #000000;\"><img decoding=\"async\" class=\"c-cs-product-facets__value-img\" src=\"https:\/\/www.willemsefrance.fr\/files\/126284\/pictos-fiche-produit\/conseille-pour-la-mi-ombre.png\" alt=\" conseill\u00e9 pour la mi-ombre\" \/><span class=\"c-cs-product-facets__value-text\">conseill\u00e9 pour la mi-ombre<\/span><\/span><\/div>\n<\/div>\n<\/div>\n<\/div>\n<\/div>\n<\/div>\n<\/div>\n","protected":false},"excerpt":{"rendered":"<h4><span style=\"color: #000000;\">pot :\u00d830cm<\/span><\/h4>\n<h4><span style=\"color: #000000;\">hauteur :80cm<\/span><\/h4>\n","protected":false},"featured_media":1821,"comment_status":"open","ping_status":"closed","template":"","meta":[],"product_brand":[],"product_cat":[81,55],"product_tag":[],"class_list":{"0":"post-1759","1":"product","2":"type-product","3":"status-publish","4":"has-post-thumbnail","6":"product_cat-floraison-printaniere","7":"product_cat-plantes-dexterieur","8":"","10":"first","11":"instock","12":"shipping-taxable","13":"purchasable","14":"product-type-simple"},"_links":{"self":[{"href":"https:\/\/capvert.com.tn\/index.php\/wp-json\/wp\/v2\/product\/1759","targetHints":{"allow":["GET"]}}],"collection":[{"href":"https:\/\/capvert.com.tn\/index.php\/wp-json\/wp\/v2\/product"}],"about":[{"href":"https:\/\/capvert.com.tn\/index.php\/wp-json\/wp\/v2\/types\/product"}],"replies":[{"embeddable":true,"href":"https:\/\/capvert.com.tn\/index.php\/wp-json\/wp\/v2\/comments?post=1759"}],"wp:featuredmedia":[{"embeddable":true,"href":"https:\/\/capvert.com.tn\/index.php\/wp-json\/wp\/v2\/media\/1821"}],"wp:attachment":[{"href":"https:\/\/capvert.com.tn\/index.php\/wp-json\/wp\/v2\/media?parent=1759"}],"wp:term":[{"taxonomy":"product_brand","embeddable":true,"href":"https:\/\/capvert.com.tn\/index.php\/wp-json\/wp\/v2\/product_brand?post=1759"},{"taxonomy":"product_cat","embeddable":true,"href":"https:\/\/capvert.com.tn\/index.php\/wp-json\/wp\/v2\/product_cat?post=1759"},{"taxonomy":"product_tag","embeddable":true,"href":"https:\/\/capvert.com.tn\/index.php\/wp-json\/wp\/v2\/product_tag?post=1759"}],"curies":[{"name":"wp","href":"https:\/\/api.w.org\/{rel}","templated":true}]}}