{"id":1720,"date":"2020-12-19T18:57:57","date_gmt":"2020-12-19T18:57:57","guid":{"rendered":"https:\/\/capvert.com.tn\/?post_type=product&#038;p=1720"},"modified":"2022-01-05T10:24:57","modified_gmt":"2022-01-05T10:24:57","slug":"pennisetum-rouge-et-vert-mm","status":"publish","type":"product","link":"https:\/\/capvert.com.tn\/index.php\/produit\/pennisetum-rouge-et-vert-mm\/","title":{"rendered":"Pennisetum rouge et vert MM"},"content":{"rendered":"<p><span style=\"color: #000000;\"><strong>Nom latin<\/strong> : Pennisetum alopecuroides\u00a0\u2018Compressum\u2019.<\/span><br \/>\n<span style=\"color: #000000;\"><strong>Origine<\/strong> : Asie, Afrique<\/span><br \/>\n<span style=\"color: #000000;\"><strong>V\u00e9g\u00e9tation<\/strong>: Vivace<\/span><br \/>\n<span style=\"color: #000000;\"><strong>Type de plante<\/strong>: Herbe d\u00e9corative<\/span><\/p>\n<h4><strong><span style=\"color: #ff00ff;\"> Caract\u00e9ristiques essentielles :<\/span><\/strong><\/h4>\n<p><strong><span style=\"color: #99cc00;\">Esth\u00e9tique<\/span><\/strong><br \/>\n<span style=\"color: #000000;\"><strong>Hauteur<\/strong>: de 60 \u00e0 80 cm<\/span><br \/>\n<span style=\"color: #000000;\"><strong>Couleur des fleurs<\/strong>:<img decoding=\"async\" src=\"https:\/\/www.willemsefrance.fr\/files\/126284\/_ico-couleurs\/blanc.png\" alt=\" Blanc\" \/> pourpre \u00e0 blanc cr\u00e8me selon les vari\u00e9t\u00e9s<\/span><br \/>\n<span style=\"color: #000000;\"><strong>Couleur des feuilles<\/strong>: Vertes en \u00e9t\u00e9, les feuilles deviennent jaune argent\u00e9 en automne..<\/span><br \/>\n<span style=\"color: #000000;\"><strong>Feuillage<\/strong>:<img decoding=\"async\" class=\"c-cs-product-facets__value-img\" src=\"https:\/\/www.willemsefrance.fr\/files\/126284\/pictos-fiche-produit\/flagFeuillagePersist.png\" alt=\" Feuillage persistant\" \/><span class=\"c-cs-product-facets__value-text\">Feuillage persistant<br \/>\n<\/span><\/span><strong><span style=\"color: #000000;\">Type d&rsquo;utilisation:<br \/>\n<\/span><\/strong><strong><span style=\"color: #000000;\"><img decoding=\"async\" class=\"c-cs-product-facets__value-img\" src=\"https:\/\/www.willemsefrance.fr\/files\/126284\/pictos-fiche-produit\/LIBUTI-Isole.png\" alt=\" Isol\u00e9\" \/><\/span><\/strong><span style=\"color: #000000;\"><span class=\"c-cs-product-facets__value-text\">Isol\u00e9<br \/>\n<\/span><\/span><img loading=\"lazy\" decoding=\"async\" class=\"c-cs-product-facets__value-img\" src=\"https:\/\/www.willemsefrance.fr\/files\/126284\/pictos-fiche-produit\/LIBUTI-Massif.png\" alt=\" Massif\" width=\"268\" height=\"268\" \/><span style=\"color: #000000;\">Massif<br \/>\n<img decoding=\"async\" class=\"c-cs-product-facets__value-img\" src=\"https:\/\/www.willemsefrance.fr\/files\/126284\/pictos-fiche-produit\/LIBUTI-Jardiniere.png\" alt=\" Jardini\u00e8re\" \/><span class=\"c-cs-product-facets__value-text\">Jardini\u00e8re<br \/>\n<img decoding=\"async\" class=\"c-cs-product-facets__value-img\" src=\"https:\/\/www.willemsefrance.fr\/files\/126284\/pictos-fiche-produit\/LIBUTI-Bordure.png\" alt=\" Bordure\" \/>Bordure<\/span><\/span><\/p>\n<div class=\"c-cs-product-facets__facet-value cs-product-facet__facets-value--type-imageslist is-available\">\n<div class=\"c-cs-product-facets__value jardiniere ng-scope\"><strong><span style=\"color: #99cc00;\">Jardinage<\/span><\/strong><\/div>\n<\/div>\n<p><span style=\"color: #000000;\"><strong>P\u00e9riode de plantation<\/strong> :printemps<\/span><br \/>\n<span style=\"color: #000000;\"><strong>P\u00e9riode de florisation<\/strong> : Ao\u00fbt \u00e0 d\u00e9cembre, en longs \u00e9pis cylindriques, l\u00e9gers.<\/span><br \/>\n<strong><span style=\"color: #000000;\">Plante d\u00e9polluante:<img decoding=\"async\" class=\"c-cs-product-facets__value-img\" src=\"https:\/\/www.willemsefrance.fr\/files\/126284\/pictos-fiche-produit\/flagDepolluante.png\" alt=\" Plante d\u00e9polluante\" \/><\/span><\/strong><span style=\"color: #000000;\"><span class=\"c-cs-product-facets__value-text\">Plante d\u00e9polluante<\/span><\/span><br \/>\n<span style=\"color: #000000;\"><strong>Niveau de difficult\u00e9<\/strong>:\u00a0Facile, demande peu d\u2019entretien.<span class=\"c-cs-product-facets__value-text\"><br \/>\n<strong>Niveau d&rsquo;arrosage<\/strong>:<img decoding=\"async\" class=\"c-cs-product-facets__value-img\" src=\"https:\/\/www.willemsefrance.fr\/files\/126284\/pictos-fiche-produit\/arrosage-3.png\" alt=\" moyen\" \/>moyen<br \/>\n<strong>Niveau de soin:<\/strong><img decoding=\"async\" class=\"c-cs-product-facets__value-img\" src=\"https:\/\/www.willemsefrance.fr\/files\/126284\/pictos-fiche-produit\/entretien-2.png\" alt=\" facile\" \/>facile<\/span><\/span><br \/>\n<span style=\"color: #000000;\"><strong>Jardinage<\/strong>: Nettoyer les inflorescences s\u00e9ch\u00e9es et les touffes au printemps.<\/span><\/p>\n<div class=\"c-ox-product-detail__facet-column ng-scope\">\n<p><span style=\"color: #99cc00;\"><strong>Emplacement<\/strong><\/span><br \/>\n<strong><span style=\"color: #000000;\">Exposition:<\/span><\/strong><br \/>\n<span class=\"c-cs-product-facets__value-text\" style=\"color: #000000;\">\u00a0 \u00a0 \u00a0 \u00a0<img decoding=\"async\" class=\"c-cs-product-facets__value-img\" src=\"https:\/\/www.willemsefrance.fr\/files\/126284\/pictos-fiche-produit\/conseille-pour-le-plein-soleil.png\" alt=\" Soleil partiel ou ombre l\u00e9g\u00e8re\" \/>Plein soleil<\/span><\/p>\n<p><strong><span style=\"color: #000000;\">Type de sol:<\/span><\/strong><br \/>\n<img decoding=\"async\" class=\"c-cs-product-facets__value-img\" src=\"https:\/\/www.willemsefrance.fr\/files\/126284\/pictos-fiche-produit\/tout-sol.png\" alt=\" Tout type\" \/><span class=\"c-cs-product-facets__value-text\" style=\"color: #000000;\">Tout type<\/span><\/p>\n<p><span style=\"color: #000000;\"><span class=\"c-cs-product-facets__value-text\"><strong>Type de climat:<\/strong><\/span><\/span><\/p>\n<div class=\"c-cs-product-facets__facet-value cs-product-facet__facets-value--type-imageslist is-available\">\n<div class=\"c-cs-product-facets__value bord-de-mer-:-resiste-aux-embruns-et-au-vent ng-scope\"><img decoding=\"async\" class=\"c-cs-product-facets__value-img\" src=\"https:\/\/www.willemsefrance.fr\/files\/126284\/pictos-fiche-produit\/LIBCLIMAT-Climat-bord-de-mer.png\" alt=\" Bord de mer : r\u00e9siste aux embruns et au vent\" \/><span class=\"c-cs-product-facets__value-text\" style=\"color: #000000;\">Bord de mer : r\u00e9siste aux embruns et au vent<\/span><\/div>\n<\/div>\n<div class=\"c-cs-product-facets__facet-value cs-product-facet__facets-value--type-imageslist is-available\">\n<div class=\"c-cs-product-facets__value douceur-ocean ng-scope\"><span style=\"color: #000000;\"><img decoding=\"async\" class=\"c-cs-product-facets__value-img\" src=\"https:\/\/www.willemsefrance.fr\/files\/126284\/pictos-fiche-produit\/LIBCLIMAT-Douceur-Ocean.png\" alt=\" Douceur Oc\u00e9an\" \/><span class=\"c-cs-product-facets__value-text\">Douceur Oc\u00e9an<\/span><\/span><\/div>\n<\/div>\n<div class=\"c-cs-product-facets__facet-value cs-product-facet__facets-value--type-imageslist is-available\">\n<div class=\"c-cs-product-facets__value region-mediterraneenne ng-scope\"><span style=\"color: #000000;\"><img decoding=\"async\" class=\"c-cs-product-facets__value-img\" src=\"https:\/\/www.willemsefrance.fr\/files\/126284\/pictos-fiche-produit\/LIBCLIMAT-mediterraneen.png\" alt=\" R\u00e9gion m\u00e9diterran\u00e9enne\" \/><span class=\"c-cs-product-facets__value-text\">R\u00e9gion m\u00e9diterran\u00e9enne<\/span><\/span><\/div>\n<\/div>\n<div class=\"c-cs-product-facets__facet-value cs-product-facet__facets-value--type-imageslist is-available\">\n<div class=\"c-cs-product-facets__value resistant-aux-vents ng-scope\"><span style=\"color: #000000;\"><img decoding=\"async\" class=\"c-cs-product-facets__value-img\" src=\"https:\/\/www.willemsefrance.fr\/files\/126284\/pictos-fiche-produit\/LIBCLIMAT-Resistant-au-vents.png\" alt=\" R\u00e9sistant aux vents\" \/><span class=\"c-cs-product-facets__value-text\">R\u00e9sistant aux vents<\/span><\/span><\/div>\n<\/div>\n<p><span style=\"color: #000000;\"><span class=\"c-cs-product-facets__value-text\"><br \/>\n<\/span><br \/>\n<\/span><\/p>\n<\/div>\n","protected":false},"excerpt":{"rendered":"<h4><strong><span style=\"color: #000000;\">pot de 5L<\/span><\/strong><\/h4>\n<h4><strong><span style=\"color: #000000;\">hauteur :30cm<\/span><\/strong><\/h4>\n","protected":false},"featured_media":1851,"comment_status":"open","ping_status":"closed","template":"","meta":[],"product_brand":[],"product_cat":[78,55,80,79],"product_tag":[],"class_list":{"0":"post-1720","1":"product","2":"type-product","3":"status-publish","4":"has-post-thumbnail","6":"product_cat-arbuste","7":"product_cat-plantes-dexterieur","8":"product_cat-plantes-et-arbres-de-haies","9":"product_cat-plantes-vivaces","10":"","12":"first","13":"instock","14":"shipping-taxable","15":"purchasable","16":"product-type-simple"},"_links":{"self":[{"href":"https:\/\/capvert.com.tn\/index.php\/wp-json\/wp\/v2\/product\/1720","targetHints":{"allow":["GET"]}}],"collection":[{"href":"https:\/\/capvert.com.tn\/index.php\/wp-json\/wp\/v2\/product"}],"about":[{"href":"https:\/\/capvert.com.tn\/index.php\/wp-json\/wp\/v2\/types\/product"}],"replies":[{"embeddable":true,"href":"https:\/\/capvert.com.tn\/index.php\/wp-json\/wp\/v2\/comments?post=1720"}],"wp:featuredmedia":[{"embeddable":true,"href":"https:\/\/capvert.com.tn\/index.php\/wp-json\/wp\/v2\/media\/1851"}],"wp:attachment":[{"href":"https:\/\/capvert.com.tn\/index.php\/wp-json\/wp\/v2\/media?parent=1720"}],"wp:term":[{"taxonomy":"product_brand","embeddable":true,"href":"https:\/\/capvert.com.tn\/index.php\/wp-json\/wp\/v2\/product_brand?post=1720"},{"taxonomy":"product_cat","embeddable":true,"href":"https:\/\/capvert.com.tn\/index.php\/wp-json\/wp\/v2\/product_cat?post=1720"},{"taxonomy":"product_tag","embeddable":true,"href":"https:\/\/capvert.com.tn\/index.php\/wp-json\/wp\/v2\/product_tag?post=1720"}],"curies":[{"name":"wp","href":"https:\/\/api.w.org\/{rel}","templated":true}]}}