{"id":1617,"date":"2023-05-27T08:15:05","date_gmt":"2023-05-27T08:15:05","guid":{"rendered":"https:\/\/capvert.com.tn\/?post_type=product&#038;p=1617"},"modified":"2025-07-22T09:42:11","modified_gmt":"2025-07-22T09:42:11","slug":"carissa-macrocarpa-prunier-du-natal","status":"publish","type":"product","link":"https:\/\/capvert.com.tn\/index.php\/produit\/carissa-macrocarpa-prunier-du-natal\/","title":{"rendered":"carissa macrocarpa \u00ab\u00a0Prunier du Natal \u00ab\u00a0"},"content":{"rendered":"<p><span style=\"color: #000000;\"><strong>Nom latin:<\/strong> carissa macrocarpa<\/span><br \/>\n<span style=\"color: #000000;\"><strong>Origine: <\/strong>sud de l&rsquo;Afrique<\/span><br \/>\n<span style=\"color: #000000;\"><strong>V\u00e9g\u00e9tation:<\/strong> <span class=\"bulle_info2\">Vivace<\/span><\/span><br \/>\n<span style=\"color: #000000;\"><strong>Type de plante:<\/strong> Arbuste \u25b6 Arbuste \u00e0 fleurs<\/span><\/p>\n<h4><span style=\"color: #ff00ff;\"><strong><span class=\"PBSTitle ox-title ng-binding\">Caract\u00e9ristiques essentielles<\/span><\/strong><\/span><\/h4>\n<p><span style=\"color: #ff00ff;\"><strong><span class=\"PBSTitle ox-title ng-binding\"><br \/>\n<\/span><span class=\"PBSTitle ox-title ng-binding\"><span style=\"color: #99cc00;\">ESTH\u00c9TIQUE<\/span><\/span><span class=\"PBSTitle ox-title ng-binding\"><br \/>\n<\/span><\/strong><span class=\"PBSTitle ox-title ng-binding\" style=\"color: #000000;\"><strong>Hauteur adulte<\/strong>: \u00a02 \u00e0 3 m<\/span><\/span><span class=\"c-cs-product-facets__value-text\" style=\"color: #000000;\"><br \/>\n<strong>Couleur des fleurs<\/strong>: Blanc pur<\/span><\/p>\n<p><span class=\"c-cs-product-facets__value-text\" style=\"color: #000000;\"><strong>Feuillage<\/strong> :<img decoding=\"async\" class=\"c-cs-product-facets__value-img\" src=\"https:\/\/www.willemsefrance.fr\/files\/126284\/pictos-fiche-produit\/flagFeuillagePersist.png\" alt=\" Feuillage persistant\" \/>feuillage persistant et dense<br \/>\n<strong>Type d&rsquo;utilisation:<\/strong><br \/>\n<img decoding=\"async\" class=\"c-cs-product-facets__value-img\" src=\"https:\/\/www.willemsefrance.fr\/files\/126284\/pictos-fiche-produit\/LIBUTI-deco-interieur.png\" alt=\" D\u00e9coration int\u00e9rieure\" \/>Jardini\u00e8re, Pot<br \/>\n<\/span>\u00a0 \u00a0 \u00a0 \u00a0 <img decoding=\"async\" class=\"c-cs-product-facets__value-img\" src=\"https:\/\/www.willemsefrance.fr\/files\/126284\/pictos-fiche-produit\/LIBUTI-Massif.png\" alt=\" Massif\" \/><span class=\"c-cs-product-facets__value-text\" style=\"color: #000000;\">Massif<br \/>\n<\/span>\u00a0 \u00a0 \u00a0 \u00a0<img decoding=\"async\" class=\"c-cs-product-facets__value-img\" style=\"color: #000000;\" src=\"https:\/\/www.willemsefrance.fr\/files\/126284\/pictos-fiche-produit\/LIBUTI-Haie.png\" alt=\" Haie\" \/><span class=\"c-cs-product-facets__value-text\" style=\"color: #000000;\">Haie<br \/>\n<\/span>\u00a0 \u00a0 \u00a0 \u00a0<img decoding=\"async\" class=\"c-cs-product-facets__value-img\" style=\"color: #000000;\" src=\"https:\/\/www.willemsefrance.fr\/files\/126284\/pictos-fiche-produit\/LIBUTI-Bordure.png\" alt=\" Bordure\" \/><span class=\"c-cs-product-facets__value-text\" style=\"color: #000000;\">Bordure<\/span><\/p>\n<p><strong><span style=\"color: #99cc00;\">JARDINAGE<\/span><\/strong><br \/>\n<span style=\"color: #000000;\"><strong>P\u00e9riode de plantation:<\/strong> Toute l&rsquo;ann\u00e9\u00a0<\/span><br \/>\n<span style=\"color: #000000;\"><strong>P\u00e9riode de floraison:<\/strong> Et\u00e9\u00a0<\/span><br \/>\n<span style=\"color: #000000;\"><strong>Plante d\u00e9polluante<\/strong>:<img decoding=\"async\" class=\"c-cs-product-facets__value-img\" src=\"https:\/\/www.willemsefrance.fr\/files\/126284\/pictos-fiche-produit\/flagDepolluante.png\" alt=\" Plante d\u00e9polluante\" \/><span class=\"c-cs-product-facets__value-text\">Plante d\u00e9polluante<\/span><\/span><br \/>\n<span class=\"c-cs-product-facets__value-text\" style=\"color: #000000;\"><strong>Croissance<\/strong>: normale<br \/>\n<strong>Niveau d&rsquo;arrosage<\/strong>:<img decoding=\"async\" class=\"c-cs-product-facets__value-img\" src=\"https:\/\/www.willemsefrance.fr\/files\/126284\/pictos-fiche-produit\/arrosage-2.png\" alt=\" mod\u00e9r\u00e9\" \/>mod\u00e9r\u00e9<br \/>\n<strong>Niveau de soin<\/strong>:<img decoding=\"async\" class=\"c-cs-product-facets__value-img\" src=\"https:\/\/www.willemsefrance.fr\/files\/126284\/pictos-fiche-produit\/entretien-2.png\" alt=\" facile\" \/>facile<br \/>\n<strong>Jardinage:<\/strong><br \/>\n<img decoding=\"async\" class=\"c-cs-product-facets__value-img\" src=\"https:\/\/www.willemsefrance.fr\/files\/126284\/pictos-fiche-produit\/culture-possible-en-pot-ou-en-bac.png\" alt=\" culture possible en pot, en bac\" \/>culture possible en pot, en bac,en plein terre<br \/>\n<\/span><br \/>\n<strong><span style=\"color: #99cc00;\">EMPLACEMENT<\/span><\/strong><br \/>\n<span style=\"color: #000000;\"><strong>Ensoleillement<\/strong>:<\/span><br \/>\n<span class=\"c-cs-product-facets__value-text\" style=\"color: #000000;\">\u00a0 \u00a0 \u00a0 \u00a0<img decoding=\"async\" class=\"c-cs-product-facets__value-img\" src=\"https:\/\/www.willemsefrance.fr\/files\/126284\/pictos-fiche-produit\/conseille-pour-le-plein-soleil.png\" alt=\" conseill\u00e9 pour le plein soleil\" \/>conseill\u00e9 pour le plein soleil<br \/>\nType de sol:<br \/>\n<\/span>\u00a0 \u00a0 \u00a0 \u00a0<img decoding=\"async\" class=\"c-cs-product-facets__value-img\" src=\"https:\/\/www.willemsefrance.fr\/files\/126284\/pictos-fiche-produit\/sol-ordinaire.png\" alt=\" sol ordinaire de bonne qualit\u00e9\" \/><span class=\"c-cs-product-facets__value-text\" style=\"color: #000000;\">sol ordinaire de bonne qualit\u00e9<br \/>\n<\/span>\u00a0 \u00a0 \u00a0 \u00a0<img decoding=\"async\" class=\"c-cs-product-facets__value-img\" style=\"color: #000000;\" src=\"https:\/\/www.willemsefrance.fr\/files\/126284\/pictos-fiche-produit\/tout-sol.png\" alt=\" Tout type\" \/><span class=\"c-cs-product-facets__value-text\" style=\"color: #000000;\">Tout type<br \/>\n<\/span><span class=\"c-cs-product-facets__value-text\" style=\"color: #000000;\">\u00a0 \u00a0 \u00a0 \u00a0<img decoding=\"async\" class=\"c-cs-product-facets__value-img\" src=\"https:\/\/www.willemsefrance.fr\/files\/126284\/pictos-fiche-produit\/Sol-argileux.png\" alt=\" Argileux\" \/>Sol argileux<br \/>\n<img decoding=\"async\" class=\"c-cs-product-facets__value-img\" src=\"https:\/\/www.willemsefrance.fr\/files\/126284\/pictos-fiche-produit\/sol-sableux.png\" alt=\" Sableux\" \/>Sol sableux<br \/>\n<img decoding=\"async\" class=\"c-cs-product-facets__value-img\" src=\"https:\/\/www.willemsefrance.fr\/files\/126284\/pictos-fiche-produit\/Sol-humide.png\" alt=\" Humide\" \/>Sol hhumide<br \/>\n<strong>Type de climat:<\/strong><br \/>\n<img decoding=\"async\" class=\"c-cs-product-facets__value-img\" src=\"https:\/\/www.willemsefrance.fr\/files\/126284\/pictos-fiche-produit\/LIBCLIMAT-Douceur-Ocean.png\" alt=\" Douceur Oc\u00e9an\" \/>Douceur Oc\u00e9an<br \/>\n<img decoding=\"async\" class=\"c-cs-product-facets__value-img\" src=\"https:\/\/www.willemsefrance.fr\/files\/126284\/pictos-fiche-produit\/LIBCLIMAT-mediterraneen.png\" alt=\" R\u00e9gion m\u00e9diterran\u00e9enne\" \/>R\u00e9gion m\u00e9diterran\u00e9enne<\/span><\/p>\n<p>&nbsp;<\/p>\n","protected":false},"excerpt":{"rendered":"<h4><span style=\"color: #000000;\"><strong>pot: \u00d830cm\u00a0<\/strong><\/span><\/h4>\n<h4><span style=\"color: #000000;\"><strong>hauteur: 50cm\u00a0<\/strong><\/span><\/h4>\n","protected":false},"featured_media":1884,"comment_status":"open","ping_status":"closed","template":"","meta":[],"product_brand":[],"product_cat":[78,55,80],"product_tag":[],"class_list":{"0":"post-1617","1":"product","2":"type-product","3":"status-publish","4":"has-post-thumbnail","6":"product_cat-arbuste","7":"product_cat-plantes-dexterieur","8":"product_cat-plantes-et-arbres-de-haies","9":"","11":"first","12":"instock","13":"shipping-taxable","14":"purchasable","15":"product-type-simple"},"_links":{"self":[{"href":"https:\/\/capvert.com.tn\/index.php\/wp-json\/wp\/v2\/product\/1617","targetHints":{"allow":["GET"]}}],"collection":[{"href":"https:\/\/capvert.com.tn\/index.php\/wp-json\/wp\/v2\/product"}],"about":[{"href":"https:\/\/capvert.com.tn\/index.php\/wp-json\/wp\/v2\/types\/product"}],"replies":[{"embeddable":true,"href":"https:\/\/capvert.com.tn\/index.php\/wp-json\/wp\/v2\/comments?post=1617"}],"wp:featuredmedia":[{"embeddable":true,"href":"https:\/\/capvert.com.tn\/index.php\/wp-json\/wp\/v2\/media\/1884"}],"wp:attachment":[{"href":"https:\/\/capvert.com.tn\/index.php\/wp-json\/wp\/v2\/media?parent=1617"}],"wp:term":[{"taxonomy":"product_brand","embeddable":true,"href":"https:\/\/capvert.com.tn\/index.php\/wp-json\/wp\/v2\/product_brand?post=1617"},{"taxonomy":"product_cat","embeddable":true,"href":"https:\/\/capvert.com.tn\/index.php\/wp-json\/wp\/v2\/product_cat?post=1617"},{"taxonomy":"product_tag","embeddable":true,"href":"https:\/\/capvert.com.tn\/index.php\/wp-json\/wp\/v2\/product_tag?post=1617"}],"curies":[{"name":"wp","href":"https:\/\/api.w.org\/{rel}","templated":true}]}}