{"id":1408,"date":"2020-10-01T10:53:51","date_gmt":"2020-10-01T10:53:51","guid":{"rendered":"https:\/\/capvert.com.tn\/?post_type=product&#038;p=1408"},"modified":"2021-01-16T13:11:38","modified_gmt":"2021-01-16T13:11:38","slug":"jacaranda-mimosifolia-flamboyant-bleu","status":"publish","type":"product","link":"https:\/\/capvert.com.tn\/index.php\/produit\/jacaranda-mimosifolia-flamboyant-bleu\/","title":{"rendered":"Peupliers blancs \u00ab\u00a0Populus alba\u00a0\u00bb"},"content":{"rendered":"<p><span style=\"color: #000000;\"><strong>Nom Scientifique:<\/strong> \u00a0Peuplier blanc ou\u00a0 Populus alba<\/span><br \/>\n<span style=\"color: #000000;\"><strong>Origine:<\/strong> d&rsquo;Europe centrale et m\u00e9ridionale et d&rsquo;Asie<\/span><br \/>\n<span style=\"color: #000000;\"><strong>Type de plante:<\/strong> Plante ornementale \u25b6<\/span><\/p>\n<h4><span style=\"color: #ff00ff;\"><strong>Caract\u00e9ristiques essentielles :<\/strong><\/span><\/h4>\n<p><strong><span style=\"color: #99cc00;\">ESTH\u00c9TIQUE<\/span><\/strong><br \/>\n<span style=\"color: #000000;\"><strong>Hauteur<\/strong> : De 20 \u00e0 30 m\u00e8tres<\/span><br \/>\n<span style=\"color: #000000;\"><strong>Feuillage<\/strong>: <img decoding=\"async\" class=\"c-cs-product-facets__value-img\" src=\"https:\/\/www.willemsefrance.fr\/files\/126284\/pictos-fiche-produit\/flagFeuillagePersist.png\" alt=\" Feuillage persistant\" \/> caduc<\/span><br \/>\n<strong><span style=\"color: #000000;\">Type d\u2019utilisation:<\/span><\/strong><br \/>\n<span style=\"color: #000000;\"><span class=\"c-cs-product-facets__value-text\">\u00a0 \u00a0 \u00a0 \u00a0<img decoding=\"async\" class=\"c-cs-product-facets__value-img\" src=\"https:\/\/www.willemsefrance.fr\/files\/126284\/pictos-fiche-produit\/LIBUTI-deco-interieur.png\" alt=\" D\u00e9coration int\u00e9rieure\" \/> d\u00e9coration ext\u00e9rieur,<br \/>\n<\/span><\/span><\/p>\n<p><strong><span style=\"color: #99cc00;\">JARDINAGE<\/span><\/strong><br \/>\n<span style=\"color: #000000;\"><strong>P\u00e9riode de plantation<\/strong> :de f\u00e9vrier \u00e0 mai et d&rsquo;octobre \u00e0 d\u00e9cembre<\/span><br \/>\n<span style=\"color: #000000;\"><strong>P\u00e9riode de taille<\/strong>: fin d&rsquo;hiver ou en d\u00e9but de printemps<\/span><br \/>\n<span style=\"color: #000000;\"><strong>Plante d\u00e9polluante<\/strong>:<img decoding=\"async\" class=\"c-cs-product-facets__value-img\" src=\"https:\/\/www.willemsefrance.fr\/files\/126284\/pictos-fiche-produit\/flagDepolluante.png\" alt=\" Plante d\u00e9polluante\" \/><span class=\"c-cs-product-facets__value-text\">Plante d\u00e9polluante<br \/>\n<strong>Niveau d\u2019arrosage<\/strong> :<img loading=\"lazy\" decoding=\"async\" class=\"c-cs-product-facets__value-img\" src=\"https:\/\/www.willemsefrance.fr\/files\/126284\/pictos-fiche-produit\/arrosage-3.png\" alt=\" moyen\" width=\"102\" height=\"24\" \/>moyen<br \/>\n<strong>Niveau de soin<\/strong> :<img decoding=\"async\" class=\"c-cs-product-facets__value-img\" src=\"https:\/\/www.willemsefrance.fr\/files\/126284\/pictos-fiche-produit\/entretien-2.png\" alt=\" facile\" \/>facile<br \/>\n<strong>Croissance:<\/strong>\u00a0Rapide.<br \/>\n<strong>Jardinage:<\/strong><br \/>\n<img decoding=\"async\" class=\"c-cs-product-facets__value-img\" src=\"https:\/\/www.willemsefrance.fr\/files\/126284\/pictos-fiche-produit\/culture-possible-en-pot-ou-en-bac.png\" alt=\" culture possible en pot, en bac\" \/>culture possible en pot, en bac, en plein terre<br \/>\n<img decoding=\"async\" class=\"c-cs-product-facets__value-img\" src=\"https:\/\/www.willemsefrance.fr\/files\/126284\/pictos-fiche-produit\/LIBUTI-Isole.png\" alt=\" Isol\u00e9\" \/>Isol\u00e9<br \/>\n<img decoding=\"async\" class=\"c-cs-product-facets__value-img\" src=\"https:\/\/www.willemsefrance.fr\/files\/126284\/pictos-fiche-produit\/LIBUTI-Haie.png\" alt=\" Haie\" \/>Haie<\/span><\/span><\/p>\n<p><strong><span style=\"color: #99cc00;\">EMPLACEMENT<\/span><\/strong><br \/>\n<strong><span style=\"color: #000000;\">Ensoleillement:<\/span><\/strong><br \/>\n<span class=\"c-cs-product-facets__value-text\" style=\"color: #000000;\">\u00a0 \u00a0 \u00a0<\/span><img decoding=\"async\" class=\"c-cs-product-facets__value-img\" style=\"color: #000000;\" src=\"https:\/\/www.willemsefrance.fr\/files\/126284\/pictos-fiche-produit\/conseille-pour-le-plein-soleil.png\" alt=\" conseill\u00e9 pour le plein soleil\" \/><span class=\"c-cs-product-facets__value-text\" style=\"color: #000000;\">conseill\u00e9 pour le plein soleil<br \/>\n<\/span>\u00a0 \u00a0 \u00a0<img decoding=\"async\" class=\"c-cs-product-facets__value-img\" style=\"color: #000000;\" src=\"https:\/\/www.willemsefrance.fr\/files\/126284\/pictos-fiche-produit\/conseille-pour-la-mi-ombre.png\" alt=\" conseill\u00e9 pour la mi-ombre\" \/><span class=\"c-cs-product-facets__value-text\" style=\"color: #000000;\">conseill\u00e9 pour la mi-ombre<\/span><\/p>\n<p><span class=\"c-cs-product-facets__value-text\" style=\"color: #000000;\"><strong>Type de sol<\/strong><br \/>\n<\/span><\/p>\n<div class=\"c-cs-product-facets__facet-value cs-product-facet__facets-value--type-imageslist is-available\"><\/div>\n<div class=\"c-cs-product-facets__facet-value cs-product-facet__facets-value--type-imageslist is-available\">\n<div class=\"c-cs-product-facets__value calcaire ng-scope\">\n<div class=\"c-cs-product-facets__facet-value cs-product-facet__facets-value--type-imageslist is-available\">\n<div class=\"c-cs-product-facets__value argileux ng-scope\"><span style=\"color: #000000;\"><img decoding=\"async\" class=\"c-cs-product-facets__value-img\" src=\"https:\/\/www.willemsefrance.fr\/files\/126284\/pictos-fiche-produit\/Sol-argileux.png\" alt=\" Argileux\" \/><span class=\"c-cs-product-facets__value-text\">Argileux<\/span><\/span><\/div>\n<\/div>\n<div class=\"c-cs-product-facets__facet-value cs-product-facet__facets-value--type-imageslist is-available\">\n<div class=\"c-cs-product-facets__value sableux ng-scope\"><span style=\"color: #000000;\"><img decoding=\"async\" class=\"c-cs-product-facets__value-img\" src=\"https:\/\/www.willemsefrance.fr\/files\/126284\/pictos-fiche-produit\/sol-sableux.png\" alt=\" Sableux\" \/><span class=\"c-cs-product-facets__value-text\">Sableux<\/span><\/span><\/div>\n<\/div>\n<div class=\"c-cs-product-facets__facet-value cs-product-facet__facets-value--type-imageslist is-available\">\n<div class=\"c-cs-product-facets__value humide ng-scope\"><span style=\"color: #000000;\"><img decoding=\"async\" class=\"c-cs-product-facets__value-img\" src=\"https:\/\/www.willemsefrance.fr\/files\/126284\/pictos-fiche-produit\/Sol-humide.png\" alt=\" Humide\" \/><span class=\"c-cs-product-facets__value-text\">Humide<\/span><\/span><\/div>\n<\/div>\n<div class=\"c-cs-product-facets__facet-value cs-product-facet__facets-value--type-imageslist is-available\">\n<div class=\"c-cs-product-facets__value sol-acide ng-scope\"><span style=\"color: #000000;\"><img decoding=\"async\" class=\"c-cs-product-facets__value-img\" src=\"https:\/\/www.willemsefrance.fr\/files\/126284\/pictos-fiche-produit\/Sol-acide.png\" alt=\" sol acide\" \/><span class=\"c-cs-product-facets__value-text\">sol acide<\/span><\/span><\/div>\n<\/div>\n<div class=\"c-cs-product-facets__facet-value cs-product-facet__facets-value--type-imageslist is-available\">\n<div class=\"c-cs-product-facets__value sol-ordinaire-de-bonne-qualite ng-scope\"><span style=\"color: #000000;\"><img decoding=\"async\" class=\"c-cs-product-facets__value-img\" src=\"https:\/\/www.willemsefrance.fr\/files\/126284\/pictos-fiche-produit\/sol-ordinaire.png\" alt=\" sol ordinaire de bonne qualit\u00e9\" \/><span class=\"c-cs-product-facets__value-text\">sol ordinaire de bonne qualit\u00e9<\/span><\/span><\/div>\n<\/div>\n<div class=\"c-cs-product-facets__facet-value cs-product-facet__facets-value--type-imageslist is-available\">\n<div class=\"c-cs-product-facets__value tout-type ng-scope\"><span style=\"color: #000000;\"><img decoding=\"async\" class=\"c-cs-product-facets__value-img\" src=\"https:\/\/www.willemsefrance.fr\/files\/126284\/pictos-fiche-produit\/tout-sol.png\" alt=\" Tout type\" \/><span class=\"c-cs-product-facets__value-text\">Tout type<\/span><\/span><\/div>\n<\/div>\n<div class=\"c-cs-product-facets__facet-value cs-product-facet__facets-value--type-imageslist is-available\">\n<div class=\"c-cs-product-facets__value calcaire ng-scope\"><span style=\"color: #000000;\"><img decoding=\"async\" class=\"c-cs-product-facets__value-img\" src=\"https:\/\/www.willemsefrance.fr\/files\/126284\/pictos-fiche-produit\/Sol-calcaire.png\" alt=\" Calcaire\" \/><span class=\"c-cs-product-facets__value-text\">Calcaire<\/span><\/span><\/div>\n<\/div>\n<\/div>\n<\/div>\n<p><span class=\"c-cs-product-facets__value-text\" style=\"color: #000000;\"><br \/>\n<strong>Type de climat:<\/strong><br \/>\n<\/span><\/p>\n<div class=\"c-cs-product-facets__facet-value cs-product-facet__facets-value--type-imageslist is-available\">\n<div class=\"c-cs-product-facets__value bord-de-mer-:-resiste-aux-embruns-et-au-vent ng-scope\"><span style=\"color: #000000;\"><img decoding=\"async\" class=\"c-cs-product-facets__value-img\" src=\"https:\/\/www.willemsefrance.fr\/files\/126284\/pictos-fiche-produit\/LIBCLIMAT-Climat-bord-de-mer.png\" alt=\" Bord de mer : r\u00e9siste aux embruns et au vent\" \/><span class=\"c-cs-product-facets__value-text\">Bord de mer : r\u00e9siste aux embruns et au vent<\/span><\/span><\/div>\n<\/div>\n<div class=\"c-cs-product-facets__facet-value cs-product-facet__facets-value--type-imageslist is-available\">\n<div class=\"c-cs-product-facets__value resistant-aux-vents ng-scope\"><span style=\"color: #000000;\"><img decoding=\"async\" class=\"c-cs-product-facets__value-img\" src=\"https:\/\/www.willemsefrance.fr\/files\/126284\/pictos-fiche-produit\/LIBCLIMAT-Resistant-au-vents.png\" alt=\" R\u00e9sistant aux vents\" \/><span class=\"c-cs-product-facets__value-text\">R\u00e9sistant aux vents<\/span><\/span><\/div>\n<\/div>\n<div class=\"c-cs-product-facets__facet-value cs-product-facet__facets-value--type-imageslist is-available\">\n<div class=\"c-cs-product-facets__value climat-tempere ng-scope\"><span style=\"color: #000000;\"><img decoding=\"async\" class=\"c-cs-product-facets__value-img\" src=\"https:\/\/www.willemsefrance.fr\/files\/126284\/pictos-fiche-produit\/LIBCLIMAT-climat-tempere.png\" alt=\" Climat temp\u00e9r\u00e9\" \/><span class=\"c-cs-product-facets__value-text\">Climat temp\u00e9r\u00e9<\/span><\/span><\/div>\n<\/div>\n<div class=\"c-cs-product-facets__facet-value cs-product-facet__facets-value--type-imageslist is-available\">\n<div class=\"c-cs-product-facets__value resistant-au-climat-montagnard ng-scope\"><span style=\"color: #000000;\"><img decoding=\"async\" class=\"c-cs-product-facets__value-img\" src=\"https:\/\/www.willemsefrance.fr\/files\/126284\/pictos-fiche-produit\/LIBCLIMAT-climat-montagnard.png\" alt=\" R\u00e9sistant au climat montagnard\" \/><span class=\"c-cs-product-facets__value-text\">R\u00e9sistant au climat montagnard<\/span><\/span><\/div>\n<\/div>\n<p><span class=\"c-cs-product-facets__value-text\" style=\"color: #000000;\">\u00a0<\/span><\/p>\n","protected":false},"excerpt":{"rendered":"<h4><span style=\"color: #000000;\"><strong>pot: \u00d8 30cm\u00a0<\/strong><\/span><\/h4>\n<h4><span style=\"color: #000000;\"><strong>hauteur: 140 cm<\/strong><\/span><\/h4>\n","protected":false},"featured_media":1877,"comment_status":"open","ping_status":"closed","template":"","meta":[],"product_brand":[],"product_cat":[75,55,80],"product_tag":[],"class_list":{"0":"post-1408","1":"product","2":"type-product","3":"status-publish","4":"has-post-thumbnail","6":"product_cat-arbres-dalignements","7":"product_cat-plantes-dexterieur","8":"product_cat-plantes-et-arbres-de-haies","9":"","11":"first","12":"instock","13":"shipping-taxable","14":"purchasable","15":"product-type-simple"},"_links":{"self":[{"href":"https:\/\/capvert.com.tn\/index.php\/wp-json\/wp\/v2\/product\/1408","targetHints":{"allow":["GET"]}}],"collection":[{"href":"https:\/\/capvert.com.tn\/index.php\/wp-json\/wp\/v2\/product"}],"about":[{"href":"https:\/\/capvert.com.tn\/index.php\/wp-json\/wp\/v2\/types\/product"}],"replies":[{"embeddable":true,"href":"https:\/\/capvert.com.tn\/index.php\/wp-json\/wp\/v2\/comments?post=1408"}],"wp:featuredmedia":[{"embeddable":true,"href":"https:\/\/capvert.com.tn\/index.php\/wp-json\/wp\/v2\/media\/1877"}],"wp:attachment":[{"href":"https:\/\/capvert.com.tn\/index.php\/wp-json\/wp\/v2\/media?parent=1408"}],"wp:term":[{"taxonomy":"product_brand","embeddable":true,"href":"https:\/\/capvert.com.tn\/index.php\/wp-json\/wp\/v2\/product_brand?post=1408"},{"taxonomy":"product_cat","embeddable":true,"href":"https:\/\/capvert.com.tn\/index.php\/wp-json\/wp\/v2\/product_cat?post=1408"},{"taxonomy":"product_tag","embeddable":true,"href":"https:\/\/capvert.com.tn\/index.php\/wp-json\/wp\/v2\/product_tag?post=1408"}],"curies":[{"name":"wp","href":"https:\/\/api.w.org\/{rel}","templated":true}]}}