{"id":1071,"date":"2020-08-14T09:46:50","date_gmt":"2020-08-14T09:46:50","guid":{"rendered":"https:\/\/capvert.com.tn\/?post_type=product&#038;p=1071"},"modified":"2021-01-16T12:53:16","modified_gmt":"2021-01-16T12:53:16","slug":"agave-desmettiana-variegata","status":"publish","type":"product","link":"https:\/\/capvert.com.tn\/index.php\/produit\/agave-desmettiana-variegata\/","title":{"rendered":"Agave Desmettiana \u00ab\u00a0Variegata\u00a0\u00bb"},"content":{"rendered":"<p><span style=\"color: #000000;\"><strong>Nom Scientifique :<\/strong> Agave desmettiana<\/span><br \/>\n<span style=\"color: #000000;\"><strong>Famille:<\/strong> Agavac\u00e9es<\/span><br \/>\n<span style=\"color: #000000;\"><strong>Origine:<\/strong> Mexique<\/span><br \/>\n<span style=\"color: #000000;\"><strong>V\u00e9g\u00e9tation:<\/strong> <span class=\"bulle_info2\">Vivace<\/span><\/span><\/p>\n<h4><span style=\"color: #ff00ff;\"><strong>Caract\u00e9ristiques essentielles :<\/strong><\/span><\/h4>\n<p><strong><span style=\"color: #99cc00;\">ESTH\u00c9TIQUE<\/span><\/strong><br \/>\n<span style=\"color: #000000;\"><strong>Hauteur<\/strong> :0,6\/1 m<\/span><br \/>\n<span style=\"color: #000000;\"><strong>Largeur:<\/strong>\u00a0 1\/1,2 m<\/span><br \/>\n<span style=\"color: #000000;\"><strong>Couleur des feuille<\/strong>: <img loading=\"lazy\" decoding=\"async\" class=\"c-cs-product-facets__value-img\" src=\"https:\/\/www.willemsefrance.fr\/files\/126284\/_ico-couleurs\/vert.png\" alt=\" Vert\" width=\"23\" height=\"24\" \/>vertes (avec des bandes laterales jaunes pour la variegata)<\/span><br \/>\n<span style=\"color: #000000;\"><strong>Feuillage<\/strong>: <img decoding=\"async\" class=\"c-cs-product-facets__value-img\" src=\"https:\/\/www.willemsefrance.fr\/files\/126284\/pictos-fiche-produit\/flagFeuillagePersist.png\" alt=\" Feuillage persistant\" \/> feuillage persistant<\/span><br \/>\n<span style=\"color: #000000;\"><strong>Tige<\/strong>: \u00e9paisse (10 cm), rigide, de nombreux rejets partent du pied.<\/span><br \/>\n<span style=\"color: #000000;\"><strong>Racines:<\/strong> longues et profondes, Cette plante peut vivre en pot profond.<\/span><\/p>\n<p><strong><span style=\"color: #99cc00;\">JARDINAGE<\/span><\/strong><br \/>\n<span style=\"color: #000000;\"><strong>Periode de plantation<\/strong>: Toute l&rsquo;ann\u00e9e<\/span><br \/>\n<span style=\"color: #000000;\"><strong>Niveau d&rsquo;arrosage<\/strong>:<img decoding=\"async\" class=\"c-cs-product-facets__value-img\" src=\"https:\/\/www.willemsefrance.fr\/files\/126284\/pictos-fiche-produit\/arrosage-3.png\" alt=\" moyen\" \/>faible<\/span><br \/>\n<span style=\"color: #000000;\"><strong>Niveau de soin<\/strong>:<img decoding=\"async\" class=\"c-cs-product-facets__value-img\" src=\"https:\/\/www.willemsefrance.fr\/files\/126284\/pictos-fiche-produit\/entretien-2.png\" alt=\" facile\" \/>facile<\/span><br \/>\n<span style=\"color: #000000;\"><strong>Croissance<\/strong>: rapide au printemps, \u00e9t\u00e9, automne<\/span><br \/>\n<strong><span style=\"color: #000000;\">Jardinage:<\/span><\/strong><br \/>\n<span class=\"c-cs-product-facets__value-text\" style=\"color: #000000;\">\u00a0 \u00a0 \u00a0 \u00a0<img decoding=\"async\" class=\"c-cs-product-facets__value-img\" src=\"https:\/\/www.willemsefrance.fr\/files\/126284\/pictos-fiche-produit\/culture-possible-en-pot-ou-en-bac.png\" alt=\" culture possible en pot, en bac\" \/>culture possible en pot, en bac<br \/>\n<span class=\"c-cs-product-facets__value-text\">\u00a0 \u00a0 \u00a0 \u00a0<img decoding=\"async\" class=\"c-cs-product-facets__value-img\" src=\"https:\/\/www.willemsefrance.fr\/files\/126284\/pictos-fiche-produit\/LIBUTI-Jardiniere.png\" alt=\" Jardini\u00e8re\" \/><span class=\"c-cs-product-facets__value-text\">Jardini\u00e8re<\/span><\/span><\/span><\/p>\n<p><strong><span style=\"color: #99cc00;\">EMPLACEMENT<\/span><\/strong><br \/>\n<strong><span style=\"color: #000000;\">Ensoleillement:<\/span><\/strong><br \/>\n<span class=\"c-cs-product-facets__value-text\">\u00a0 \u00a0 \u00a0 \u00a0<img decoding=\"async\" class=\"c-cs-product-facets__value-img\" src=\"https:\/\/www.willemsefrance.fr\/files\/126284\/pictos-fiche-produit\/conseille-pour-le-plein-soleil.png\" alt=\" conseill\u00e9 pour le plein soleil\" \/><span style=\"color: #000000;\">conseill\u00e9 pour le plein soleil<\/span><br \/>\n<span class=\"c-cs-product-facets__value-text\"><span style=\"color: #000000;\">\u00a0 \u00a0 \u00a0 \u00a0<img decoding=\"async\" class=\"c-cs-product-facets__value-img\" src=\"https:\/\/www.willemsefrance.fr\/files\/126284\/pictos-fiche-produit\/conseille-pour-la-mi-ombre.png\" alt=\" conseill\u00e9 pour la mi-ombre\" \/>conseill\u00e9 pour la mi-ombre<\/span><br \/>\n<strong><span style=\"color: #000000;\">Type de sol :<\/span><\/strong><br \/>\n<span class=\"c-cs-product-facets__value-text\">\u00a0 \u00a0 \u00a0 \u00a0<img decoding=\"async\" class=\"c-cs-product-facets__value-img\" src=\"https:\/\/www.willemsefrance.fr\/files\/126284\/pictos-fiche-produit\/Sol-argileux.png\" alt=\" Argileux\" \/><span class=\"bulle_info2\" style=\"color: #000000;\"> Sol argileux<br \/>\n<span class=\"c-cs-product-facets__value-text\">\u00a0 \u00a0 \u00a0 \u00a0<img decoding=\"async\" class=\"c-cs-product-facets__value-img\" src=\"https:\/\/www.willemsefrance.fr\/files\/126284\/pictos-fiche-produit\/Sol-calcaire.png\" alt=\" Calcaire\" \/>\u00a0<\/span><span class=\"bulle_info2\">Sol calcaire<\/span><\/span><br \/>\n<span style=\"color: #000000;\"><span class=\"c-cs-product-facets__value-text\">\u00a0 \u00a0 \u00a0 \u00a0<img decoding=\"async\" class=\"c-cs-product-facets__value-img\" src=\"https:\/\/www.willemsefrance.fr\/files\/126284\/pictos-fiche-produit\/sol-sableux.png\" alt=\" Sableux\" \/><\/span><span class=\"bulle_info2\">Sol sableux\u00a0<\/span><\/span><\/span><br \/>\n<span class=\"c-cs-product-facets__value-text\" style=\"color: #000000;\">\u00a0 \u00a0 \u00a0 \u00a0<img decoding=\"async\" class=\"c-cs-product-facets__value-img\" src=\"https:\/\/www.willemsefrance.fr\/files\/126284\/pictos-fiche-produit\/tout-sol.png\" alt=\" Tout type\" \/>Sol caillouteux\u00a0<\/span><\/span><br \/>\n<span class=\"c-cs-product-facets__value-text\" style=\"color: #000000;\">\u00a0 \u00a0 \u00a0 \u00a0<img decoding=\"async\" class=\"c-cs-product-facets__value-img\" src=\"https:\/\/www.willemsefrance.fr\/files\/126284\/pictos-fiche-produit\/Sol-humide.png\" alt=\" Humide\" \/>Sol humif\u00e8re<\/span><\/span><br \/>\n<span style=\"color: #000000;\"><strong>Type de climat:<\/strong><\/span><br \/>\n<span class=\"c-cs-product-facets__value-text\">\u00a0 \u00a0 \u00a0 \u00a0<span style=\"color: #000000;\"><img decoding=\"async\" class=\"c-cs-product-facets__value-img\" src=\"https:\/\/www.willemsefrance.fr\/files\/126284\/pictos-fiche-produit\/LIBCLIMAT-mediterraneen.png\" alt=\" R\u00e9gion m\u00e9diterran\u00e9enne\" \/>M\u00e9diterran\u00e9en<\/span><br \/>\n<span class=\"c-cs-product-facets__value-text\"><span style=\"color: #000000;\">\u00a0 \u00a0 \u00a0 \u00a0<img decoding=\"async\" class=\"c-cs-product-facets__value-img\" src=\"https:\/\/www.willemsefrance.fr\/files\/126284\/pictos-fiche-produit\/LIBCLIMAT-Douceur-Ocean.png\" alt=\" Douceur Oc\u00e9an\" \/>Oc\u00e9anique<\/span><br \/>\n<strong><span style=\"color: #000000;\">R\u00e9sistance \u00e0 la chaleur:<\/span><\/strong><span style=\"color: #000000;\"> Excellente<\/span><\/span><\/span><\/p>\n","protected":false},"excerpt":{"rendered":"<h4><span style=\"color: #000000;\"><strong>pot: \u00d8 30cm\u00a0<\/strong><\/span><\/h4>\n<h4><span style=\"color: #000000;\"><strong>hauteur: 50 cm<\/strong><\/span><\/h4>\n","protected":false},"featured_media":1107,"comment_status":"open","ping_status":"closed","template":"","meta":[],"product_brand":[],"product_cat":[55,89],"product_tag":[],"class_list":{"0":"post-1071","1":"product","2":"type-product","3":"status-publish","4":"has-post-thumbnail","6":"product_cat-plantes-dexterieur","7":"product_cat-plantes-grasses","8":"","10":"first","11":"instock","12":"shipping-taxable","13":"purchasable","14":"product-type-simple"},"_links":{"self":[{"href":"https:\/\/capvert.com.tn\/index.php\/wp-json\/wp\/v2\/product\/1071","targetHints":{"allow":["GET"]}}],"collection":[{"href":"https:\/\/capvert.com.tn\/index.php\/wp-json\/wp\/v2\/product"}],"about":[{"href":"https:\/\/capvert.com.tn\/index.php\/wp-json\/wp\/v2\/types\/product"}],"replies":[{"embeddable":true,"href":"https:\/\/capvert.com.tn\/index.php\/wp-json\/wp\/v2\/comments?post=1071"}],"wp:featuredmedia":[{"embeddable":true,"href":"https:\/\/capvert.com.tn\/index.php\/wp-json\/wp\/v2\/media\/1107"}],"wp:attachment":[{"href":"https:\/\/capvert.com.tn\/index.php\/wp-json\/wp\/v2\/media?parent=1071"}],"wp:term":[{"taxonomy":"product_brand","embeddable":true,"href":"https:\/\/capvert.com.tn\/index.php\/wp-json\/wp\/v2\/product_brand?post=1071"},{"taxonomy":"product_cat","embeddable":true,"href":"https:\/\/capvert.com.tn\/index.php\/wp-json\/wp\/v2\/product_cat?post=1071"},{"taxonomy":"product_tag","embeddable":true,"href":"https:\/\/capvert.com.tn\/index.php\/wp-json\/wp\/v2\/product_tag?post=1071"}],"curies":[{"name":"wp","href":"https:\/\/api.w.org\/{rel}","templated":true}]}}