{"id":1052,"date":"2021-04-29T23:45:10","date_gmt":"2021-04-29T23:45:10","guid":{"rendered":"https:\/\/capvert.com.tn\/?post_type=product&#038;p=1052"},"modified":"2022-04-11T12:01:01","modified_gmt":"2022-04-11T12:01:01","slug":"jasmin-sambac","status":"publish","type":"product","link":"https:\/\/capvert.com.tn\/index.php\/produit\/jasmin-sambac\/","title":{"rendered":"Jasmin Sambac (Fell)"},"content":{"rendered":"<p><span style=\"color: #000000;\"><strong>Nom scientifique :<\/strong>Jasminum sambac<\/span><br \/>\n<span style=\"color: #000000;\"><strong>Origine :<\/strong> Inde<\/span><\/p>\n<h4><span style=\"color: #ff00ff;\"><strong>Caract\u00e9ristiques essentielles :<\/strong><\/span><\/h4>\n<p><strong><span style=\"color: #99cc00;\">ESTH\u00c9TIQUE<\/span><\/strong><\/p>\n<p><span style=\"color: #000000;\"><strong>Hauteur<\/strong> : 1 \u00e0 2 m<\/span><br \/>\n<span style=\"color: #000000;\"><strong>Couleur de Fleur<\/strong>: blanche et parfum\u00e9\u00a0<\/span><br \/>\n<span style=\"color: #000000;\"><strong>Feuillage<\/strong>: <img decoding=\"async\" class=\"c-cs-product-facets__value-img\" src=\"https:\/\/www.willemsefrance.fr\/files\/126284\/pictos-fiche-produit\/flagFeuillagePersist.png\" alt=\" Feuillage persistant\" \/>Feuillage persistant<\/span><br \/>\n<strong><span style=\"color: #000000;\">Type d\u2019utilisation:<\/span><\/strong><br \/>\n<span class=\"c-cs-product-facets__value-text\" style=\"color: #000000;\">\u00a0 \u00a0 \u00a0 \u00a0 \u00a0\u00a0 <img decoding=\"async\" class=\"c-cs-product-facets__value-img\" src=\"https:\/\/www.willemsefrance.fr\/files\/126284\/pictos-fiche-produit\/LIBUTI-deco-interieur.png\" alt=\" D\u00e9coration int\u00e9rieure\" \/>d\u00e9coration ext\u00e9rieur<\/span><\/p>\n<p><strong><span style=\"color: #99cc00;\">JARDINAGE<\/span><\/strong><br \/>\n<span style=\"color: #000000;\"><strong>Periode de plantation<\/strong> : printemps ou \u00e9t\u00e9<\/span><br \/>\n<span style=\"color: #000000;\"><strong>Periode de floraison:<\/strong> juin jusqu&rsquo;\u00e0 octobre<\/span><br \/>\n<span style=\"color: #000000;\"><strong>Croissance<\/strong> : Lent<\/span><br \/>\n<span style=\"color: #000000;\"><strong>Niveau d\u2019arrosage<\/strong> :<img decoding=\"async\" class=\"c-cs-product-facets__value-img\" src=\"https:\/\/www.willemsefrance.fr\/files\/126284\/pictos-fiche-produit\/arrosage-3.png\" alt=\" moyen\" \/>moyen<\/span><br \/>\n<span style=\"color: #000000;\"><strong>Niveau de soin<\/strong> :<img decoding=\"async\" class=\"c-cs-product-facets__value-img\" src=\"https:\/\/www.willemsefrance.fr\/files\/126284\/pictos-fiche-produit\/entretien-2.png\" alt=\" facile\" \/>facile<\/span><br \/>\n<span style=\"color: #000000;\"><strong>Jardinage<\/strong>:<\/span><br \/>\n<span class=\"c-cs-product-facets__value-text\" style=\"color: #000000;\">\u00a0 \u00a0 \u00a0 \u00a0 \u00a0\u00a0 <img decoding=\"async\" class=\"c-cs-product-facets__value-img\" src=\"https:\/\/www.willemsefrance.fr\/files\/126284\/pictos-fiche-produit\/culture-possible-en-pot-ou-en-bac.png\" alt=\" culture possible en pot, en bac\" \/><span class=\"c-cs-product-facets__value-text\">culture possible en pot, en bac<\/span>,en plein terre<\/span><\/p>\n<p><span style=\"color: #99cc00;\"><strong>EMPLACEMENT<br \/>\n<\/strong><\/span><span style=\"color: #000000;\"><strong>Ensoleillement<\/strong><br \/>\n<\/span>\u00a0 \u00a0 \u00a0 \u00a0 \u00a0<img decoding=\"async\" class=\"c-cs-product-facets__value-img\" style=\"color: #000000;\" src=\"https:\/\/www.willemsefrance.fr\/files\/126284\/pictos-fiche-produit\/conseille-pour-le-plein-soleil.png\" alt=\" conseill\u00e9 pour le plein soleil\" \/><span class=\"c-cs-product-facets__value-text\" style=\"color: #000000;\">conseill\u00e9 pour le plein soleil<br \/>\n<\/span>\u00a0 \u00a0 \u00a0 \u00a0 \u00a0<img decoding=\"async\" class=\"c-cs-product-facets__value-img\" style=\"color: #000000;\" src=\"https:\/\/www.willemsefrance.fr\/files\/126284\/pictos-fiche-produit\/conseille-pour-la-mi-ombre.png\" alt=\" conseill\u00e9 pour la mi-ombre\" \/><span class=\"c-cs-product-facets__value-text\" style=\"color: #000000;\">conseill\u00e9 pour la mi-ombre<br \/>\n<\/span><span class=\"c-cs-product-facets__value-text\"><strong><span style=\"color: #000000;\">Type de sol:<\/span><\/strong><br \/>\n<span class=\"c-cs-product-facets__value-text\"><span style=\"color: #000000;\">\u00a0 \u00a0 \u00a0 \u00a0 \u00a0 <img decoding=\"async\" class=\"c-cs-product-facets__value-img\" src=\"https:\/\/www.willemsefrance.fr\/files\/126284\/pictos-fiche-produit\/Sol-humide.png\" alt=\" Humide\" \/>drain\u00e9, riche, sans exc\u00e8s d&rsquo;humidit\u00e9.<\/span><br \/>\n<strong><span style=\"color: #000000;\">Temp\u00e9rature maximale : 40\u00b0C<\/span><\/strong><\/span><\/span><\/p>\n","protected":false},"excerpt":{"rendered":"<h4><span style=\"color: #000000;\"><strong>pot: \u00d8 30cm\u00a0<\/strong><\/span><\/h4>\n<h4><span style=\"color: #000000;\"><strong>hauteur: 60 cm<\/strong><\/span><\/h4>\n","protected":false},"featured_media":1076,"comment_status":"open","ping_status":"closed","template":"","meta":[],"product_brand":[],"product_cat":[55,79],"product_tag":[],"class_list":{"0":"post-1052","1":"product","2":"type-product","3":"status-publish","4":"has-post-thumbnail","6":"product_cat-plantes-dexterieur","7":"product_cat-plantes-vivaces","8":"","10":"first","11":"instock","12":"shipping-taxable","13":"purchasable","14":"product-type-simple"},"_links":{"self":[{"href":"https:\/\/capvert.com.tn\/index.php\/wp-json\/wp\/v2\/product\/1052","targetHints":{"allow":["GET"]}}],"collection":[{"href":"https:\/\/capvert.com.tn\/index.php\/wp-json\/wp\/v2\/product"}],"about":[{"href":"https:\/\/capvert.com.tn\/index.php\/wp-json\/wp\/v2\/types\/product"}],"replies":[{"embeddable":true,"href":"https:\/\/capvert.com.tn\/index.php\/wp-json\/wp\/v2\/comments?post=1052"}],"wp:featuredmedia":[{"embeddable":true,"href":"https:\/\/capvert.com.tn\/index.php\/wp-json\/wp\/v2\/media\/1076"}],"wp:attachment":[{"href":"https:\/\/capvert.com.tn\/index.php\/wp-json\/wp\/v2\/media?parent=1052"}],"wp:term":[{"taxonomy":"product_brand","embeddable":true,"href":"https:\/\/capvert.com.tn\/index.php\/wp-json\/wp\/v2\/product_brand?post=1052"},{"taxonomy":"product_cat","embeddable":true,"href":"https:\/\/capvert.com.tn\/index.php\/wp-json\/wp\/v2\/product_cat?post=1052"},{"taxonomy":"product_tag","embeddable":true,"href":"https:\/\/capvert.com.tn\/index.php\/wp-json\/wp\/v2\/product_tag?post=1052"}],"curies":[{"name":"wp","href":"https:\/\/api.w.org\/{rel}","templated":true}]}}