{"id":1050,"date":"2022-03-25T22:48:15","date_gmt":"2022-03-25T22:48:15","guid":{"rendered":"https:\/\/capvert.com.tn\/?post_type=product&#038;p=1050"},"modified":"2025-09-16T08:47:53","modified_gmt":"2025-09-16T08:47:53","slug":"ficus-benjamina-danielle","status":"publish","type":"product","link":"https:\/\/capvert.com.tn\/index.php\/produit\/ficus-benjamina-danielle\/","title":{"rendered":"Ficus Danielle"},"content":{"rendered":"<p><span style=\"color: #000000;\"><strong>Nom Scientifique:<\/strong> Ficus benjamina danielle<\/span><br \/>\n<span style=\"color: #000000;\"><strong>Origine:<\/strong> Inde<\/span><br \/>\n<span style=\"color: #000000;\"><strong>V\u00e9g\u00e9tation:<\/strong> Vivace<\/span><br \/>\n<span style=\"color: #000000;\"><strong>Type de plante:<\/strong> Plante ornementale \u25b6 Plante \u00e0 feuillage d\u00e9coratif<\/span><\/p>\n<h4><span style=\"color: #ff00ff;\"><strong>Caract\u00e9ristiques essentielles :<\/strong><\/span><\/h4>\n<p data-wp-editing=\"1\"><strong><span style=\"color: #99cc00;\">ESTH\u00c9TIQUE<\/span><\/strong><br \/>\n<span style=\"color: #000000;\"><strong>Hauteur :<\/strong> De 2 \u00e0 4 m\u00e8tres \u00e0 l&rsquo;int\u00e9rieur, jusqu&rsquo;\u00e0 30 m\u00e8tres \u00e0 l&rsquo;ext\u00e9rieur dans son aire d&rsquo;origine.<\/span><br \/>\n<span style=\"color: #000000;\"><strong>Feuillage:<\/strong> <img decoding=\"async\" class=\"c-cs-product-facets__value-img\" src=\"https:\/\/www.willemsefrance.fr\/files\/126284\/pictos-fiche-produit\/flagFeuillagePersist.png\" alt=\" Feuillage persistant\" \/>Feuillage persistant<\/span><br \/>\n<strong><span style=\"color: #000000;\">Type d\u2019utilisation:<\/span><\/strong><\/p>\n<p data-wp-editing=\"1\"><img decoding=\"async\" class=\"c-cs-product-facets__value-img\" src=\"https:\/\/www.willemsefrance.fr\/files\/126284\/pictos-fiche-produit\/LIBUTI-Massif.png\" alt=\" Massif\" \/><span class=\"c-cs-product-facets__value-text\" style=\"color: #000000;\">Massif<\/span><br \/>\n<img decoding=\"async\" class=\"c-cs-product-facets__value-img\" src=\"https:\/\/www.willemsefrance.fr\/files\/126284\/pictos-fiche-produit\/LIBUTI-Isole.png\" alt=\" Isol\u00e9\" \/><span class=\"c-cs-product-facets__value-text\" style=\"color: #000000;\">Isol\u00e9<\/span><br \/>\n<span style=\"color: #000000;\"><span class=\"c-cs-product-facets__value-text\"> <img decoding=\"async\" src=\"https:\/\/www.willemsefrance.fr\/files\/126284\/pictos-fiche-produit\/LIBUTI-Pot-ou-bac.png\" alt=\" Pot ou bac\" \/>Pot ou bac<\/span><\/span><\/p>\n<p data-wp-editing=\"1\"><strong><span style=\"color: #99cc00;\">JARDINAGE<\/span><\/strong><br \/>\n<span style=\"color: #000000;\"><strong>P\u00e9riode de plantation<\/strong> : printemps<\/span><br \/>\n<span style=\"color: #000000;\"><strong>P\u00e9riode de taille:<\/strong> tout l&rsquo;ann\u00e9e<\/span><br \/>\n<span style=\"color: #000000;\"><strong>Plante d\u00e9polluante:<\/strong><img decoding=\"async\" class=\"c-cs-product-facets__value-img\" src=\"https:\/\/www.willemsefrance.fr\/files\/126284\/pictos-fiche-produit\/flagDepolluante.png\" alt=\" Plante d\u00e9polluante\" \/><span class=\"c-cs-product-facets__value-text\">Plante d\u00e9polluante<br \/>\n<strong>Niveau d\u2019arrosage<\/strong> :<img decoding=\"async\" class=\"c-cs-product-facets__value-img\" src=\"https:\/\/www.willemsefrance.fr\/files\/126284\/pictos-fiche-produit\/arrosage-3.png\" alt=\" moyen\" \/>moyen<br \/>\n<strong>Niveau de soin<\/strong> :<img decoding=\"async\" class=\"c-cs-product-facets__value-img\" src=\"https:\/\/www.willemsefrance.fr\/files\/126284\/pictos-fiche-produit\/entretien-2.png\" alt=\" facile\" \/>facile<br \/>\n<strong>Croissance<\/strong>:\u00a0Rapide.<br \/>\n<strong>Jardinage:<\/strong><br \/>\n<span class=\"c-cs-product-facets__value-text\">\u00a0 \u00a0 \u00a0 \u00a0<img decoding=\"async\" class=\"c-cs-product-facets__value-img\" src=\"https:\/\/www.willemsefrance.fr\/files\/126284\/pictos-fiche-produit\/culture-possible-en-pot-ou-en-bac.png\" alt=\" culture possible en pot, en bac\" \/>culture possible en pot, en bac,en plein terre<\/span><\/span><\/span><\/p>\n<p><strong><span style=\"color: #99cc00;\">EMPLACEMENT<\/span><\/strong><br \/>\n<strong><span style=\"color: #000000;\">Ensoleillement:<\/span><\/strong><br \/>\n<span class=\"c-cs-product-facets__value-text\" style=\"color: #000000;\">\u00a0 \u00a0 \u00a0 \u00a0<img decoding=\"async\" class=\"c-cs-product-facets__value-img\" src=\"https:\/\/www.willemsefrance.fr\/files\/126284\/pictos-fiche-produit\/conseille-pour-la-mi-ombre.png\" alt=\" conseill\u00e9 pour la mi-ombre\" \/>soleil \u00e0 mi-ombre , lumi\u00e8re<\/span><br \/>\n<span class=\"c-cs-product-facets__value-text\" style=\"color: #000000;\">\u00a0 \u00a0 \u00a0 \u00a0<img decoding=\"async\" class=\"c-cs-product-facets__value-img\" src=\"https:\/\/www.willemsefrance.fr\/files\/126284\/pictos-fiche-produit\/conseille-pour-le-plein-soleil.png\" alt=\" conseill\u00e9 pour le plein soleil\" \/><span class=\"c-cs-product-facets__value-text\">conseill\u00e9 pour le plein soleil<\/span><br \/>\n<strong>Type de sol:<\/strong><br \/>\n<span class=\"c-cs-product-facets__value-text\">\u00a0 \u00a0 \u00a0 \u00a0<img decoding=\"async\" class=\"c-cs-product-facets__value-img\" src=\"https:\/\/www.willemsefrance.fr\/files\/126284\/pictos-fiche-produit\/Sol-humide.png\" alt=\" Humide\" \/><span class=\"c-cs-product-facets__value-text\">Humide<br \/>\n<span class=\"c-cs-product-facets__value-text\">\u00a0 \u00a0 \u00a0 \u00a0<img decoding=\"async\" class=\"c-cs-product-facets__value-img\" src=\"https:\/\/www.willemsefrance.fr\/files\/126284\/pictos-fiche-produit\/sol-ordinaire.png\" alt=\" sol ordinaire de bonne qualit\u00e9\" \/><span class=\"c-cs-product-facets__value-text\">sol ordinaire de bonne qualit\u00e9<br \/>\n<strong>Type de climat:<\/strong><\/span><\/span><\/span><\/span><\/span><\/p>\n<div class=\"c-cs-product-facets__facet-value cs-product-facet__facets-value--type-imageslist is-available\">\n<div class=\"c-cs-product-facets__value bord-de-mer-:-resiste-aux-embruns-et-au-vent ng-scope\"><img decoding=\"async\" class=\"c-cs-product-facets__value-img\" src=\"https:\/\/www.willemsefrance.fr\/files\/126284\/pictos-fiche-produit\/LIBCLIMAT-Climat-bord-de-mer.png\" alt=\" Bord de mer : r\u00e9siste aux embruns et au vent\" \/><span class=\"c-cs-product-facets__value-text\" style=\"color: #000000;\">Bord de mer : r\u00e9siste aux embruns et au vent<\/span><\/div>\n<\/div>\n<div class=\"c-cs-product-facets__facet-value cs-product-facet__facets-value--type-imageslist is-available\">\n<div class=\"c-cs-product-facets__value douceur-ocean ng-scope\"><span style=\"color: #000000;\"><img decoding=\"async\" class=\"c-cs-product-facets__value-img\" src=\"https:\/\/www.willemsefrance.fr\/files\/126284\/pictos-fiche-produit\/LIBCLIMAT-Douceur-Ocean.png\" alt=\" Douceur Oc\u00e9an\" \/><span class=\"c-cs-product-facets__value-text\">Douceur Oc\u00e9an<\/span><\/span><\/div>\n<\/div>\n<div class=\"c-cs-product-facets__facet-value cs-product-facet__facets-value--type-imageslist is-available\">\n<div class=\"c-cs-product-facets__value region-mediterraneenne ng-scope\"><span style=\"color: #000000;\"><img decoding=\"async\" class=\"c-cs-product-facets__value-img\" src=\"https:\/\/www.willemsefrance.fr\/files\/126284\/pictos-fiche-produit\/LIBCLIMAT-mediterraneen.png\" alt=\" R\u00e9gion m\u00e9diterran\u00e9enne\" \/><span class=\"c-cs-product-facets__value-text\">R\u00e9gion m\u00e9diterran\u00e9enne<\/span><\/span><\/div>\n<\/div>\n<div class=\"c-cs-product-facets__facet-value cs-product-facet__facets-value--type-imageslist is-available\">\n<div class=\"c-cs-product-facets__value resistant-aux-vents ng-scope\"><span style=\"color: #000000;\"><img decoding=\"async\" class=\"c-cs-product-facets__value-img\" src=\"https:\/\/www.willemsefrance.fr\/files\/126284\/pictos-fiche-produit\/LIBCLIMAT-Resistant-au-vents.png\" alt=\" R\u00e9sistant aux vents\" \/><span class=\"c-cs-product-facets__value-text\">R\u00e9sistant aux vents<\/span><\/span><\/div>\n<\/div>\n<div class=\"c-cs-product-facets__facet-value cs-product-facet__facets-value--type-imageslist is-available\">\n<div class=\"c-cs-product-facets__value climat-tempere ng-scope\"><span style=\"color: #000000;\"><img decoding=\"async\" class=\"c-cs-product-facets__value-img\" src=\"https:\/\/www.willemsefrance.fr\/files\/126284\/pictos-fiche-produit\/LIBCLIMAT-climat-tempere.png\" alt=\" Climat temp\u00e9r\u00e9\" \/><span class=\"c-cs-product-facets__value-text\">Climat temp\u00e9r\u00e9<\/span><\/span><\/div>\n<\/div>\n<div class=\"c-cs-product-facets__facet-value cs-product-facet__facets-value--type-imageslist is-available\">\n<div class=\"c-cs-product-facets__value resistant-au-climat-montagnard ng-scope\"><span style=\"color: #000000;\"><img decoding=\"async\" class=\"c-cs-product-facets__value-img\" src=\"https:\/\/www.willemsefrance.fr\/files\/126284\/pictos-fiche-produit\/LIBCLIMAT-climat-montagnard.png\" alt=\" R\u00e9sistant au climat montagnard\" \/><span class=\"c-cs-product-facets__value-text\">R\u00e9sistant au climat montagnard<\/span><\/span><\/div>\n<\/div>\n<p><span class=\"c-cs-product-facets__value-text\" style=\"color: #000000;\"><span class=\"c-cs-product-facets__value-text\"><span class=\"c-cs-product-facets__value-text\"><span class=\"c-cs-product-facets__value-text\"><span class=\"c-cs-product-facets__value-text\"><span class=\"c-cs-product-facets__value-text\"><span class=\"c-cs-product-facets__value-text\"><br \/>\n<strong>Temp\u00e9rature maximale<\/strong> : 40\u00b0C<\/span><\/span><\/span><\/span><\/span><\/span><\/span><\/p>\n","protected":false},"excerpt":{"rendered":"<h4><span style=\"color: #000000;\"><strong>pot:<\/strong> 40cm<\/span><\/h4>\n<h4><span style=\"color: #000000;\"><strong>hauteur:<\/strong>1.80 m<\/span><\/h4>\n","protected":false},"featured_media":1053,"comment_status":"open","ping_status":"closed","template":"","meta":[],"product_brand":[],"product_cat":[75,55,15,79,134],"product_tag":[],"class_list":{"0":"post-1050","1":"product","2":"type-product","3":"status-publish","4":"has-post-thumbnail","6":"product_cat-arbres-dalignements","7":"product_cat-plantes-dexterieur","8":"product_cat-plantes-dinterieur","9":"product_cat-plantes-vivaces","10":"product_cat-produits-en-promotion","11":"","13":"first","14":"instock","15":"shipping-taxable","16":"purchasable","17":"product-type-simple"},"_links":{"self":[{"href":"https:\/\/capvert.com.tn\/index.php\/wp-json\/wp\/v2\/product\/1050","targetHints":{"allow":["GET"]}}],"collection":[{"href":"https:\/\/capvert.com.tn\/index.php\/wp-json\/wp\/v2\/product"}],"about":[{"href":"https:\/\/capvert.com.tn\/index.php\/wp-json\/wp\/v2\/types\/product"}],"replies":[{"embeddable":true,"href":"https:\/\/capvert.com.tn\/index.php\/wp-json\/wp\/v2\/comments?post=1050"}],"wp:featuredmedia":[{"embeddable":true,"href":"https:\/\/capvert.com.tn\/index.php\/wp-json\/wp\/v2\/media\/1053"}],"wp:attachment":[{"href":"https:\/\/capvert.com.tn\/index.php\/wp-json\/wp\/v2\/media?parent=1050"}],"wp:term":[{"taxonomy":"product_brand","embeddable":true,"href":"https:\/\/capvert.com.tn\/index.php\/wp-json\/wp\/v2\/product_brand?post=1050"},{"taxonomy":"product_cat","embeddable":true,"href":"https:\/\/capvert.com.tn\/index.php\/wp-json\/wp\/v2\/product_cat?post=1050"},{"taxonomy":"product_tag","embeddable":true,"href":"https:\/\/capvert.com.tn\/index.php\/wp-json\/wp\/v2\/product_tag?post=1050"}],"curies":[{"name":"wp","href":"https:\/\/api.w.org\/{rel}","templated":true}]}}