{"id":1045,"date":"2020-08-12T09:03:20","date_gmt":"2020-08-12T09:03:20","guid":{"rendered":"https:\/\/capvert.com.tn\/?post_type=product&#038;p=1045"},"modified":"2021-02-10T09:26:33","modified_gmt":"2021-02-10T09:26:33","slug":"westringia-longifolia","status":"publish","type":"product","link":"https:\/\/capvert.com.tn\/index.php\/produit\/westringia-longifolia\/","title":{"rendered":"Westringia Longifolia"},"content":{"rendered":"<p><span style=\"color: #000000;\"><strong>nom scientifique<\/strong> : Westringia Longifolia<\/span><br \/>\n<span style=\"color: #000000;\"><strong>origine<\/strong> : Australie<\/span><br \/>\n<span style=\"color: #000000;\"><strong>plantation<\/strong> : printemps<\/span><br \/>\n<strong><span style=\"color: #000000;\">Type de plante : <\/span><\/strong><span style=\"color: #000000;\">Fleur \u25b6 Plante \u00e0 fleurs \/ <\/span><span style=\"color: #000000;\">Arbuste \u25b6 Arbuste \u00e0 fleurs<\/span><\/p>\n<h4><strong><em><span style=\"color: #ff00ff;\">Caract\u00e9ristiques essentielles :<\/span><\/em><\/strong><\/h4>\n<p><strong><span style=\"color: #99cc00;\">ESTH\u00c9TIQUE<\/span><\/strong><br \/>\n<span style=\"color: #000000;\"><strong>Feuillage<\/strong>:<img decoding=\"async\" class=\"c-cs-product-facets__value-img\" src=\"https:\/\/www.willemsefrance.fr\/files\/126284\/pictos-fiche-produit\/flagFeuillagePersist.png\" alt=\" Feuillage persistant\" \/> Feuillage persistant<\/span><br \/>\n<span style=\"color: #000000;\"><strong>Type d\u2019utilisation:<\/strong> <\/span><br \/>\n<span style=\"color: #000000;\"><img decoding=\"async\" class=\"c-cs-product-facets__value-img\" src=\"https:\/\/www.willemsefrance.fr\/files\/126284\/pictos-fiche-produit\/LIBUTI-deco-interieur.png\" alt=\" D\u00e9coration int\u00e9rieure\" \/>d\u00e9coration ext\u00e9rieur<\/span><br \/>\n<img decoding=\"async\" class=\"c-cs-product-facets__value-img\" src=\"https:\/\/www.willemsefrance.fr\/files\/126284\/pictos-fiche-produit\/LIBUTI-Massif.png\" alt=\" Massif\" \/><span class=\"c-cs-product-facets__value-text\" style=\"color: #000000;\">Massif<\/span><br \/>\n<img decoding=\"async\" class=\"c-cs-product-facets__value-img\" src=\"https:\/\/www.willemsefrance.fr\/files\/126284\/pictos-fiche-produit\/LIBUTI-Bordure.png\" alt=\" Bordure\" \/><span class=\"c-cs-product-facets__value-text\" style=\"color: #000000;\">Bordure<\/span><br \/>\n<img decoding=\"async\" class=\"c-cs-product-facets__value-img\" src=\"https:\/\/www.willemsefrance.fr\/files\/126284\/pictos-fiche-produit\/LIBUTI-Jardiniere.png\" alt=\" Jardini\u00e8re\" \/><span class=\"c-cs-product-facets__value-text\" style=\"color: #000000;\">Jardini\u00e8re<\/span><br \/>\n<span style=\"color: #000000;\"><strong>Fleurs<\/strong>\u00a0:<img decoding=\"async\" src=\"https:\/\/www.willemsefrance.fr\/files\/126284\/_ico-couleurs\/blanc.png\" alt=\" Blanc\" \/>blanc<\/span><br \/>\n<span style=\"color: #000000;\"><strong>V\u00e9g\u00e9tation:\u00a0<\/strong> vivace<\/span><\/p>\n<p><span style=\"color: #99cc00;\"><strong>JARDINAGE:<\/strong><\/span><br \/>\n<span style=\"color: #000000;\"><strong>Niveau d\u2019arrosage<\/strong> :<img decoding=\"async\" class=\"c-cs-product-facets__value-img\" src=\"https:\/\/www.willemsefrance.fr\/files\/126284\/pictos-fiche-produit\/arrosage-3.png\" alt=\" moyen\" \/>moyen<\/span><br \/>\n<span style=\"color: #000000;\"><strong>Niveau de soin :<\/strong><img decoding=\"async\" class=\"c-cs-product-facets__value-img\" src=\"https:\/\/www.willemsefrance.fr\/files\/126284\/pictos-fiche-produit\/entretien-2.png\" alt=\" facile\" \/>facile<\/span><br \/>\n<span style=\"color: #000000;\"><strong>Jardinage:<\/strong> <img decoding=\"async\" class=\"c-cs-product-facets__value-img\" src=\"https:\/\/www.willemsefrance.fr\/files\/126284\/pictos-fiche-produit\/culture-possible-en-pot-ou-en-bac.png\" alt=\" culture possible en pot, en bac\" \/>culture possible en pot, en bac,en plein terre<\/span><br \/>\n<span style=\"color: #000000;\"><strong>Floraison:<\/strong> du printemps jusqu&rsquo;\u00e0 l&rsquo;automne<\/span><\/p>\n<p><strong><span style=\"color: #99cc00;\">EMPLACEMENT:<\/span><\/strong><br \/>\n<span style=\"color: #000000;\"><strong>Ensoleillement:<\/strong><img decoding=\"async\" class=\"c-cs-product-facets__value-img\" src=\"https:\/\/www.willemsefrance.fr\/files\/126284\/pictos-fiche-produit\/conseille-pour-la-mi-ombre.png\" alt=\" conseill\u00e9 pour la mi-ombre\" \/>soleil \u00e0 mi-ombre<\/span><br \/>\n<img decoding=\"async\" class=\"c-cs-product-facets__value-img\" src=\"https:\/\/www.willemsefrance.fr\/files\/126284\/pictos-fiche-produit\/conseille-pour-le-plein-soleil.png\" alt=\" conseill\u00e9 pour le plein soleil\" \/><span class=\"c-cs-product-facets__value-text\" style=\"color: #000000;\">conseill\u00e9 pour le plein soleil<\/span><br \/>\n<span style=\"color: #000000;\"><strong>Temp\u00e9rature <\/strong>\u00a0:10- 40\u00b0C<\/span><\/p>\n","protected":false},"excerpt":{"rendered":"<p><span style=\"color: #000000;\"><strong>pot<\/strong> : 30cm<\/span><br \/>\n<span style=\"color: #000000;\"><strong>hauteur<\/strong> : en boule 40cm<\/span><\/p>\n<p><span style=\"color: #000000;\">Le Westringia longifolia, appel\u00e9 commun\u00e9ment romarin d&rsquo;Australie \u00e0 longues feuilles, est un arbuste vivace r\u00e9sistant et persistant, id\u00e9al pour les pourtours m\u00e9diterran\u00e9ens et autres littoraux..<\/span><\/p>\n","protected":false},"featured_media":1048,"comment_status":"open","ping_status":"closed","template":"","meta":[],"product_brand":[],"product_cat":[78,55,79],"product_tag":[],"class_list":{"0":"post-1045","1":"product","2":"type-product","3":"status-publish","4":"has-post-thumbnail","6":"product_cat-arbuste","7":"product_cat-plantes-dexterieur","8":"product_cat-plantes-vivaces","9":"","11":"first","12":"instock","13":"shipping-taxable","14":"purchasable","15":"product-type-simple"},"_links":{"self":[{"href":"https:\/\/capvert.com.tn\/index.php\/wp-json\/wp\/v2\/product\/1045","targetHints":{"allow":["GET"]}}],"collection":[{"href":"https:\/\/capvert.com.tn\/index.php\/wp-json\/wp\/v2\/product"}],"about":[{"href":"https:\/\/capvert.com.tn\/index.php\/wp-json\/wp\/v2\/types\/product"}],"replies":[{"embeddable":true,"href":"https:\/\/capvert.com.tn\/index.php\/wp-json\/wp\/v2\/comments?post=1045"}],"wp:featuredmedia":[{"embeddable":true,"href":"https:\/\/capvert.com.tn\/index.php\/wp-json\/wp\/v2\/media\/1048"}],"wp:attachment":[{"href":"https:\/\/capvert.com.tn\/index.php\/wp-json\/wp\/v2\/media?parent=1045"}],"wp:term":[{"taxonomy":"product_brand","embeddable":true,"href":"https:\/\/capvert.com.tn\/index.php\/wp-json\/wp\/v2\/product_brand?post=1045"},{"taxonomy":"product_cat","embeddable":true,"href":"https:\/\/capvert.com.tn\/index.php\/wp-json\/wp\/v2\/product_cat?post=1045"},{"taxonomy":"product_tag","embeddable":true,"href":"https:\/\/capvert.com.tn\/index.php\/wp-json\/wp\/v2\/product_tag?post=1045"}],"curies":[{"name":"wp","href":"https:\/\/api.w.org\/{rel}","templated":true}]}}