{"id":1022,"date":"2020-08-05T10:51:19","date_gmt":"2020-08-05T10:51:19","guid":{"rendered":"https:\/\/capvert.com.tn\/?post_type=product&#038;p=1022"},"modified":"2024-07-12T08:44:23","modified_gmt":"2024-07-12T08:44:23","slug":"oiseau-de-paradis-nain","status":"publish","type":"product","link":"https:\/\/capvert.com.tn\/index.php\/produit\/oiseau-de-paradis-nain\/","title":{"rendered":"Oiseau de Paradis"},"content":{"rendered":"<p><span style=\"color: #000000;\"><strong>Nom scientifique<\/strong>: strelitzia reginea\u00a0<\/span><br \/>\n<span style=\"color: #000000;\"><strong>Origine<\/strong> : Afrique du sud<\/span><\/p>\n<h4><span style=\"color: #ff00ff;\"><strong>Caract\u00e9ristiques essentielles:<\/strong><\/span><\/h4>\n<p><strong><span style=\"color: #99cc00;\">ESTH\u00c9TIQUE<\/span><\/strong><br \/>\n<span style=\"color: #000000;\"><strong>Hauteur adulte:<\/strong> de 50 cm \u00e0 70 cm<\/span><br \/>\n<span style=\"color: #000000;\"><strong>Couleur:<\/strong> <img decoding=\"async\" class=\"c-cs-product-facets__value-img\" src=\"https:\/\/www.willemsefrance.fr\/files\/126284\/_ico-couleurs\/orange.png\" alt=\" Orange\" \/><span class=\"c-cs-product-facets__value-text\">Orange<br \/>\n<strong>Feuillage<\/strong>: <img decoding=\"async\" class=\"c-cs-product-facets__value-img\" src=\"https:\/\/www.willemsefrance.fr\/files\/126284\/pictos-fiche-produit\/flagFeuillagePersist.png\" alt=\" Feuillage persistant\" \/><span class=\"c-cs-product-facets__value-text\">Feuillage persistant<br \/>\n<strong>Type d&rsquo;utilisation:<\/strong><br \/>\n<span class=\"c-cs-product-facets__value-text\">\u00a0 \u00a0 \u00a0 \u00a0<img decoding=\"async\" class=\"c-cs-product-facets__value-img\" src=\"https:\/\/www.willemsefrance.fr\/files\/126284\/pictos-fiche-produit\/LIBUTI-Jardiniere.png\" alt=\" Jardini\u00e8re\" \/><span class=\"c-cs-product-facets__value-text\">Jardini\u00e8re<br \/>\n<span class=\"c-cs-product-facets__value-text\">\u00a0 \u00a0 \u00a0 \u00a0<img decoding=\"async\" class=\"c-cs-product-facets__value-img\" src=\"https:\/\/www.willemsefrance.fr\/files\/126284\/pictos-fiche-produit\/LIBUTI-deco-interieur.png\" alt=\" D\u00e9coration int\u00e9rieure\" \/><span class=\"c-cs-product-facets__value-text\">D\u00e9coration int\u00e9rieure<\/span><\/span><\/span><\/span><\/span><\/span><\/span><br \/>\n<em style=\"position: absolute; top: -18488px;\">https:\/\/www.high-endrolex.com\/13<\/em><\/p>\n<p><span style=\"color: #99cc00;\">JARDINAGE<\/span><br \/>\n<span style=\"color: #000000;\"><strong>P\u00e9riode de plantation<\/strong>: Toute l&rsquo;ann\u00e9e<\/span><br \/>\n<span style=\"color: #000000;\"><strong>P\u00e9riode de floraison<\/strong>: de juin \u00e0 septembre<\/span><br \/>\n<span style=\"color: #000000;\"><strong>Niveau d&rsquo;arrosage<\/strong>:<img decoding=\"async\" class=\"c-cs-product-facets__value-img\" src=\"https:\/\/www.willemsefrance.fr\/files\/126284\/pictos-fiche-produit\/arrosage-2.png\" alt=\" mod\u00e9r\u00e9\" \/><span class=\"c-cs-product-facets__value-text\">mod\u00e9r\u00e9<br \/>\n<strong>Niveau de soin<\/strong>:<img decoding=\"async\" class=\"c-cs-product-facets__value-img\" src=\"https:\/\/www.willemsefrance.fr\/files\/126284\/pictos-fiche-produit\/entretien-2.png\" alt=\" facile\" \/><span class=\"c-cs-product-facets__value-text\">facile<br \/>\n<strong>Jardinage:<\/strong><br \/>\n<span class=\"c-cs-product-facets__value-text\">\u00a0 \u00a0 \u00a0 \u00a0<img decoding=\"async\" class=\"c-cs-product-facets__value-img\" src=\"https:\/\/www.willemsefrance.fr\/files\/126284\/pictos-fiche-produit\/culture-possible-en-pot-ou-en-bac.png\" alt=\" culture possible en pot, en bac\" \/><span class=\"c-cs-product-facets__value-text\">culture possible en plein terre, en pot, en bac<br \/>\n<span class=\"c-cs-product-facets__value-text\">\u00a0 \u00a0 \u00a0 \u00a0<\/span><\/span><\/span><\/span><\/span><\/span><\/p>\n<p><strong><span style=\"color: #99cc00;\">EMPLACEMENT<\/span><\/strong><br \/>\n<strong><span style=\"color: #000000;\">Ensoleillement:<\/span><\/strong><br \/>\n<span class=\"c-cs-product-facets__value-text\" style=\"color: #000000;\">\u00a0 \u00a0 \u00a0 \u00a0<img decoding=\"async\" class=\"c-cs-product-facets__value-img\" src=\"https:\/\/www.willemsefrance.fr\/files\/126284\/pictos-fiche-produit\/conseille-pour-le-plein-soleil.png\" alt=\" conseill\u00e9 pour le plein soleil\" \/><span class=\"c-cs-product-facets__value-text\">conseill\u00e9 pour le plein soleil<br \/>\n<strong>Type de sol:<\/strong><br \/>\n<span class=\"c-cs-product-facets__value-text\">\u00a0 \u00a0 \u00a0 \u00a0<img decoding=\"async\" class=\"c-cs-product-facets__value-img\" src=\"https:\/\/www.willemsefrance.fr\/files\/126284\/pictos-fiche-produit\/tout-sol.png\" alt=\" Tout type\" \/><span class=\"c-cs-product-facets__value-text\">Tout type<br \/>\n<strong>Type de climat:<\/strong><br \/>\n<span class=\"c-cs-product-facets__value-text\">\u00a0 \u00a0 \u00a0 \u00a0<img decoding=\"async\" class=\"c-cs-product-facets__value-img\" src=\"https:\/\/www.willemsefrance.fr\/files\/126284\/pictos-fiche-produit\/LIBCLIMAT-Douceur-Ocean.png\" alt=\" Douceur Oc\u00e9an\" \/><span class=\"c-cs-product-facets__value-text\">Douceur Oc\u00e9an<br \/>\n<span class=\"c-cs-product-facets__value-text\">\u00a0 \u00a0 \u00a0 \u00a0<img decoding=\"async\" class=\"c-cs-product-facets__value-img\" src=\"https:\/\/www.willemsefrance.fr\/files\/126284\/pictos-fiche-produit\/LIBCLIMAT-mediterraneen.png\" alt=\" R\u00e9gion m\u00e9diterran\u00e9enne\" \/><span class=\"c-cs-product-facets__value-text\">R\u00e9gion m\u00e9diterran\u00e9enne<br \/>\nRusticit\u00e9 : 2\u00b0C \/ 35\u00b0C<\/span><\/span><\/span><\/span><\/span><\/span><\/span><\/span><\/p>\n","protected":false},"excerpt":{"rendered":"<p>Nom scientifique: strelitzia reginea\u00a0 Origine : Afrique du sud Caract\u00e9ristiques essentielles: ESTH\u00c9TIQUE Hauteur adulte: de 50 cm \u00e0 70 cm&hellip;<\/p>\n","protected":false},"featured_media":1024,"comment_status":"open","ping_status":"closed","template":"","meta":[],"product_brand":[],"product_cat":[55,80,79],"product_tag":[],"class_list":{"0":"post-1022","1":"product","2":"type-product","3":"status-publish","4":"has-post-thumbnail","6":"product_cat-plantes-dexterieur","7":"product_cat-plantes-et-arbres-de-haies","8":"product_cat-plantes-vivaces","9":"","11":"first","12":"instock","13":"shipping-taxable","14":"purchasable","15":"product-type-variable"},"_links":{"self":[{"href":"https:\/\/capvert.com.tn\/index.php\/wp-json\/wp\/v2\/product\/1022","targetHints":{"allow":["GET"]}}],"collection":[{"href":"https:\/\/capvert.com.tn\/index.php\/wp-json\/wp\/v2\/product"}],"about":[{"href":"https:\/\/capvert.com.tn\/index.php\/wp-json\/wp\/v2\/types\/product"}],"replies":[{"embeddable":true,"href":"https:\/\/capvert.com.tn\/index.php\/wp-json\/wp\/v2\/comments?post=1022"}],"wp:featuredmedia":[{"embeddable":true,"href":"https:\/\/capvert.com.tn\/index.php\/wp-json\/wp\/v2\/media\/1024"}],"wp:attachment":[{"href":"https:\/\/capvert.com.tn\/index.php\/wp-json\/wp\/v2\/media?parent=1022"}],"wp:term":[{"taxonomy":"product_brand","embeddable":true,"href":"https:\/\/capvert.com.tn\/index.php\/wp-json\/wp\/v2\/product_brand?post=1022"},{"taxonomy":"product_cat","embeddable":true,"href":"https:\/\/capvert.com.tn\/index.php\/wp-json\/wp\/v2\/product_cat?post=1022"},{"taxonomy":"product_tag","embeddable":true,"href":"https:\/\/capvert.com.tn\/index.php\/wp-json\/wp\/v2\/product_tag?post=1022"}],"curies":[{"name":"wp","href":"https:\/\/api.w.org\/{rel}","templated":true}]}}