{"id":76,"date":"2017-06-12T04:36:30","date_gmt":"2017-06-12T04:36:30","guid":{"rendered":"http:\/\/demo2.steelthemes.com\/gardenhub\/?page_id=76"},"modified":"2020-10-10T10:26:25","modified_gmt":"2020-10-10T10:26:25","slug":"cap-vert","status":"publish","type":"page","link":"https:\/\/capvert.com.tn\/index.php\/cap-vert\/","title":{"rendered":"CAP VERT ?"},"content":{"rendered":"<div class=\"wpb-content-wrapper\"><p>[vc_row css=\u00a0\u00bb.vc_custom_1591437745453{padding-top: 70px !important;padding-bottom: 70px !important;}\u00a0\u00bb][vc_column width=\u00a0\u00bb1\/2&Prime;]<div class=\"fh-section-title clearfix  text-left style-1 version-dark\"><div class=\"container\"><h2>PRESENTATION  <span class=\"main-color\">CAP VERT<\/span><\/h2><\/div><\/div>[vc_column_text css=\u00a0\u00bb.vc_custom_1601731518339{margin-top: 40px !important;padding-bottom: 20px !important;}\u00a0\u00bb]<\/p>\n<div style=\"font-size: 22px; font-weight: 500; font-family: 'Poppins', sans-serif; color: #292929;\"><\/div>\n<div>\n<h4><span style=\"color: #000000;\"><strong>BIENVENUE \u00c0 <span style=\"color: #7eab26;\">CAP VERT<\/span><\/strong><\/span><\/h4>\n<p><span style=\"color: #000000;\">En tant qu&rsquo;entreprise d\u2019am\u00e9nagement paysager renomm\u00e9e, notre objectif est de r\u00e9aliser les souhaits et les r\u00eaves de nos clients dans le jardin.<\/span><\/p>\n<\/div>\n<p>[\/vc_column_text][vc_column_text css=\u00a0\u00bb.vc_custom_1601731263909{margin-bottom: 25px !important;}\u00a0\u00bb]<\/p>\n<h4><span style=\"color: #81a31c;\"><strong>CAP VERT r\u00e9alise vos am\u00e9nagements de jardin <\/strong><\/span><\/h4>\n<p><span style=\"color: #000000;\">Cr\u00e9er des espaces innovants et adapt\u00e9s tout en respectant l\u2019environnement ou en le r\u00e9int\u00e9grant fait partie de nos valeurs. Nous vous proposons de:<\/span><\/p>\n<ul>\n<li style=\"list-style-type: none;\">\n<ul>\n<li><span style=\"color: #000000;\">R\u00e9aliser un projet sur mesure en adoptant des solutions sp\u00e9cifiques<\/span><\/li>\n<li><span style=\"color: #000000;\">R\u00e9ussir des am\u00e9nagements avec des mat\u00e9riaux adapt\u00e9s<\/span><\/li>\n<li><span style=\"color: #000000;\">Choisir les v\u00e9g\u00e9taux adapt\u00e9s \u00e0 la nature de votre terrain<\/span><\/li>\n<li><span style=\"color: #000000;\">Vous faire profiter du jardin toute l\u2019ann\u00e9e avec des floraisons \u00e9chelonn\u00e9es\u00a0<\/span><\/li>\n<li><span style=\"color: #000000;\">Vous faire faire des \u00e9conomies en misant sur la qualit\u00e9 et sur la p\u00e9rennit\u00e9<\/span><\/li>\n<\/ul>\n<\/li>\n<\/ul>\n<h4><span style=\"color: #81a31c;\">HISTORIQUE<br \/>\n<\/span><\/h4>\n<p><span style=\"color: #993300;\"><strong>1996<\/strong><\/span><br \/>\n<span style=\"color: #000000;\">Apr\u00e8s des \u00e9tudes \u00e0 la Haute Ecole Sup\u00e9rieur d\u2019horticulture chatt Mariem ,\u00a0<strong>Mme MAKHLOUF Olfa\u00a0 <\/strong>a eu son dipl\u00f4me en qualit\u00e9 d\u2019ing\u00e9nieur paysagiste et commence son carri\u00e8re de travail et d\u2019exp\u00e9rience <strong>\u00a0<\/strong><\/span>\u00a0.<br \/>\n<span style=\"color: #993300;\"><strong>2001<\/strong><\/span><br \/>\n<span style=\"color: #000000;\">Notre ingenieur cr\u00e9e son propre \u00a0entreprise d\u2019am\u00e9nagement paysager et d\u00e9veloppe son activit\u00e9 en offrant un savoir-faire innovant de qualit\u00e9.<\/span><br \/>\n<span style=\"color: #993300;\"><strong>2004<\/strong><\/span><br \/>\n<span style=\"color: #000000;\">La mise en place de la p\u00e9pini\u00e8re . on a commenc\u00e9 par 7\u00a0000 m2 .<\/span><br \/>\n<span style=\"color: #000000;\">Participation aux march\u00e9s public pour l\u2019am\u00e9nagement des espaces verts .<\/span><br \/>\n<span style=\"color: #000000;\">L\u2019entreprise d\u00e9croche des grands chantiers pour des hotels , des villas ,des immobiliers,\u2026<\/span><br \/>\n<span style=\"color: #993300;\"><strong>2006<\/strong><\/span><br \/>\n<span style=\"color: #000000;\">Int\u00e9gration dans le projets d\u2019APIA et l\u2019achat de 3 hectares pour la production du gazon kikivui, am\u00e9ricain et paspalum.<\/span><br \/>\n<span style=\"color: #000000;\">On a \u00e9largie sur 8 hectare pour la production des diff\u00e9rents vari\u00e9t\u00e9s des v\u00e9g\u00e9taux.<\/span><br \/>\n<span style=\"color: #993300;\"><strong>2009<\/strong><\/span><br \/>\n<span style=\"color: #000000;\">L\u2019entreprise ajoute autres services tel que l\u2019arrosage automatique, atelier du mobilier urbain,\u2026..<\/span>[\/vc_column_text][\/vc_column][vc_column width=\u00a0\u00bb1\/2&Prime;][vc_column_text]<span style=\"color: #993300;\"><strong>Equipe<\/strong><\/span><br \/>\n<span style=\"color: #000000;\"><strong>L \u00e9quipes est compos\u00e9es des<\/strong> femmes chefs d \u00e9quipe, et chefs des projets \u00a0passionn\u00e9s, motiv\u00e9s, fid\u00e8les et travailleurs, aimant les projets novateurs et le travail bien fait. 8 \u00e0 10 personnes d\u2019exp\u00e9rience sont \u00e0 votre service.<\/span><br \/>\n<span style=\"color: #993300;\"><strong>Mat\u00e9riaux<\/strong><\/span><br \/>\n<span style=\"color: #000000;\">Les mat\u00e9riaux sont choisis en fonction de leurs qualit\u00e9s et sont propos\u00e9s en fonction du budget de l\u2019am\u00e9nagement.<\/span><br \/>\n<span style=\"color: #000000;\">Nos fournisseurs sont r\u00e9put\u00e9s et choisis en fonction de la qualit\u00e9 de leurs produits et des d\u00e9lais.<\/span><br \/>\n<span style=\"color: #000000;\">Nous travaillons avec des mat\u00e9riaux adapt\u00e9s \u00e0 chaque projet, tout en gardant l\u2019aspect qualit\u00e9.<\/span><br \/>\n<span style=\"color: #993300;\"><strong>Machines<\/strong><\/span><br \/>\n<span style=\"color: #000000;\">Des investissements sont r\u00e9guli\u00e8rement r\u00e9alis\u00e9s. Nous pouvons ainsi \u00eatre flexibles et r\u00e9pondre \u00e0 la demande de la client\u00e8le dans les plus brefs d\u00e9lais.<\/span><\/p>\n<h4><span style=\"color: #769617;\">SERVICES<\/span><\/h4>\n<p><span style=\"color: #993300;\"><strong>R\u00e9alisation de projets<\/strong><\/span><br \/>\n<span style=\"color: #000000;\">Chaque projet est r\u00e9alis\u00e9 avec le plus grand soin et la plus grande attention.<\/span><br \/>\n<span style=\"color: #000000;\">Nous essayons de traduire fid\u00e8lement l\u2019esprit de chaque projet sur le terrain.\u00a0<\/span><\/p>\n<p><strong><span style=\"color: #993300;\">Travaux d\u2019am\u00e9nagement des espaces verts<\/span> <\/strong><br \/>\n<span style=\"color: #000000;\">Les \u00e9quipes de plantation sont constitu\u00e9es de jardiniers qualifi\u00e9s. Elles sont \u00e0 m\u00eame de r\u00e9aliser des am\u00e9nagements de jardins priv\u00e9s et de collectivit\u00e9s.<\/span><br \/>\n<span style=\"color: #000000;\">Elles r\u00e9alisent petits et grands projets, de quelques m\u00e8tres carr\u00e9s \u00e0 plusieurs hectares.<\/span><\/p>\n<p><strong><span style=\"color: #993300;\">Mobilier Urbain<\/span> <\/strong><br \/>\n<span style=\"color: #000000;\">On met \u00e0 votre service une atelier du mobilier urbain ou vous trouvez les bacs \u00e0 fleurs, les bancs publics, les contours d\u2019arbres ,bordure de jardin, des dalles de jardin, des chemin\u00e9es, des lampes en pierre naturels, des barbecues \u2026..<\/span><\/p>\n<p><span style=\"color: #993300;\"><strong>Vents des plantes ornementales<\/strong><\/span><br \/>\n<span style=\"color: #000000;\">On mets a votre disposition nos v\u00e9hicules pour la livraison de plantes ornementales; arbres ,arbustes,plantes d\u2019int\u00e9rieurs,des grimpantes,plantes pour haie,gazon en plaque,toutes les vari\u00e9t\u00e9s d&rsquo;arbre fruiti\u00e8re,fleure vivaces. Fleure de printemps,fleure d&rsquo;\u00e9t\u00e9,des bulbeuses,plante aromatique et m\u00eame plantes m\u00e9dicinales, palmiers, etc..\u00a0 <\/span><br \/>\n<span style=\"color: #000000;\">si vous voulez acquit une plante rare on vous aide a le trouver ( voir notre boutique)<\/span><\/p>\n<p><span style=\"color: #993300;\"><strong>Suivi de chantiers<\/strong><\/span><br \/>\n<span style=\"color: #000000;\">Pour la satisfaction du client, un suivi r\u00e9gulier et attentif est effectu\u00e9 sur tous nos chantiers. La qualit\u00e9 du travail est \u00e0 nos yeux primordiale.<\/span><\/p>\n<p>[\/vc_column_text][\/vc_column][\/vc_row][vc_row enable_parallax=\u00a0\u00bbyes\u00a0\u00bb css=\u00a0\u00bb.vc_custom_1591201223454{padding-top: 80px !important;padding-bottom: 50px !important;background-image: url(https:\/\/capvert.com.tn\/wp-content\/uploads\/2020\/06\/counter-bg-2.jpg?id=775) !important;}\u00a0\u00bb][vc_column width=\u00a0\u00bb1\/3&Prime;]<div class=\"fh-counter  style-1\">\n\t\t\t\t <span class=\"fh-icon\"><i class=\"flaticon-nature-1\"><\/i><\/span>\n                <div class=\"counter\">\n                \t<div class=\"value\">+100<\/div>\n                \t<span>+<\/span>\n                <\/div>\n                <h4>cr\u00e9ations de Jardins<\/h4>\n\n            <\/div>[\/vc_column][vc_column width=\u00a0\u00bb1\/3&Prime;]<div class=\"fh-counter  style-1\">\n\t\t\t\t <span class=\"fh-icon\"><i class=\"flaticon-nature-2\"><\/i><\/span>\n                <div class=\"counter\">\n                \t<div class=\"value\">2345<\/div>\n                \t<span><\/span>\n                <\/div>\n                <h4>Projet r\u00e9alis\u00e9s<\/h4>\n\n            <\/div>[\/vc_column][vc_column width=\u00a0\u00bb1\/3&Prime;]<div class=\"fh-counter  style-1\">\n\t\t\t\t <span class=\"fh-icon\"><i class=\"flaticon-people\"><\/i><\/span>\n                <div class=\"counter\">\n                \t<div class=\"value\">20<\/div>\n                \t<span>ans<\/span>\n                <\/div>\n                <h4>d'exp\u00e9rience<\/h4>\n\n            <\/div>[\/vc_column][\/vc_row][vc_row css=\u00a0\u00bb.vc_custom_1496134378191{padding-top: 60px !important;padding-bottom: 50px !important;}\u00a0\u00bb][vc_column]<div class=\"fh-section-title clearfix  text-center style-1 version-dark\"><div class=\"container\"><h2>Garantir la satisfaction de  <span class=\"main-color\">nos clients<\/span><\/h2><\/div><\/div>[vc_row_inner css=\u00a0\u00bb.vc_custom_1496133799934{margin-top: 50px !important;}\u00a0\u00bb][vc_column_inner][vc_column_text css=\u00a0\u00bb.vc_custom_1591201010442{margin-bottom: 25px !important;}\u00a0\u00bb]Chaque jardin est embl\u00e9matique de l\u2019\u00e2me de ses habitants. Chaque espace vert est un lieu unique qui \u00e9veille les sens. C\u2019est de ces constats, que sont n\u00e9s les engagements de l\u2019entreprise Les Jardiniers envers tous ses clients : particuliers, copropri\u00e9taires, promoteurs immobiliers, entreprises, h\u00f4tels, collectivit\u00e9s\u2026 Pour Les Jardiniers, tout espace vert est \u00e0 r\u00e9v\u00e9ler et \u00e0 inventer en fonction de l\u2019identit\u00e9 du lieu et des souhaits de ses usagers. Ainsi, la qualit\u00e9 de la relation client est essentielle pour r\u00e9ussir tous les projets de cr\u00e9ation d\u2019espaces verts mais aussi, toutes les prestations d\u2019am\u00e9nagement et d\u2019entretien de jardins.[\/vc_column_text][\/vc_column_inner][\/vc_row_inner][\/vc_column][\/vc_row][vc_row css=\u00a0\u00bb.vc_custom_1496134378191{padding-top: 60px !important;padding-bottom: 50px !important;}\u00a0\u00bb][vc_column]<div class=\"fh-section-title clearfix  text-center style-1 version-dark\"><div class=\"container\"><h2>+ 100  <span class=\"main-color\">cr\u00e9ations de Jardins<\/span><\/h2><\/div><\/div>[vc_row_inner css=\u00a0\u00bb.vc_custom_1496133799934{margin-top: 50px !important;}\u00a0\u00bb][vc_column_inner][vc_column_text css=\u00a0\u00bb.vc_custom_1591201120999{margin-bottom: 25px !important;}\u00a0\u00bb]Depuis plus de 15ans, la soci\u00e9t\u00e9 CAP VERT se consacre \u00e0 l\u2019art des jardins, \u00e0 la conception et l\u2019am\u00e9nagement d\u2019espaces verts. Les cr\u00e9ations paysag\u00e9es r\u00e9alis\u00e9es par nos \u00e9quipes de jardiniers dans la TUNISIE( tunis,nabeul,tabarka ,sfax, djerba tozeur\u2026) on vous pr\u00e9sente plusieurs styles de jardin : jardins m\u00e9diterran\u00e9ens, jardins exotiques, jardins japonaises, jardins zen, jardins italiens, jardins de campagne, jardins de bord de mer&#8230;[\/vc_column_text][\/vc_column_inner][\/vc_row_inner][\/vc_column][\/vc_row][vc_row enable_parallax=\u00a0\u00bbyes\u00a0\u00bb css=\u00a0\u00bb.vc_custom_1580804831587{padding-top: 80px !important;padding-bottom: 80px !important;background-image: url(https:\/\/capvert.com.tn\/wp-content\/uploads\/2020\/06\/home1-bg-2.jpg) !important;}\u00a0\u00bb][vc_column]<div class=\"fh-testimonials-carousel  style-1\" id=\"testimonial-slider-6a0320ea02b8c\">\n\t\t\t<h3 class=\"feedback-title\"><span class=\"fh-icon icon-1\"><i class=\"flaticon-left-quote-sketch\"><\/i><\/span>Nos t\u00e9moignages<\/h3>\n\t\t\t<div class=\"testi-list owl-carousel\" >\n\t\t\t<div class=\"testi-item\">\n\t\t\t\t<div class=\"testi-content\">\n                    <div class=\"testi-des\"><span class=\"fh-icon icon-1\"><i class=\"flaticon-left-quote-sketch\"><\/i><\/span>je suis content de votre de votre travail attentif . votre \u00e9quipe  est tr\u00e8s s\u00e9rieux et surtout  ponctuel. je recommande votre soci\u00e9t\u00e9 pour les am\u00e9nagement paysag\u00e8re puisque vous \u00eates  au m\u00eame  temps une soci\u00e9t\u00e9 d'\u00e9tude et d\u2019am\u00e9nagement, et le plus beau vous  \u00eates  des producteurs des plantes.<\/div>\n                    <div class=\"info clearfix\">\n                        \n\t\t\t\t\t\t\n\t\t\t\t\t\t<h4 class=\"testi-name\">Promoteur immobilier<\/h4>\n\t\t\t\t\t\t<span class=\"testi-job\">Professionnel<\/span>\n\t\t\t\t\t\t<div class=\"testi-star\"><i class=\"fa fa-star fa-md\"><\/i><i class=\"fa fa-star fa-md\"><\/i><i class=\"fa fa-star fa-md\"><\/i><i class=\"fa fa-star fa-md\"><\/i><i class=\"fa fa-star fa-md\"><\/i><\/div>\n\t\t\t\t\t<\/div>\n\t\t\t\t<\/div>\n            <\/div>\n\t\t\t<div class=\"testi-item\">\n\t\t\t\t<div class=\"testi-content\">\n                    <div class=\"testi-des\"><span class=\"fh-icon icon-1\"><i class=\"flaticon-left-quote-sketch\"><\/i><\/span>Tr\u00e8s contente de ma livraison, \u00e9quipe r\u00e9active et s\u00e9rieuse . Bonne continuation<\/div>\n                    <div class=\"info clearfix\">\n                        \n\t\t\t\t\t\t\n\t\t\t\t\t\t<h4 class=\"testi-name\">Mme Sonia Bouaziz Menaa<\/h4>\n\t\t\t\t\t\t<span class=\"testi-job\">Particulier<\/span>\n\t\t\t\t\t\t<div class=\"testi-star\"><i class=\"fa fa-star fa-md\"><\/i><i class=\"fa fa-star fa-md\"><\/i><i class=\"fa fa-star fa-md\"><\/i><i class=\"fa fa-star fa-md\"><\/i><i class=\"fa fa-star fa-md\"><\/i><\/div>\n\t\t\t\t\t<\/div>\n\t\t\t\t<\/div>\n            <\/div>\n\t\t\t<div class=\"testi-item\">\n\t\t\t\t<div class=\"testi-content\">\n                    <div class=\"testi-des\"><span class=\"fh-icon icon-1\"><i class=\"flaticon-left-quote-sketch\"><\/i><\/span>Un service parfait, un personnel s\u00e9rieux bon courage et surtout gardez ce niveau. Je vous recommande fortement.<\/div>\n                    <div class=\"info clearfix\">\n                        \n\t\t\t\t\t\t\n\t\t\t\t\t\t<h4 class=\"testi-name\">Mme Myriam Chihaoui<\/h4>\n\t\t\t\t\t\t<span class=\"testi-job\">Particulier<\/span>\n\t\t\t\t\t\t<div class=\"testi-star\"><i class=\"fa fa-star fa-md\"><\/i><i class=\"fa fa-star fa-md\"><\/i><i class=\"fa fa-star fa-md\"><\/i><i class=\"fa fa-star fa-md\"><\/i><i class=\"fa fa-star fa-md\"><\/i><\/div>\n\t\t\t\t\t<\/div>\n\t\t\t\t<\/div>\n            <\/div>\n\t\t\t<div class=\"testi-item\">\n\t\t\t\t<div class=\"testi-content\">\n                    <div class=\"testi-des\"><span class=\"fh-icon icon-1\"><i class=\"flaticon-left-quote-sketch\"><\/i><\/span>merci et bravo pour votre service, plantes re\u00e7ues plus jolies que les photos. Bonne continuation \r\n<\/div>\n                    <div class=\"info clearfix\">\n                        \n\t\t\t\t\t\t\n\t\t\t\t\t\t<h4 class=\"testi-name\">Mme ikbel nahdi<\/h4>\n\t\t\t\t\t\t<span class=\"testi-job\">Particuler<\/span>\n\t\t\t\t\t\t<div class=\"testi-star\"><i class=\"fa fa-star fa-md\"><\/i><i class=\"fa fa-star fa-md\"><\/i><i class=\"fa fa-star fa-md\"><\/i><i class=\"fa fa-star fa-md\"><\/i><i class=\"fa fa-star fa-md\"><\/i><\/div>\n\t\t\t\t\t<\/div>\n\t\t\t\t<\/div>\n            <\/div>\n\t\t\t<div class=\"testi-item\">\n\t\t\t\t<div class=\"testi-content\">\n                    <div class=\"testi-des\"><span class=\"fh-icon icon-1\"><i class=\"flaticon-left-quote-sketch\"><\/i><\/span>Je remercie toute l'\u00e9quipe de soci\u00e9t\u00e9 CAP VERT pour leur r\u00e9activit\u00e9 et professionnalis\u00e9 . merci infiniment MME Makhloof Olfa pour votre patience et votre cr\u00e9ativit\u00e9. Vous intelligente au choisit des sujets qui s'adaptent \u00e0 notre climat tunisien difficile. une jolie conception et am\u00e9nagement de mon jardin surtout la coordination des plantes et l'architecture de la villa .nous sommes tr\u00e8s satisfaits.  Bon travail et bonne continuation.<\/div>\n                    <div class=\"info clearfix\">\n                        \n\t\t\t\t\t\t\n\t\t\t\t\t\t<h4 class=\"testi-name\">MR ET MME ZARIAT<\/h4>\n\t\t\t\t\t\t<span class=\"testi-job\">Particulier<\/span>\n\t\t\t\t\t\t<div class=\"testi-star\"><i class=\"fa fa-star fa-md\"><\/i><i class=\"fa fa-star fa-md\"><\/i><i class=\"fa fa-star fa-md\"><\/i><i class=\"fa fa-star fa-md\"><\/i><i class=\"fa fa-star fa-md\"><\/i><\/div>\n\t\t\t\t\t<\/div>\n\t\t\t\t<\/div>\n            <\/div><\/div>\n\t\t\t<div class=\"owl-dots enable\"><div class=\"owl-dot\"><span ><\/span><\/div><div class=\"owl-dot\"><span ><\/span><\/div><div class=\"owl-dot\"><span ><\/span><\/div><div class=\"owl-dot\"><span ><\/span><\/div><div class=\"owl-dot\"><span ><\/span><\/div><\/div>\n\t\t<\/div>[\/vc_column][\/vc_row][vc_row css=\u00a0\u00bb.vc_custom_1591277008047{padding-top: 60px !important;padding-bottom: 50px !important;}\u00a0\u00bb el_id=\u00a0\u00bbattestation\u00a0\u00bb][vc_column]<div class=\"fh-section-title clearfix  text-center style-1 version-dark\"><div class=\"container\"><h2>ATTESTATION Minist\u00e8re de l'Agriculture - Tunisie  <span class=\"main-color\"> \u0648\u0632\u0627\u0631\u0629 \u0627\u0644\u0641\u0644\u0627\u062d\u0629 \u062a\u0648\u0646\u0633<\/span><\/h2><\/div><\/div>[vc_row_inner css=\u00a0\u00bb.vc_custom_1496133799934{margin-top: 50px !important;}\u00a0\u00bb][vc_column_inner][vc_single_image image=\u00a0\u00bb835&Prime; img_size=\u00a0\u00bblarge\u00a0\u00bb alignment=\u00a0\u00bbcenter\u00a0\u00bb onclick=\u00a0\u00bblink_image\u00a0\u00bb][\/vc_column_inner][\/vc_row_inner][\/vc_column][\/vc_row][vc_row css=\u00a0\u00bb.vc_custom_1496051770170{padding-top: 70px !important;padding-bottom: 45px !important;}\u00a0\u00bb][vc_column]<div class=\"fh-section-title clearfix  text-left style-1 version-dark\"><div class=\"container\"><h2>Nouveaut\u00e9s <span class=\"main-color\">CapVert<\/span><\/h2><\/div><\/div>[vc_row_inner css=\u00a0\u00bb.vc_custom_1496200981375{margin-top: -50px !important;}\u00a0\u00bb][vc_column_inner]<div class=\"fh-latest-post  grid style-1\">\n\t\t\t<a href=\"https:\/\/capvert.com.tn\/index.php\/blog\/\" class=\"blog-link\">Plus d'actualit\u00e9s et nouveaut\u00e9s<i class=\"fa fa-caret-right\" aria-hidden=\"true\"><\/i><\/a>\n\t\t\t<div class=\"post-list row\" id=\"post-slider-6a0320ea03465\"><div class=\"item-latest-post clearfix  col-xs-6 col-sm-6 col-md-4\">\n\t\t\t\t<div class=\"entry-thumbnail\">\n\t\t\t\t\t<a href=\"https:\/\/capvert.com.tn\/index.php\/2024\/02\/21\/bac-a-fleur-rond-en-beton-grand-modele\/\"><img loading=\"lazy\" decoding=\"async\" width=\"370\" height=\"210\" src=\"https:\/\/capvert.com.tn\/wp-content\/uploads\/2024\/02\/2de8ae6d-138e-4879-b9d8-f1cb41e2632a-370x210.jpg\" class=\"attachment-gardenhub-blog-grid-3-thumb size-gardenhub-blog-grid-3-thumb wp-post-image\" alt=\"\" srcset=\"https:\/\/capvert.com.tn\/wp-content\/uploads\/2024\/02\/2de8ae6d-138e-4879-b9d8-f1cb41e2632a-370x210.jpg 370w, https:\/\/capvert.com.tn\/wp-content\/uploads\/2024\/02\/2de8ae6d-138e-4879-b9d8-f1cb41e2632a-570x324.jpg 570w\" sizes=\"auto, (max-width: 370px) 100vw, 370px\" \/><\/a>\n\t\t\t\t\t<div class=\"entry-time\">\n\t\t\t\t\t\t<span class=\"day\">21<\/span>\n\t\t\t\t\t\t<span class=\"month\">F\u00e9v<\/span>\n\t\t\t\t\t<\/div>\n\t\t\t\t<\/div>\n\t\t\t\t<div class=\"entry-summary\">\n\t\t\t\t\t<div class=\"entry-header\">\n\t\t\t\t\t\t<div class=\"entry-meta\">\n\t\t\t\t\t\t\t<span class=\"meta posted-on\"><a href=\"https:\/\/capvert.com.tn\/index.php\/2024\/02\/21\/bac-a-fleur-rond-en-beton-grand-modele\/\" rel=\"bookmark\"><i class=\"fa fa-clock-o\"><\/i><time class=\"entry-date published updated\" datetime=\"2024-02-21T14:27:16+00:00\">f\u00e9vrier 21, 2024<\/time><\/a><\/span>\n\t\t\t\t\t\t\t<span class=\"author meta\"><a href=\"https:\/\/capvert.com.tn\/index.php\/author\/admin_cap24\/\"><i class=\"fa fa-user\" aria-hidden=\"true\"><\/i>CAP VERT<\/a><\/span>\n\t\t\t\t\t\t<\/div>\n\t\t\t\t\t\t<h2 class=\"entry-title\"><a href=\"https:\/\/capvert.com.tn\/index.php\/2024\/02\/21\/bac-a-fleur-rond-en-beton-grand-modele\/\">Bac \u00e0 fleur rond en b\u00e9ton grand mod\u00e8le<\/a><\/h2>\n\n\t\t\t\t\t<\/div>\n\t\t\t\t\t<div class=\"entry-content\">\n\t\t\t\t\t\t<p><\/p>\n\t\t\t\t\t<\/div>\n\t\t\t\t\t<div class=\"entry-footer\">\n\t\t\t\t\t\t<a href=\"https:\/\/capvert.com.tn\/index.php\/2024\/02\/21\/bac-a-fleur-rond-en-beton-grand-modele\/\">Continuer la lecture...<\/a>\n\t\t\t\t\t<\/div>\n\t\t\t\t<\/div>\n\t\t\t<\/div><div class=\"item-latest-post clearfix  col-xs-6 col-sm-6 col-md-4\">\n\t\t\t\t<div class=\"entry-thumbnail\">\n\t\t\t\t\t<a href=\"https:\/\/capvert.com.tn\/index.php\/2024\/02\/16\/projet-villa-nabeul\/\"><img loading=\"lazy\" decoding=\"async\" width=\"370\" height=\"210\" src=\"https:\/\/capvert.com.tn\/wp-content\/uploads\/2024\/02\/98965be3-f969-4386-9bef-8c48bdfbb1e5-copie-370x210.jpg\" class=\"attachment-gardenhub-blog-grid-3-thumb size-gardenhub-blog-grid-3-thumb wp-post-image\" alt=\"\" srcset=\"https:\/\/capvert.com.tn\/wp-content\/uploads\/2024\/02\/98965be3-f969-4386-9bef-8c48bdfbb1e5-copie-370x210.jpg 370w, https:\/\/capvert.com.tn\/wp-content\/uploads\/2024\/02\/98965be3-f969-4386-9bef-8c48bdfbb1e5-copie-570x324.jpg 570w\" sizes=\"auto, (max-width: 370px) 100vw, 370px\" \/><\/a>\n\t\t\t\t\t<div class=\"entry-time\">\n\t\t\t\t\t\t<span class=\"day\">16<\/span>\n\t\t\t\t\t\t<span class=\"month\">F\u00e9v<\/span>\n\t\t\t\t\t<\/div>\n\t\t\t\t<\/div>\n\t\t\t\t<div class=\"entry-summary\">\n\t\t\t\t\t<div class=\"entry-header\">\n\t\t\t\t\t\t<div class=\"entry-meta\">\n\t\t\t\t\t\t\t<span class=\"meta posted-on\"><a href=\"https:\/\/capvert.com.tn\/index.php\/2024\/02\/16\/projet-villa-nabeul\/\" rel=\"bookmark\"><i class=\"fa fa-clock-o\"><\/i><time class=\"entry-date published updated\" datetime=\"2024-02-16T08:29:46+00:00\">f\u00e9vrier 16, 2024<\/time><\/a><\/span>\n\t\t\t\t\t\t\t<span class=\"author meta\"><a href=\"https:\/\/capvert.com.tn\/index.php\/author\/admin_cap24\/\"><i class=\"fa fa-user\" aria-hidden=\"true\"><\/i>CAP VERT<\/a><\/span>\n\t\t\t\t\t\t<\/div>\n\t\t\t\t\t\t<h2 class=\"entry-title\"><a href=\"https:\/\/capvert.com.tn\/index.php\/2024\/02\/16\/projet-villa-nabeul\/\">Projet Villa Nabeul<\/a><\/h2>\n\n\t\t\t\t\t<\/div>\n\t\t\t\t\t<div class=\"entry-content\">\n\t\t\t\t\t\t<p><p>Un jardin exotique, un jardin compos\u00e9 de plantes exotiques. C\u2019est un&#8230;<\/p>\n<\/p>\n\t\t\t\t\t<\/div>\n\t\t\t\t\t<div class=\"entry-footer\">\n\t\t\t\t\t\t<a href=\"https:\/\/capvert.com.tn\/index.php\/2024\/02\/16\/projet-villa-nabeul\/\">Continuer la lecture...<\/a>\n\t\t\t\t\t<\/div>\n\t\t\t\t<\/div>\n\t\t\t<\/div><div class=\"item-latest-post clearfix  col-xs-6 col-sm-6 col-md-4\">\n\t\t\t\t<div class=\"entry-thumbnail\">\n\t\t\t\t\t<a href=\"https:\/\/capvert.com.tn\/index.php\/2023\/12\/18\/projet-meuble-cinq-etoile\/\"><img loading=\"lazy\" decoding=\"async\" width=\"370\" height=\"210\" src=\"https:\/\/capvert.com.tn\/wp-content\/uploads\/2023\/12\/meuble-cinq-etoile-370x210.jpg\" class=\"attachment-gardenhub-blog-grid-3-thumb size-gardenhub-blog-grid-3-thumb wp-post-image\" alt=\"\" srcset=\"https:\/\/capvert.com.tn\/wp-content\/uploads\/2023\/12\/meuble-cinq-etoile-370x210.jpg 370w, https:\/\/capvert.com.tn\/wp-content\/uploads\/2023\/12\/meuble-cinq-etoile-570x324.jpg 570w\" sizes=\"auto, (max-width: 370px) 100vw, 370px\" \/><\/a>\n\t\t\t\t\t<div class=\"entry-time\">\n\t\t\t\t\t\t<span class=\"day\">18<\/span>\n\t\t\t\t\t\t<span class=\"month\">D\u00e9c<\/span>\n\t\t\t\t\t<\/div>\n\t\t\t\t<\/div>\n\t\t\t\t<div class=\"entry-summary\">\n\t\t\t\t\t<div class=\"entry-header\">\n\t\t\t\t\t\t<div class=\"entry-meta\">\n\t\t\t\t\t\t\t<span class=\"meta posted-on\"><a href=\"https:\/\/capvert.com.tn\/index.php\/2023\/12\/18\/projet-meuble-cinq-etoile\/\" rel=\"bookmark\"><i class=\"fa fa-clock-o\"><\/i><time class=\"entry-date published updated\" datetime=\"2023-12-18T11:36:21+00:00\">d\u00e9cembre 18, 2023<\/time><\/a><\/span>\n\t\t\t\t\t\t\t<span class=\"author meta\"><a href=\"https:\/\/capvert.com.tn\/index.php\/author\/admin_cap24\/\"><i class=\"fa fa-user\" aria-hidden=\"true\"><\/i>CAP VERT<\/a><\/span>\n\t\t\t\t\t\t<\/div>\n\t\t\t\t\t\t<h2 class=\"entry-title\"><a href=\"https:\/\/capvert.com.tn\/index.php\/2023\/12\/18\/projet-meuble-cinq-etoile\/\">Projet Meuble Cinq Etoile<\/a><\/h2>\n\n\t\t\t\t\t<\/div>\n\t\t\t\t\t<div class=\"entry-content\">\n\t\t\t\t\t\t<p><\/p>\n\t\t\t\t\t<\/div>\n\t\t\t\t\t<div class=\"entry-footer\">\n\t\t\t\t\t\t<a href=\"https:\/\/capvert.com.tn\/index.php\/2023\/12\/18\/projet-meuble-cinq-etoile\/\">Continuer la lecture...<\/a>\n\t\t\t\t\t<\/div>\n\t\t\t\t<\/div>\n\t\t\t<\/div><\/div>\n\t\t<\/div>[\/vc_column_inner][\/vc_row_inner][\/vc_column][\/vc_row]<\/p>\n<\/div>","protected":false},"excerpt":{"rendered":"<p>[vc_row css=\u00a0\u00bb.vc_custom_1591437745453{padding-top: 70px !important;padding-bottom: 70px !important;}\u00a0\u00bb][vc_column width=\u00a0\u00bb1\/2&Prime;][vc_column_text css=\u00a0\u00bb.vc_custom_1601731518339{margin-top: 40px !important;padding-bottom: 20px !important;}\u00a0\u00bb] BIENVENUE \u00c0 CAP VERT En tant qu&rsquo;entreprise d\u2019am\u00e9nagement&hellip;<\/p>\n","protected":false},"author":1,"featured_media":0,"parent":0,"menu_order":0,"comment_status":"closed","ping_status":"closed","template":"template-fullwidth.php","meta":{"footnotes":""},"class_list":["post-76","page","type-page","status-publish","hentry",""],"_links":{"self":[{"href":"https:\/\/capvert.com.tn\/index.php\/wp-json\/wp\/v2\/pages\/76","targetHints":{"allow":["GET"]}}],"collection":[{"href":"https:\/\/capvert.com.tn\/index.php\/wp-json\/wp\/v2\/pages"}],"about":[{"href":"https:\/\/capvert.com.tn\/index.php\/wp-json\/wp\/v2\/types\/page"}],"author":[{"embeddable":true,"href":"https:\/\/capvert.com.tn\/index.php\/wp-json\/wp\/v2\/users\/1"}],"replies":[{"embeddable":true,"href":"https:\/\/capvert.com.tn\/index.php\/wp-json\/wp\/v2\/comments?post=76"}],"version-history":[{"count":0,"href":"https:\/\/capvert.com.tn\/index.php\/wp-json\/wp\/v2\/pages\/76\/revisions"}],"wp:attachment":[{"href":"https:\/\/capvert.com.tn\/index.php\/wp-json\/wp\/v2\/media?parent=76"}],"curies":[{"name":"wp","href":"https:\/\/api.w.org\/{rel}","templated":true}]}}