{"id":73,"date":"2017-06-12T04:35:29","date_gmt":"2017-06-12T04:35:29","guid":{"rendered":"http:\/\/demo2.steelthemes.com\/gardenhub\/?page_id=73"},"modified":"2022-01-14T10:33:00","modified_gmt":"2022-01-14T10:33:00","slug":"contact","status":"publish","type":"page","link":"https:\/\/capvert.com.tn\/index.php\/contact\/","title":{"rendered":"Contact"},"content":{"rendered":"<div class=\"wpb-content-wrapper\"><p>[vc_row css=\u00a0\u00bb.vc_custom_1496648745757{padding-top: 70px !important;padding-bottom: 80px !important;}\u00a0\u00bb][vc_column width=\u00a0\u00bb1\/3&Prime;]<div class=\"fh-section-title clearfix  text-left style-2 version-dark\"><div class=\"container\"><h2>D\u00e9tails  <span class=\"main-color\">Contact<\/span><\/h2><\/div><\/div>[vc_row_inner css=\u00a0\u00bb.vc_custom_1496648932484{padding-top: 40px !important;padding-bottom: 45px !important;}\u00a0\u00bb][vc_column_inner]<div class=\"fh-section-title clearfix  text-left style-2 version-dark\"><div class=\"container\"><h2>SIEGE SOCIAL  <span class=\"main-color\">BUREAU ET PEPINIERE<\/span><\/h2><\/div><\/div><div class=\"fh-contact-box  style-2\">\n\t\t\t\t\n                <div class=\"info\"><div class=\"info-item\"><span class=\"fh-icon\"><i class=\"flaticon-globe\"><\/i><\/span><div class=\"details\">Avenue Okba Ibnou Nafaa 8013 Maamoura-Nabeul , Tunisie<\/div><\/div><div class=\"info-item\"><span class=\"fh-icon\"><i class=\"fa fa-mobile-phone\"><\/i><\/span><div class=\"details\">+(216) 98 227 039 <\/div><\/div><div class=\"info-item\"><span class=\"fh-icon\"><i class=\"flaticon-phone-set\"><\/i><\/span><div class=\"details\">+(216) 72 369 453 <\/div><\/div><div class=\"info-item\"><span class=\"fh-icon\"><i class=\"fa fa-envelope-o\"><\/i><\/span><div class=\"details\">commercial@capvert.com.tn<\/div><\/div><div class=\"info-item\"><span class=\"fh-icon\"><i class=\"fa fa-map-marker\"><\/i><\/span><div class=\"details\">https:\/\/goo.gl\/maps\/LLzdrufjNijxfakG9<\/div><\/div><\/div>\n            <\/div>[\/vc_column_inner][\/vc_row_inner]<div class=\"fh-section-title clearfix  text-left style-2 version-dark\"><div class=\"container\"><h2>Heures  <span class=\"main-color\">d'ouverture<\/span><\/h2><\/div><\/div>[vc_column_text css=\u00a0\u00bb.vc_custom_1642156165357{padding-top: 40px !important;}\u00a0\u00bb]<\/p>\n<div class=\"wpb_wrapper\">\n<ul class=\"opening-hours vc_opening-hours\">\n<li>Lundi <span class=\"hour\">8:00 &#8211; 12.30\u00a0 14:00 &#8211; 17:00<\/span><\/li>\n<li>Mardi <span class=\"hour\">8:00 &#8211; 12.30\u00a0 14:00 &#8211; 17:00<\/span><\/li>\n<li>Mercredi <span class=\"hour\">8:00 &#8211; 12.30\u00a0 14:00 &#8211; 17:00<\/span><\/li>\n<li>Jeudi <span class=\"hour\">8:00 &#8211; 12.30\u00a0 14:00 &#8211; 17:00<\/span><\/li>\n<li>Vendredi <span class=\"hour\">8:00 &#8211; 12.30\u00a0 14:00 &#8211; 17:00<\/span><\/li>\n<li>Samedi <span class=\"hour\">8:00 &#8211; 12.30\u00a0 14:00 &#8211; 17:00<\/span><\/li>\n<li>Dimanche <span class=\"hour\">8:00 &#8211; 13:00\u00a0 \u00a0 \u00a0 \u00a0 \u00a0 \u00a0 \u00a0Ferm\u00e9\u00a0<\/span><\/li>\n<\/ul>\n<\/div>\n<p>[\/vc_column_text][\/vc_column][vc_column width=\u00a0\u00bb2\/3&Prime;]<div class=\"fh-section-title clearfix  text-left style-2 version-dark\"><div class=\"container\"><h2>Envoie-nous un  <span class=\"main-color\">Message<\/span><\/h2><\/div><\/div>[vc_row_inner css=\u00a0\u00bb.vc_custom_1496647938965{padding-top: 40px !important;}\u00a0\u00bb el_class=\u00a0\u00bbcontact-page\u00a0\u00bb][vc_column_inner][vc_column_text css=\u00a0\u00bb.vc_custom_1591107188177{padding-bottom: 30px !important;}\u00a0\u00bb]Nous avons r\u00e9cemment aid\u00e9 un service d&rsquo;am\u00e9nagement paysager de petite \u00e0 grande \u00e9chelle, donc si vous avez besoin d&rsquo;un service d&rsquo;am\u00e9nagement paysager ou de toute suggestion, veuillez demander \u00e0 nos experts, ils vous guideront d\u00e8s que possible.[\/vc_column_text]\n<div class=\"wpcf7 no-js\" id=\"wpcf7-f672-o1\" lang=\"en-US\" dir=\"ltr\" data-wpcf7-id=\"672\">\n<div class=\"screen-reader-response\"><p role=\"status\" aria-live=\"polite\" aria-atomic=\"true\"><\/p> <ul><\/ul><\/div>\n<form action=\"\/index.php\/wp-json\/wp\/v2\/pages\/73#wpcf7-f672-o1\" method=\"post\" class=\"wpcf7-form init\" aria-label=\"Contact form\" novalidate=\"novalidate\" data-status=\"init\">\n<fieldset class=\"hidden-fields-container\"><input type=\"hidden\" name=\"_wpcf7\" value=\"672\" \/><input type=\"hidden\" name=\"_wpcf7_version\" value=\"76.1.4\" \/><input type=\"hidden\" name=\"_wpcf7_locale\" value=\"en_US\" \/><input type=\"hidden\" name=\"_wpcf7_unit_tag\" value=\"wpcf7-f672-o1\" \/><input type=\"hidden\" name=\"_wpcf7_container_post\" value=\"0\" \/><input type=\"hidden\" name=\"_wpcf7_posted_data_hash\" value=\"\" \/><input type=\"hidden\" name=\"_wpcf7_recaptcha_response\" value=\"\" \/>\n<\/fieldset>\n<div class=\"fh-form fh-form-1\">\n\t<div class=\"row\">\n\t\t<div class=\"col-md-6 col-sm-12 col-xs-12\">\n\t\t\t<p class=\"field\"><span class=\"wpcf7-form-control-wrap\" data-name=\"your-name\"><input size=\"40\" maxlength=\"400\" class=\"wpcf7-form-control wpcf7-text wpcf7-validates-as-required\" aria-required=\"true\" aria-invalid=\"false\" placeholder=\"Votre Nom*\" value=\"\" type=\"text\" name=\"your-name\" \/><\/span>\n\t\t\t<\/p>\n\t\t\t<p class=\"field\"><span class=\"wpcf7-form-control-wrap\" data-name=\"your-phone\"><input size=\"40\" maxlength=\"400\" class=\"wpcf7-form-control wpcf7-text wpcf7-validates-as-required\" aria-required=\"true\" aria-invalid=\"false\" placeholder=\"Num\u00e9ro de t\u00e9l\u00e9phone*\" value=\"\" type=\"text\" name=\"your-phone\" \/><\/span>\n\t\t\t<\/p>\n\t\t<\/div>\n\t\t<div class=\"col-md-6 col-sm-12 col-xs-12\">\n\t\t\t<p class=\"field\"><span class=\"wpcf7-form-control-wrap\" data-name=\"your-email\"><input size=\"40\" maxlength=\"400\" class=\"wpcf7-form-control wpcf7-email wpcf7-validates-as-required wpcf7-text wpcf7-validates-as-email\" aria-required=\"true\" aria-invalid=\"false\" placeholder=\"Adresse Email*\" value=\"\" type=\"email\" name=\"your-email\" \/><\/span>\n\t\t\t<\/p>\n\t\t\t<p class=\"field\"><span class=\"wpcf7-form-control-wrap\" data-name=\"subject\"><input size=\"40\" maxlength=\"400\" class=\"wpcf7-form-control wpcf7-text\" aria-invalid=\"false\" placeholder=\"Sujet\" value=\"\" type=\"text\" name=\"subject\" \/><\/span>\n\t\t\t<\/p>\n\t\t<\/div>\n\t\t<div class=\"col-md-12 col-sm-12 col-xs-12\">\n\t\t\t<p class=\"field single-field\"><span class=\"wpcf7-form-control-wrap\" data-name=\"your-message\"><textarea cols=\"40\" rows=\"10\" maxlength=\"2000\" class=\"wpcf7-form-control wpcf7-textarea\" aria-invalid=\"false\" placeholder=\"Votre Message...\" name=\"your-message\"><\/textarea><\/span>\n\t\t\t<\/p>\n\t\t<\/div>\n\t\t<div class=\"col-md-12 col-sm-12 col-xs-12\">\n\t\t\n\t\t<\/div>\n\t\t<div class=\"col-md-4 col-sm-12 col-xs-12\">\n\t\t\t<p class=\"field submit\"><input class=\"wpcf7-form-control wpcf7-submit has-spinner fh-btn\" type=\"submit\" value=\"Envoyer\" \/>\n\t\t\t<\/p>\n\t\t<\/div>\n\t\t<div class=\"col-md-8 col-sm-12 col-xs-12 note\">\n\t\t\t<p><span class=\"main-color\">Note:<\/span> Nous ne faisons pas de spam et votre identifiant de messagerie est tr\u00e8s confidentiel.\n\t\t\t<\/p>\n\t\t<\/div>\n\t<\/div>\n<\/div><div class=\"wpcf7-response-output\" aria-hidden=\"true\"><\/div>\n<\/form>\n<\/div>\n[\/vc_column_inner][\/vc_row_inner][\/vc_column][\/vc_row][vc_row full_width=\u00a0\u00bbstretch_row_content_no_spaces\u00a0\u00bb disable_element=\u00a0\u00bbyes\u00a0\u00bb][vc_column]Something went wrong while retrieving your map, please ensure you have entered the short code correctly.[\/vc_column][\/vc_row][vc_row full_width=\u00a0\u00bbstretch_row_content_no_spaces\u00a0\u00bb][vc_column][vc_gmaps link=\u00a0\u00bb#E-8_JTNDaWZyYW1lJTIwc3JjJTNEJTIyaHR0cHMlM0ElMkYlMkZ3d3cuZ29vZ2xlLmNvbSUyRm1hcHMlMkZlbWJlZCUzRnBiJTNEJTIxMW0xOCUyMTFtMTIlMjExbTMlMjExZDMyMDguNjc4NDA4NDIwNDE5JTIxMmQxMC44MDYyNzg4MTUyNTAzOSUyMTNkMzYuNDY1MzI3MzgwMDE4OTMlMjEybTMlMjExZjAlMjEyZjAlMjEzZjAlMjEzbTIlMjExaTEwMjQlMjEyaTc2OCUyMTRmMTMuMSUyMTNtMyUyMTFtMiUyMTFzMHgxMzAyYmRjNzY0YTYwNDhkJTI1M0EweGJiM2E0ODNiNmQ2YjlhYzklMjEyc0NhcCUyNTIwVmVydCUyNTIwTWFhbW91cmElMjE1ZTAlMjEzbTIlMjExc2ZyJTIxMnN0biUyMTR2MTU5MTEwNjY0NDI5OCUyMTVtMiUyMTFzZnIlMjEyc3RuJTIyJTIwd2lkdGglM0QlMjI2MDAlMjIlMjBoZWlnaHQlM0QlMjI0NTAlMjIlMjBmcmFtZWJvcmRlciUzRCUyMjAlMjIlMjBzdHlsZSUzRCUyMmJvcmRlciUzQTAlM0IlMjIlMjBhbGxvd2Z1bGxzY3JlZW4lM0QlMjIlMjIlMjBhcmlhLWhpZGRlbiUzRCUyMmZhbHNlJTIyJTIwdGFiaW5kZXglM0QlMjIwJTIyJTNFJTNDJTJGaWZyYW1lJTNF\u00a0\u00bb][\/vc_column][\/vc_row][vc_row][vc_column][vc_column_text][\/vc_column_text][\/vc_column][\/vc_row]<\/p>\n<\/div>","protected":false},"excerpt":{"rendered":"<p>[vc_row css=\u00a0\u00bb.vc_custom_1496648745757{padding-top: 70px !important;padding-bottom: 80px !important;}\u00a0\u00bb][vc_column width=\u00a0\u00bb1\/3&Prime;][vc_row_inner css=\u00a0\u00bb.vc_custom_1496648932484{padding-top: 40px !important;padding-bottom: 45px !important;}\u00a0\u00bb][vc_column_inner][\/vc_column_inner][\/vc_row_inner][vc_column_text css=\u00a0\u00bb.vc_custom_1642156165357{padding-top: 40px !important;}\u00a0\u00bb] Lundi 8:00 &#8211; 12.30\u00a0 14:00&hellip;<\/p>\n","protected":false},"author":1,"featured_media":0,"parent":0,"menu_order":0,"comment_status":"closed","ping_status":"closed","template":"template-fullwidth.php","meta":{"footnotes":""},"class_list":["post-73","page","type-page","status-publish","hentry","no-thumb"],"_links":{"self":[{"href":"https:\/\/capvert.com.tn\/index.php\/wp-json\/wp\/v2\/pages\/73","targetHints":{"allow":["GET"]}}],"collection":[{"href":"https:\/\/capvert.com.tn\/index.php\/wp-json\/wp\/v2\/pages"}],"about":[{"href":"https:\/\/capvert.com.tn\/index.php\/wp-json\/wp\/v2\/types\/page"}],"author":[{"embeddable":true,"href":"https:\/\/capvert.com.tn\/index.php\/wp-json\/wp\/v2\/users\/1"}],"replies":[{"embeddable":true,"href":"https:\/\/capvert.com.tn\/index.php\/wp-json\/wp\/v2\/comments?post=73"}],"version-history":[{"count":0,"href":"https:\/\/capvert.com.tn\/index.php\/wp-json\/wp\/v2\/pages\/73\/revisions"}],"wp:attachment":[{"href":"https:\/\/capvert.com.tn\/index.php\/wp-json\/wp\/v2\/media?parent=73"}],"curies":[{"name":"wp","href":"https:\/\/api.w.org\/{rel}","templated":true}]}}