{"id":125,"date":"2017-06-12T08:36:06","date_gmt":"2017-06-12T08:36:06","guid":{"rendered":"http:\/\/demo2.steelthemes.com\/gardenhub\/?page_id=125"},"modified":"2026-03-18T03:04:28","modified_gmt":"2026-03-18T03:04:28","slug":"services","status":"publish","type":"page","link":"https:\/\/capvert.com.tn\/index.php\/services\/","title":{"rendered":"Services"},"content":{"rendered":"<div class=\"wpb-content-wrapper\"><p>[vc_section][vc_row full_width=\u00a0\u00bbstretch_row_content_no_spaces\u00a0\u00bb][vc_column width=\u00a0\u00bb1\/2&Prime; css=\u00a0\u00bb.vc_custom_1598975753578{padding-top: 20% !important;padding-right: 5% !important;padding-bottom: 20% !important;padding-left: 5% !important;background-image: url(https:\/\/capvert.com.tn\/wp-content\/uploads\/2020\/09\/services1.jpg?id=1162) !important;background-position: center !important;background-repeat: no-repeat !important;background-size: cover !important;}\u00a0\u00bb][vc_column_text]<\/p>\n<h3><span style=\"color: #ffffff;\"><strong>Bureau d\u2019\u00e9tudes<\/strong><\/span><\/h3>\n<p><span style=\"color: #ffffff;\">Le bureau d\u2019\u00e9tudes de la soci\u00e9t\u00e9 CAP VERT r\u00e9alise l\u2019\u00e9tude de votre projet d\u2019am\u00e9nagement de parc et jardin. A l\u2019aide d\u2019un logiciel de mod\u00e9lisation 3D sp\u00e9cifique au m\u00e9tier du paysage.<\/span>[\/vc_column_text][vc_btn title=\u00a0\u00bbEn savoir plus\u00a0\u00bb style=\u00a0\u00bboutline-custom\u00a0\u00bb outline_custom_color=\u00a0\u00bb#ffffff\u00a0\u00bb outline_custom_hover_background=\u00a0\u00bb#67a212&Prime; outline_custom_hover_text=\u00a0\u00bb#ffffff\u00a0\u00bb css=\u00a0\u00bb.vc_custom_1599045691528{margin-top: 32px !important;}\u00a0\u00bb link=\u00a0\u00bburl:https%3A%2F%2Fcapvert.com.tn%2Findex.php%2Fservice%2Fbureau-detudes%2F|title:Bureau%20d%E2%80%99%C3%A9tudes||\u00a0\u00bb][\/vc_column][vc_column width=\u00a0\u00bb1\/2&Prime; css=\u00a0\u00bb.vc_custom_1598975989646{padding-top: 20% !important;padding-right: 5% !important;padding-bottom: 20% !important;padding-left: 5% !important;background-image: url(https:\/\/capvert.com.tn\/wp-content\/uploads\/2020\/09\/services2.jpg?id=1164) !important;}\u00a0\u00bb][vc_column_text]<\/p>\n<h3><span style=\"color: #ffffff;\"><strong>Conception de parcs et jardins en 3d<\/strong><\/span><\/h3>\n<p><span style=\"color: #ffffff;\">Chaque projet d\u2019am\u00e9nagement paysager est con\u00e7u en 3D pour vous offrir une vision unique \u00e0 360\u00b0 en totale immersion. Projetez-vous dans votre futur jardin gr\u00e2ce \u00e0 la 3D.<\/span>[\/vc_column_text][vc_btn title=\u00a0\u00bbEn savoir plus\u00a0\u00bb style=\u00a0\u00bboutline-custom\u00a0\u00bb outline_custom_color=\u00a0\u00bb#ffffff\u00a0\u00bb outline_custom_hover_background=\u00a0\u00bb#67a212&Prime; outline_custom_hover_text=\u00a0\u00bb#ffffff\u00a0\u00bb css=\u00a0\u00bb.vc_custom_1599047080177{margin-top: 32px !important;}\u00a0\u00bb link=\u00a0\u00bburl:https%3A%2F%2Fcapvert.com.tn%2Findex.php%2Fservice%2Fconception-de-parcs-et-jardins-en-3d%2F|title:Conception%20de%20parcs%20et%20jardins%20en%203d||\u00a0\u00bb][\/vc_column][\/vc_row][vc_row full_width=\u00a0\u00bbstretch_row_content_no_spaces\u00a0\u00bb][vc_column width=\u00a0\u00bb1\/2&Prime; css=\u00a0\u00bb.vc_custom_1602091816421{padding-top: 20% !important;padding-right: 5% !important;padding-bottom: 25% !important;padding-left: 5% !important;background-image: url(https:\/\/capvert.com.tn\/wp-content\/uploads\/2020\/09\/services5.jpg?id=1175) !important;background-position: center !important;background-repeat: no-repeat !important;background-size: cover !important;}\u00a0\u00bb][vc_column_text]<\/p>\n<h3><span style=\"color: #ffffff;\"><strong>Am\u00e9nagements des espaces verts<\/strong><\/span><\/h3>\n<p><span style=\"color: #ffffff;\">Professionnels qualifi\u00e9s de l\u2019am\u00e9nagement des parcs et jardins, nos \u00e9quipes de CAP VERT effectuent tous les travaux de plantation d\u2019arbre, de pose du gazon , fertilisation, traitement phytosanitaire, l\u2019entreprise CAP VERT offre un service de grande qualit\u00e9 adapt\u00e9 aux particuliers, syndics d\u2019immeubles, promoteurs, entreprises, collectivit\u00e9s, institutions, h\u00f4tels, restaurant&#8230;<\/span>[\/vc_column_text][vc_btn title=\u00a0\u00bbEn savoir plus\u00a0\u00bb style=\u00a0\u00bboutline-custom\u00a0\u00bb outline_custom_color=\u00a0\u00bb#ffffff\u00a0\u00bb outline_custom_hover_background=\u00a0\u00bb#67a212&Prime; outline_custom_hover_text=\u00a0\u00bb#ffffff\u00a0\u00bb css=\u00a0\u00bb.vc_custom_1599047130157{margin-top: 32px !important;}\u00a0\u00bb link=\u00a0\u00bburl:https%3A%2F%2Fcapvert.com.tn%2Findex.php%2Fservice%2Famenagement-des-espaces-verts%2F|title:Am%C3%A9nagement%20des%20espaces%20verts||\u00a0\u00bb][\/vc_column][vc_column width=\u00a0\u00bb1\/2&Prime; css=\u00a0\u00bb.vc_custom_1602091786375{padding-top: 20% !important;padding-right: 5% !important;padding-bottom: 25% !important;padding-left: 5% !important;background-image: url(https:\/\/capvert.com.tn\/wp-content\/uploads\/2020\/09\/services4.jpg?id=1170) !important;}\u00a0\u00bb][vc_column_text]<\/p>\n<h3><span style=\"color: #ffffff;\"><strong>Arrosage automatique<\/strong><\/span><\/h3>\n<p><span style=\"color: #ffffff;\">L\u2019entreprise CAP VERT propose et installe des syst\u00e8mes d\u2019irrigation, arrosage automatique et goutte \u00e0 goutte en ad\u00e9quation avec tous les espaces paysagers, du petit jardin urbain au vaste domaine.<br \/>\nLa soci\u00e9t\u00e9 CAP VERT s\u2019engage \u00e0 fournir des syst\u00e8mes d\u2019arrosage \u00e9cologique et \u00e9conomique.<\/span>[\/vc_column_text][vc_btn title=\u00a0\u00bbEn savoir plus\u00a0\u00bb style=\u00a0\u00bboutline-custom\u00a0\u00bb outline_custom_color=\u00a0\u00bb#ffffff\u00a0\u00bb outline_custom_hover_background=\u00a0\u00bb#67a212&Prime; outline_custom_hover_text=\u00a0\u00bb#ffffff\u00a0\u00bb css=\u00a0\u00bb.vc_custom_1599047168787{margin-top: 32px !important;}\u00a0\u00bb link=\u00a0\u00bburl:https%3A%2F%2Fcapvert.com.tn%2Findex.php%2Fservice%2Farrosage-automatique%2F|title:Arrosage%20automatique||\u00a0\u00bb][\/vc_column][\/vc_row][vc_row full_width=\u00a0\u00bbstretch_row_content_no_spaces\u00a0\u00bb][vc_column width=\u00a0\u00bb1\/2&Prime; css=\u00a0\u00bb.vc_custom_1602091524941{padding-top: 20% !important;padding-right: 5% !important;padding-bottom: 20% !important;padding-left: 5% !important;background-image: url(https:\/\/capvert.com.tn\/wp-content\/uploads\/2020\/09\/services6.jpg?id=1184) !important;background-position: center !important;background-repeat: no-repeat !important;background-size: cover !important;}\u00a0\u00bb][vc_column_text]<\/p>\n<h3><span style=\"color: #ffffff;\"><strong>Pepiniere<\/strong><\/span><\/h3>\n<p><span style=\"color: #ffffff;\">Depuis 2000, la P\u00e9pini\u00e8res Maamoura est devenue une r\u00e9f\u00e9rence incontournable de la r\u00e9gion Tunisienne avec 12 hectares de production, une jardinerie de 7 000 m\u00b2 et une vente en ligne. . Nous organisons r\u00e9guli\u00e8rement des ateliers et formations pour les personnes d\u00e9sirant apprendre ou r\u00e9apprendre les techniques de jardinage (taille, rempotage, plantation, semis, bouturage, greffage).<\/span>[\/vc_column_text][vc_btn title=\u00a0\u00bbEn savoir plus\u00a0\u00bb style=\u00a0\u00bboutline-custom\u00a0\u00bb outline_custom_color=\u00a0\u00bb#ffffff\u00a0\u00bb outline_custom_hover_background=\u00a0\u00bb#67a212&Prime; outline_custom_hover_text=\u00a0\u00bb#ffffff\u00a0\u00bb css=\u00a0\u00bb.vc_custom_1602091193444{margin-top: 32px !important;}\u00a0\u00bb link=\u00a0\u00bburl:https%3A%2F%2Fcapvert.com.tn%2Findex.php%2Fservice%2Fpepiniere%2F|title:P%C3%A9piniere||\u00a0\u00bb][\/vc_column][vc_column width=\u00a0\u00bb1\/2&Prime; css=\u00a0\u00bb.vc_custom_1602092006190{padding-top: 20% !important;padding-right: 5% !important;padding-bottom: 25% !important;padding-left: 5% !important;background-image: url(https:\/\/capvert.com.tn\/wp-content\/uploads\/2020\/10\/IMG_3879.jpg?id=1542) !important;background-position: center !important;background-repeat: no-repeat !important;background-size: cover !important;}\u00a0\u00bb][vc_column_text css=\u00a0\u00bb\u00a0\u00bb]<\/p>\n<h3><span style=\"color: #ffffff;\">Mobilier urbain<\/span><\/h3>\n<p><span style=\"color: #ffffff;\">Vous cherchez \u00e0 apporter un peu de verdure sur votre terrasse, mettre en valeur vos plus belles compositions de plantes et arbustes et donner du style \u00e0 votre maison ? Optez pour nos bacs \u00e0 fleurs et jardini\u00e8res, \u00e9l\u00e9ments incontournables d&rsquo;am\u00e9nagement et de d\u00e9coration pour vos espaces ext\u00e9rieurs.<\/span><\/p>\n<p>Aujourd\u2019hui, de nombreux passionn\u00e9s de jardinage aiment \u00e9galement photographier leurs am\u00e9nagements paysagers et leurs compositions florales avec leur smartphone afin de partager leurs r\u00e9alisations. Lors des travaux de jardinage ou d\u2019entretien ext\u00e9rieur, il peut \u00eatre utile de prot\u00e9ger son t\u00e9l\u00e9phone avec des accessoires adapt\u00e9s comme une <a href=\"https:\/\/www.handycoverhub.de\/produkt-kategorie\/apple\/\">iphone h\u00fclle<\/a>, afin d\u2019\u00e9viter les chocs ou les rayures pendant les activit\u00e9s dans le jardin.<\/p>\n<p>&nbsp;<\/p>\n<p>[\/vc_column_text][vc_btn title=\u00a0\u00bbEn savoir plus\u00a0\u00bb style=\u00a0\u00bboutline-custom\u00a0\u00bb outline_custom_color=\u00a0\u00bb#f4f4f4&Prime; outline_custom_hover_background=\u00a0\u00bb#5a9610&Prime; outline_custom_hover_text=\u00a0\u00bb#ffffff\u00a0\u00bb link=\u00a0\u00bburl:https%3A%2F%2Fcapvert.com.tn%2Findex.php%2Fservice%2Fmobilier-urbain%2F|||\u00a0\u00bb][\/vc_column][vc_column][\/vc_column][\/vc_row][\/vc_section]<\/p>\n<\/div>","protected":false},"excerpt":{"rendered":"<p>[vc_section][vc_row full_width=\u00a0\u00bbstretch_row_content_no_spaces\u00a0\u00bb][vc_column width=\u00a0\u00bb1\/2&Prime; css=\u00a0\u00bb.vc_custom_1598975753578{padding-top: 20% !important;padding-right: 5% !important;padding-bottom: 20% !important;padding-left: 5% !important;background-image: url(https:\/\/capvert.com.tn\/wp-content\/uploads\/2020\/09\/services1.jpg?id=1162) !important;background-position: center !important;background-repeat: no-repeat !important;background-size: cover !important;}\u00a0\u00bb][vc_column_text]&hellip;<\/p>\n","protected":false},"author":1,"featured_media":0,"parent":0,"menu_order":0,"comment_status":"closed","ping_status":"closed","template":"template-fullwidth.php","meta":{"footnotes":""},"class_list":["post-125","page","type-page","status-publish","hentry","no-thumb"],"_links":{"self":[{"href":"https:\/\/capvert.com.tn\/index.php\/wp-json\/wp\/v2\/pages\/125","targetHints":{"allow":["GET"]}}],"collection":[{"href":"https:\/\/capvert.com.tn\/index.php\/wp-json\/wp\/v2\/pages"}],"about":[{"href":"https:\/\/capvert.com.tn\/index.php\/wp-json\/wp\/v2\/types\/page"}],"author":[{"embeddable":true,"href":"https:\/\/capvert.com.tn\/index.php\/wp-json\/wp\/v2\/users\/1"}],"replies":[{"embeddable":true,"href":"https:\/\/capvert.com.tn\/index.php\/wp-json\/wp\/v2\/comments?post=125"}],"version-history":[{"count":0,"href":"https:\/\/capvert.com.tn\/index.php\/wp-json\/wp\/v2\/pages\/125\/revisions"}],"wp:attachment":[{"href":"https:\/\/capvert.com.tn\/index.php\/wp-json\/wp\/v2\/media?parent=125"}],"curies":[{"name":"wp","href":"https:\/\/api.w.org\/{rel}","templated":true}]}}