{"id":123,"date":"2017-06-12T08:35:06","date_gmt":"2017-06-12T08:35:06","guid":{"rendered":"http:\/\/demo2.steelthemes.com\/gardenhub\/?page_id=123"},"modified":"2017-06-12T08:35:06","modified_gmt":"2017-06-12T08:35:06","slug":"testimonials","status":"publish","type":"page","link":"https:\/\/capvert.com.tn\/index.php\/testimonials\/","title":{"rendered":"Testimonials"},"content":{"rendered":"<div class=\"wpb-content-wrapper\"><p>[vc_row css=\u00a0\u00bb.vc_custom_1497500905935{padding-top: 80px !important;padding-bottom: 50px !important;}\u00a0\u00bb][vc_column]<div class=\"fh-testimonials  style-1\">\n\t\t\t\t<div class=\"testi-list row\" >\n\t\t\t\t<div class=\"testi-item col-xs-12 col-sm-6 col-md-4\">\n\t\t\t\t\t<div class=\"testi-content\">\n\t\t\t\t\t\t<span class=\"fh-icon\"><i class=\"flaticon-left-quote-sketch\"><\/i><\/span>\n\t\t\t\t\t\t\n                        <div class=\"testi-des\">je suis content de votre de votre travail attentif . votre \u00e9quipe est tr\u00e8s s\u00e9rieux et surtout ponctuel. je recommande&hellip;<\/div>\n                        <div class=\"info clearfix\">\n\t\t\t\t\t\t\t<div class=\"testi-star\"><i class=\"fa fa-star fa-md\"><\/i><i class=\"fa fa-star fa-md\"><\/i><i class=\"fa fa-star fa-md\"><\/i><i class=\"fa fa-star fa-md\"><\/i><i class=\"fa fa-star fa-md\"><\/i><\/div>\n\t\t\t\t\t\t\t<h4 class=\"testi-name\">Promoteur immobilier<\/h4>\n\t\t\t\t\t\t\t<span class=\"testi-job\">Professionnel<\/span>\n\t\t\t\t\t\t<\/div>\n\t\t\t\t\t<\/div>\n                <\/div>\n\t\t\t\t<div class=\"testi-item col-xs-12 col-sm-6 col-md-4\">\n\t\t\t\t\t<div class=\"testi-content\">\n\t\t\t\t\t\t<span class=\"fh-icon\"><i class=\"flaticon-left-quote-sketch\"><\/i><\/span>\n\t\t\t\t\t\t\n                        <div class=\"testi-des\">Tr\u00e8s contente de ma livraison, \u00e9quipe r\u00e9active et s\u00e9rieuse . Bonne continuation<\/div>\n                        <div class=\"info clearfix\">\n\t\t\t\t\t\t\t<div class=\"testi-star\"><i class=\"fa fa-star fa-md\"><\/i><i class=\"fa fa-star fa-md\"><\/i><i class=\"fa fa-star fa-md\"><\/i><i class=\"fa fa-star fa-md\"><\/i><i class=\"fa fa-star fa-md\"><\/i><\/div>\n\t\t\t\t\t\t\t<h4 class=\"testi-name\">Mme Sonia Bouaziz Menaa<\/h4>\n\t\t\t\t\t\t\t<span class=\"testi-job\">Particulier<\/span>\n\t\t\t\t\t\t<\/div>\n\t\t\t\t\t<\/div>\n                <\/div>\n\t\t\t\t<div class=\"testi-item col-xs-12 col-sm-6 col-md-4\">\n\t\t\t\t\t<div class=\"testi-content\">\n\t\t\t\t\t\t<span class=\"fh-icon\"><i class=\"flaticon-left-quote-sketch\"><\/i><\/span>\n\t\t\t\t\t\t\n                        <div class=\"testi-des\">Un service parfait, un personnel s\u00e9rieux bon courage et surtout gardez ce niveau. Je vous recommande fortement.<\/div>\n                        <div class=\"info clearfix\">\n\t\t\t\t\t\t\t<div class=\"testi-star\"><i class=\"fa fa-star fa-md\"><\/i><i class=\"fa fa-star fa-md\"><\/i><i class=\"fa fa-star fa-md\"><\/i><i class=\"fa fa-star fa-md\"><\/i><i class=\"fa fa-star fa-md\"><\/i><\/div>\n\t\t\t\t\t\t\t<h4 class=\"testi-name\">Mme Myriam Chihaoui<\/h4>\n\t\t\t\t\t\t\t<span class=\"testi-job\">Particulier<\/span>\n\t\t\t\t\t\t<\/div>\n\t\t\t\t\t<\/div>\n                <\/div><\/div>\n\t\t\t<\/div>[\/vc_column][\/vc_row]<\/p>\n<\/div>","protected":false},"excerpt":{"rendered":"<p>[vc_row css=\u00a0\u00bb.vc_custom_1497500905935{padding-top: 80px !important;padding-bottom: 50px !important;}\u00a0\u00bb][vc_column][\/vc_column][\/vc_row]<\/p>\n","protected":false},"author":1,"featured_media":0,"parent":0,"menu_order":0,"comment_status":"closed","ping_status":"closed","template":"template-fullwidth.php","meta":{"footnotes":""},"class_list":["post-123","page","type-page","status-publish","hentry","no-thumb"],"_links":{"self":[{"href":"https:\/\/capvert.com.tn\/index.php\/wp-json\/wp\/v2\/pages\/123","targetHints":{"allow":["GET"]}}],"collection":[{"href":"https:\/\/capvert.com.tn\/index.php\/wp-json\/wp\/v2\/pages"}],"about":[{"href":"https:\/\/capvert.com.tn\/index.php\/wp-json\/wp\/v2\/types\/page"}],"author":[{"embeddable":true,"href":"https:\/\/capvert.com.tn\/index.php\/wp-json\/wp\/v2\/users\/1"}],"replies":[{"embeddable":true,"href":"https:\/\/capvert.com.tn\/index.php\/wp-json\/wp\/v2\/comments?post=123"}],"version-history":[{"count":0,"href":"https:\/\/capvert.com.tn\/index.php\/wp-json\/wp\/v2\/pages\/123\/revisions"}],"wp:attachment":[{"href":"https:\/\/capvert.com.tn\/index.php\/wp-json\/wp\/v2\/media?parent=123"}],"curies":[{"name":"wp","href":"https:\/\/api.w.org\/{rel}","templated":true}]}}